{"id":107,"date":"2024-03-05T11:04:18","date_gmt":"2024-03-05T11:04:18","guid":{"rendered":"http:\/\/apartmentsroc.com\/?page_id=107"},"modified":"2024-09-25T14:03:00","modified_gmt":"2024-09-25T14:03:00","slug":"airport-transfers-to-st-jean-daulps","status":"publish","type":"page","link":"https:\/\/apartmentsroc.com\/fr\/airport-transfers-to-st-jean-daulps\/","title":{"rendered":"Transferts de l'a\u00e9roport \u00e0 St Jean d'Aulps"},"content":{"rendered":"<div data-elementor-type=\"wp-page\" data-elementor-id=\"107\" class=\"elementor elementor-107\">\n\t\t\t\t<div class=\"elementor-element elementor-element-a3c4937 e-flex e-con-boxed e-con e-parent\" data-id=\"a3c4937\" data-element_type=\"container\" data-e-type=\"container\">\n\t\t\t\t\t<div class=\"e-con-inner\">\n\t\t\t\t<div class=\"elementor-element elementor-element-4151614 elementor-widget elementor-widget-heading\" data-id=\"4151614\" data-element_type=\"widget\" data-e-type=\"widget\" data-widget_type=\"heading.default\">\n\t\t\t\t<div class=\"elementor-widget-container\">\n\t\t\t\t\t<h1 class=\"elementor-heading-title elementor-size-default\">Airport Transfers To St.Jean d'Aulps<\/h1>\t\t\t\t<\/div>\n\t\t\t\t<\/div>\n\t\t\t\t\t<\/div>\n\t\t\t\t<\/div>\n\t\t<div class=\"elementor-element elementor-element-6bf7e43d e-flex e-con-boxed e-con e-parent\" data-id=\"6bf7e43d\" data-element_type=\"container\" data-e-type=\"container\">\n\t\t\t\t\t<div class=\"e-con-inner\">\n\t\t\t\t<div class=\"elementor-element elementor-element-bad6aa0 elementor-widget elementor-widget-text-editor\" data-id=\"bad6aa0\" data-element_type=\"widget\" data-e-type=\"widget\" data-widget_type=\"text-editor.default\">\n\t\t\t\t<div class=\"elementor-widget-container\">\n\t\t\t\t\t\t\t\t\t<p>Si vous s\u00e9journez dans St Jean d\u2019Aulps et que vous ne conduisez pas, vous pouvez r\u00e9server un transfert vers et depuis Gen\u00e8ve. <strong><a href=\"https:\/\/apartmentsroc.com\/fr\/apartments-in-st-jean-d-aulps\/\">visiting us this coming season<\/a><\/strong> and not driving, you must book a airport transfers to St.Jean d&#8217;Aulps.<\/p>\n<p><!-- \/wp:paragraph --><!-- wp:paragraph --><\/p>\n<p>Il existe beaucoup d' entreprises qui op\u00e8rent au niveau local, ce qui rend difficile le choix de l\u2019une d\u2019entre elles. Cependant, nous pouvons vous recommander les meilleures entreprises gr\u00e2ce \u00e0 notre exp\u00e9rience.<\/p>\t\t\t\t\t\t\t\t<\/div>\n\t\t\t\t<\/div>\n\t\t\t\t<div class=\"elementor-element elementor-element-090b50a elementor-widget elementor-widget-heading\" data-id=\"090b50a\" data-element_type=\"widget\" data-e-type=\"widget\" data-widget_type=\"heading.default\">\n\t\t\t\t<div class=\"elementor-widget-container\">\n\t\t\t\t\t<h2 class=\"elementor-heading-title elementor-size-default\">Booking Airport Transfers To St.Jean d'Aulps<\/h2>\t\t\t\t<\/div>\n\t\t\t\t<\/div>\n\t\t<div class=\"elementor-element elementor-element-ad20962 e-grid e-con-boxed e-con e-child\" data-id=\"ad20962\" data-element_type=\"container\" data-e-type=\"container\">\n\t\t\t\t\t<div class=\"e-con-inner\">\n\t\t\t\t<div class=\"elementor-element elementor-element-27a088d elementor-widget elementor-widget-image\" data-id=\"27a088d\" data-element_type=\"widget\" data-e-type=\"widget\" data-widget_type=\"image.default\">\n\t\t\t\t<div class=\"elementor-widget-container\">\n\t\t\t\t\t\t\t\t\t\t\t\t\t\t\t<img fetchpriority=\"high\" decoding=\"async\" width=\"500\" height=\"500\" src=\"https:\/\/apartmentsroc.com\/wp-content\/uploads\/2024\/03\/Airport-Transfers-To-St.Jean-dAulps.jpg\" class=\"attachment-large size-large wp-image-483\" alt=\"Airport Transfers To St.Jean d&#039;Aulps- skiidigonzales van\" srcset=\"https:\/\/apartmentsroc.com\/wp-content\/uploads\/2024\/03\/Airport-Transfers-To-St.Jean-dAulps.jpg 500w, https:\/\/apartmentsroc.com\/wp-content\/uploads\/2024\/03\/Airport-Transfers-To-St.Jean-dAulps-300x300.jpg 300w, https:\/\/apartmentsroc.com\/wp-content\/uploads\/2024\/03\/Airport-Transfers-To-St.Jean-dAulps-150x150.jpg 150w, https:\/\/apartmentsroc.com\/wp-content\/uploads\/2024\/03\/Airport-Transfers-To-St.Jean-dAulps-12x12.jpg 12w\" sizes=\"(max-width: 500px) 100vw, 500px\" \/>\t\t\t\t\t\t\t\t\t\t\t\t\t\t\t<\/div>\n\t\t\t\t<\/div>\n\t\t\t\t<div class=\"elementor-element elementor-element-aad88a1 elementor-widget elementor-widget-text-editor\" data-id=\"aad88a1\" data-element_type=\"widget\" data-e-type=\"widget\" data-widget_type=\"text-editor.default\">\n\t\t\t\t<div class=\"elementor-widget-container\">\n\t\t\t\t\t\t\t\t\t<p>Premi\u00e8rement, nous vous recommandons Skiidy Gonzales <a href=\"https:\/\/www.skiidygonzales.com\/en\"><strong>Skiidy Gonzales<\/strong><\/a>Cette entreprise op\u00e8re \u00e0 partir de Morzine depuis de nombreuses ann\u00e9es. Ils ont une r\u00e9putation de fiabilit\u00e9, d\u2019efficacit\u00e9 et de service sans stress.\u00a0<\/p>\n<p><!-- \/wp:paragraph --><!-- wp:paragraph --><\/p>\n<p>En plus, ils disposent de beaucoup de buses de transfert, ce qui leur permet d\u2019offrir une certaine flexibilit\u00e9 en ce qui concerne les heures de prises en charge et de d\u00e9pose.<\/p>\n<p><!-- \/wp:paragraph --><!-- wp:paragraph --><\/p>\n<p>La majorit\u00e9 des compagnies de transferts que nous recommandons proposent  des transferts priv\u00e9s; cela signifie que vous disposez de l\u2019ensemble du bus de transfert pour vous seul, qui peut accueillir jusqu'\u00e0 8 personnes. L\u2019avantage est que vous n\u2019avez pas d\u2019attendre d\u2019autres passagers \u00e0 l\u2019a\u00e9roport et que vous arrivez directement \u00e0 votre location; c\u2019est un processus beaucoup plus rapide.<\/p>\n<p><!-- \/wp:paragraph --><!-- wp:paragraph --><\/p>\n<p>Avec votre r\u00e9servation, indiquez \u00e0 votre compagnie de transfert si vous apportez vos skis, votre snowboard, ou votre v\u00e9lo!<\/p>\t\t\t\t\t\t\t\t<\/div>\n\t\t\t\t<\/div>\n\t\t\t\t\t<\/div>\n\t\t\t\t<\/div>\n\t\t\t\t<div class=\"elementor-element elementor-element-3d6193f elementor-widget elementor-widget-heading\" data-id=\"3d6193f\" data-element_type=\"widget\" data-e-type=\"widget\" data-widget_type=\"heading.default\">\n\t\t\t\t<div class=\"elementor-widget-container\">\n\t\t\t\t\t<h2 class=\"elementor-heading-title elementor-size-default\">Autres services de transfert a\u00e9roportuaire recommand\u00e9s<\/h2>\t\t\t\t<\/div>\n\t\t\t\t<\/div>\n\t\t\t\t<div class=\"elementor-element elementor-element-b4ecaef elementor-widget elementor-widget-text-editor\" data-id=\"b4ecaef\" data-element_type=\"widget\" data-e-type=\"widget\" data-widget_type=\"text-editor.default\">\n\t\t\t\t<div class=\"elementor-widget-container\">\n\t\t\t\t\t\t\t\t\t<p class=\"has-text-align-center\"><a href=\"https:\/\/morzinelink.com\/\">Morzine Link<\/a> +33 (0) 6 31 39 99 31<\/p>\n<p><!-- \/wp:paragraph --><!-- wp:paragraph {\"align\":\"center\"} --><\/p>\n<p class=\"has-text-align-center\"><a href=\"https:\/\/taxi-morzine.com\/\">Taxi Morzine <\/a>+33 (0) 6 77 41 16 64<\/p>\n<p><!-- \/wp:paragraph --><!-- wp:paragraph {\"align\":\"center\"} --><\/p>\n<p class=\"has-text-align-center\"><a href=\"https:\/\/a2ski.co.uk\/\">A2Ski<\/a> +33 (0) 6 46 89 96 11<\/p>\n<p><!-- \/wp:paragraph --><!-- wp:paragraph {\"align\":\"center\"} --><\/p>\n<p class=\"has-text-align-center\"><a href=\"https:\/\/powdercab.com\/\">Powder cabs<\/a> +33 (0) 6 72 99 19 48<\/p>\n<p><!-- \/wp:paragraph --><!-- wp:paragraph {\"align\":\"center\"} --><\/p>\n<p class=\"has-text-align-center\"><a href=\"https:\/\/getawayvans.com\/\">Getaway Vans<\/a> +33 (0) 6 40 32 21 84<\/p>\n<p><!-- \/wp:paragraph --><!-- wp:paragraph {\"align\":\"center\"} --><\/p>\n<p class=\"has-text-align-center\"><a href=\"https:\/\/www.ski-lifts.com\/transfers\/morzine\/\">Ski Lifts<\/a> +44 (0) 20 8819 7950<\/p>\n<p><!-- \/wp:paragraph --><!-- wp:paragraph {\"align\":\"center\"} --><\/p>\n<p class=\"has-text-align-center\"><a href=\"https:\/\/mountainbuscompany.com\/\">Mountain Bus<\/a> +33 (0) 620 719 844<\/p>\n<p><!-- \/wp:paragraph --><!-- wp:paragraph {\"align\":\"center\"} --><\/p>\n<p class=\"has-text-align-center\"><a href=\"https:\/\/morzinebus.co.uk\/\">Morzine Bus<\/a> +33 640 924 619<\/p>\t\t\t\t\t\t\t\t<\/div>\n\t\t\t\t<\/div>\n\t\t\t\t\t<\/div>\n\t\t\t\t<\/div>\n\t\t<div class=\"elementor-element elementor-element-b677573 e-flex e-con-boxed e-con e-parent\" data-id=\"b677573\" data-element_type=\"container\" data-e-type=\"container\">\n\t\t\t\t\t<div class=\"e-con-inner\">\n\t\t\t\t\t<\/div>\n\t\t\t\t<\/div>\n\t\t\t\t<\/div>","protected":false},"excerpt":{"rendered":"<p>Airport Transfers To St.Jean d&#8217;Aulps If you are visiting us this coming season and not driving, you must book a [&hellip;]<\/p>\n","protected":false},"author":2,"featured_media":481,"parent":0,"menu_order":0,"comment_status":"closed","ping_status":"closed","template":"","meta":{"site-sidebar-layout":"default","site-content-layout":"","ast-site-content-layout":"default","site-content-style":"default","site-sidebar-style":"default","ast-global-header-display":"","ast-banner-title-visibility":"","ast-main-header-display":"","ast-hfb-above-header-display":"","ast-hfb-below-header-display":"","ast-hfb-mobile-header-display":"","site-post-title":"","ast-breadcrumbs-content":"","ast-featured-img":"","footer-sml-layout":"","ast-disable-related-posts":"","theme-transparent-header-meta":"","adv-header-id-meta":"","stick-header-meta":"","header-above-stick-meta":"","header-main-stick-meta":"","header-below-stick-meta":"","astra-migrate-meta-layouts":"default","ast-page-background-enabled":"default","ast-page-background-meta":{"desktop":{"background-color":"var(--ast-global-color-4)","background-image":"","background-repeat":"repeat","background-position":"center center","background-size":"auto","background-attachment":"scroll","background-type":"","background-media":"","overlay-type":"","overlay-color":"","overlay-opacity":"","overlay-gradient":""},"tablet":{"background-color":"","background-image":"","background-repeat":"repeat","background-position":"center center","background-size":"auto","background-attachment":"scroll","background-type":"","background-media":"","overlay-type":"","overlay-color":"","overlay-opacity":"","overlay-gradient":""},"mobile":{"background-color":"","background-image":"","background-repeat":"repeat","background-position":"center center","background-size":"auto","background-attachment":"scroll","background-type":"","background-media":"","overlay-type":"","overlay-color":"","overlay-opacity":"","overlay-gradient":""}},"ast-content-background-meta":{"desktop":{"background-color":"var(--ast-global-color-5)","background-image":"","background-repeat":"repeat","background-position":"center center","background-size":"auto","background-attachment":"scroll","background-type":"","background-media":"","overlay-type":"","overlay-color":"","overlay-opacity":"","overlay-gradient":""},"tablet":{"background-color":"var(--ast-global-color-5)","background-image":"","background-repeat":"repeat","background-position":"center center","background-size":"auto","background-attachment":"scroll","background-type":"","background-media":"","overlay-type":"","overlay-color":"","overlay-opacity":"","overlay-gradient":""},"mobile":{"background-color":"var(--ast-global-color-5)","background-image":"","background-repeat":"repeat","background-position":"center center","background-size":"auto","background-attachment":"scroll","background-type":"","background-media":"","overlay-type":"","overlay-color":"","overlay-opacity":"","overlay-gradient":""}},"footnotes":""},"class_list":["post-107","page","type-page","status-publish","has-post-thumbnail","hentry"],"yoast_head":"<!-- This site is optimized with the Yoast SEO plugin v27.4 - https:\/\/yoast.com\/product\/yoast-seo-wordpress\/ -->\n<title>Airport Transfers To St.Jean d&#039;Aulps -<\/title>\n<meta name=\"description\" content=\"Learn about how to book Airport Transfers To St.Jean d&#039;Aulps and see our recommended transfer companies in Morzine.\" \/>\n<meta name=\"robots\" content=\"index, follow, max-snippet:-1, max-image-preview:large, max-video-preview:-1\" \/>\n<link rel=\"canonical\" href=\"https:\/\/apartmentsroc.com\/fr\/airport-transfers-to-st-jean-daulps\/\" \/>\n<meta property=\"og:locale\" content=\"fr_FR\" \/>\n<meta property=\"og:type\" content=\"article\" \/>\n<meta property=\"og:title\" content=\"Airport Transfers To St.Jean d&#039;Aulps -\" \/>\n<meta property=\"og:description\" content=\"Learn about how to book Airport Transfers To St.Jean d&#039;Aulps and see our recommended transfer companies in Morzine.\" \/>\n<meta property=\"og:url\" content=\"https:\/\/apartmentsroc.com\/fr\/airport-transfers-to-st-jean-daulps\/\" \/>\n<meta property=\"article:modified_time\" content=\"2024-09-25T14:03:00+00:00\" \/>\n<meta property=\"og:image\" content=\"https:\/\/apartmentsroc.com\/wp-content\/uploads\/2024\/03\/Airport-Transfers-To-St.Jean-dAulps-wing-scaled.jpg\" \/>\n\t<meta property=\"og:image:width\" content=\"2560\" \/>\n\t<meta property=\"og:image:height\" content=\"1280\" \/>\n\t<meta property=\"og:image:type\" content=\"image\/jpeg\" \/>\n<meta name=\"twitter:card\" content=\"summary_large_image\" \/>\n<meta name=\"twitter:label1\" content=\"Dur\u00e9e de lecture estim\u00e9e\" \/>\n\t<meta name=\"twitter:data1\" content=\"2 minutes\" \/>\n<script type=\"application\/ld+json\" class=\"yoast-schema-graph\">{\"@context\":\"https:\\\/\\\/schema.org\",\"@graph\":[{\"@type\":\"WebPage\",\"@id\":\"https:\\\/\\\/apartmentsroc.com\\\/airport-transfers-to-st-jean-daulps\\\/\",\"url\":\"https:\\\/\\\/apartmentsroc.com\\\/airport-transfers-to-st-jean-daulps\\\/\",\"name\":\"Airport Transfers To St.Jean d'Aulps -\",\"isPartOf\":{\"@id\":\"https:\\\/\\\/apartmentsroc.com\\\/en_gb\\\/#website\"},\"primaryImageOfPage\":{\"@id\":\"https:\\\/\\\/apartmentsroc.com\\\/airport-transfers-to-st-jean-daulps\\\/#primaryimage\"},\"image\":{\"@id\":\"https:\\\/\\\/apartmentsroc.com\\\/airport-transfers-to-st-jean-daulps\\\/#primaryimage\"},\"thumbnailUrl\":\"https:\\\/\\\/apartmentsroc.com\\\/wp-content\\\/uploads\\\/2024\\\/03\\\/Airport-Transfers-To-St.Jean-dAulps-wing-scaled.jpg\",\"datePublished\":\"2024-03-05T11:04:18+00:00\",\"dateModified\":\"2024-09-25T14:03:00+00:00\",\"description\":\"Learn about how to book Airport Transfers To St.Jean d'Aulps and see our recommended transfer companies in Morzine.\",\"breadcrumb\":{\"@id\":\"https:\\\/\\\/apartmentsroc.com\\\/airport-transfers-to-st-jean-daulps\\\/#breadcrumb\"},\"inLanguage\":\"fr-FR\",\"potentialAction\":[{\"@type\":\"ReadAction\",\"target\":[\"https:\\\/\\\/apartmentsroc.com\\\/airport-transfers-to-st-jean-daulps\\\/\"]}]},{\"@type\":\"ImageObject\",\"inLanguage\":\"fr-FR\",\"@id\":\"https:\\\/\\\/apartmentsroc.com\\\/airport-transfers-to-st-jean-daulps\\\/#primaryimage\",\"url\":\"https:\\\/\\\/apartmentsroc.com\\\/wp-content\\\/uploads\\\/2024\\\/03\\\/Airport-Transfers-To-St.Jean-dAulps-wing-scaled.jpg\",\"contentUrl\":\"https:\\\/\\\/apartmentsroc.com\\\/wp-content\\\/uploads\\\/2024\\\/03\\\/Airport-Transfers-To-St.Jean-dAulps-wing-scaled.jpg\",\"width\":2560,\"height\":1280,\"caption\":\"Airport Transfers To St.Jean d'Aulps - wing\"},{\"@type\":\"BreadcrumbList\",\"@id\":\"https:\\\/\\\/apartmentsroc.com\\\/airport-transfers-to-st-jean-daulps\\\/#breadcrumb\",\"itemListElement\":[{\"@type\":\"ListItem\",\"position\":1,\"name\":\"Home\",\"item\":\"https:\\\/\\\/apartmentsroc.com\\\/en_gb\\\/\"},{\"@type\":\"ListItem\",\"position\":2,\"name\":\"Airport Transfers To St.Jean d&#8217;Aulps\"}]},{\"@type\":\"WebSite\",\"@id\":\"https:\\\/\\\/apartmentsroc.com\\\/en_gb\\\/#website\",\"url\":\"https:\\\/\\\/apartmentsroc.com\\\/en_gb\\\/\",\"name\":\"ApartmentsRoc\",\"description\":\"Fantastic Self Catered Apartments in St.Jean d'Aulps\",\"publisher\":{\"@id\":\"https:\\\/\\\/apartmentsroc.com\\\/en_gb\\\/#organization\"},\"potentialAction\":[{\"@type\":\"SearchAction\",\"target\":{\"@type\":\"EntryPoint\",\"urlTemplate\":\"https:\\\/\\\/apartmentsroc.com\\\/en_gb\\\/?s={search_term_string}\"},\"query-input\":{\"@type\":\"PropertyValueSpecification\",\"valueRequired\":true,\"valueName\":\"search_term_string\"}}],\"inLanguage\":\"fr-FR\"},{\"@type\":\"Organization\",\"@id\":\"https:\\\/\\\/apartmentsroc.com\\\/en_gb\\\/#organization\",\"name\":\"ApartmentsRoc\",\"url\":\"https:\\\/\\\/apartmentsroc.com\\\/en_gb\\\/\",\"logo\":{\"@type\":\"ImageObject\",\"inLanguage\":\"fr-FR\",\"@id\":\"https:\\\/\\\/apartmentsroc.com\\\/en_gb\\\/#\\\/schema\\\/logo\\\/image\\\/\",\"url\":\"httpss:\\\/\\\/apartmentsroc.com\\\/wp-content\\\/uploads\\\/2024\\\/03\\\/ApartmentsRoc-scaled.jpg\",\"contentUrl\":\"httpss:\\\/\\\/apartmentsroc.com\\\/wp-content\\\/uploads\\\/2024\\\/03\\\/ApartmentsRoc-scaled.jpg\",\"width\":2560,\"height\":1280,\"caption\":\"ApartmentsRoc\"},\"image\":{\"@id\":\"https:\\\/\\\/apartmentsroc.com\\\/en_gb\\\/#\\\/schema\\\/logo\\\/image\\\/\"}}]}<\/script>\n<!-- \/ Yoast SEO plugin. -->","yoast_head_json":{"title":"Airport Transfers To St.Jean d'Aulps -","description":"Learn about how to book Airport Transfers To St.Jean d'Aulps and see our recommended transfer companies in Morzine.","robots":{"index":"index","follow":"follow","max-snippet":"max-snippet:-1","max-image-preview":"max-image-preview:large","max-video-preview":"max-video-preview:-1"},"canonical":"https:\/\/apartmentsroc.com\/fr\/airport-transfers-to-st-jean-daulps\/","og_locale":"fr_FR","og_type":"article","og_title":"Airport Transfers To St.Jean d'Aulps -","og_description":"Learn about how to book Airport Transfers To St.Jean d'Aulps and see our recommended transfer companies in Morzine.","og_url":"https:\/\/apartmentsroc.com\/fr\/airport-transfers-to-st-jean-daulps\/","article_modified_time":"2024-09-25T14:03:00+00:00","og_image":[{"width":2560,"height":1280,"url":"https:\/\/apartmentsroc.com\/wp-content\/uploads\/2024\/03\/Airport-Transfers-To-St.Jean-dAulps-wing-scaled.jpg","type":"image\/jpeg"}],"twitter_card":"summary_large_image","twitter_misc":{"Dur\u00e9e de lecture estim\u00e9e":"2 minutes"},"schema":{"@context":"https:\/\/schema.org","@graph":[{"@type":"WebPage","@id":"https:\/\/apartmentsroc.com\/airport-transfers-to-st-jean-daulps\/","url":"https:\/\/apartmentsroc.com\/airport-transfers-to-st-jean-daulps\/","name":"Airport Transfers To St.Jean d'Aulps -","isPartOf":{"@id":"https:\/\/apartmentsroc.com\/en_gb\/#website"},"primaryImageOfPage":{"@id":"https:\/\/apartmentsroc.com\/airport-transfers-to-st-jean-daulps\/#primaryimage"},"image":{"@id":"https:\/\/apartmentsroc.com\/airport-transfers-to-st-jean-daulps\/#primaryimage"},"thumbnailUrl":"https:\/\/apartmentsroc.com\/wp-content\/uploads\/2024\/03\/Airport-Transfers-To-St.Jean-dAulps-wing-scaled.jpg","datePublished":"2024-03-05T11:04:18+00:00","dateModified":"2024-09-25T14:03:00+00:00","description":"Learn about how to book Airport Transfers To St.Jean d'Aulps and see our recommended transfer companies in Morzine.","breadcrumb":{"@id":"https:\/\/apartmentsroc.com\/airport-transfers-to-st-jean-daulps\/#breadcrumb"},"inLanguage":"fr-FR","potentialAction":[{"@type":"ReadAction","target":["https:\/\/apartmentsroc.com\/airport-transfers-to-st-jean-daulps\/"]}]},{"@type":"ImageObject","inLanguage":"fr-FR","@id":"https:\/\/apartmentsroc.com\/airport-transfers-to-st-jean-daulps\/#primaryimage","url":"https:\/\/apartmentsroc.com\/wp-content\/uploads\/2024\/03\/Airport-Transfers-To-St.Jean-dAulps-wing-scaled.jpg","contentUrl":"https:\/\/apartmentsroc.com\/wp-content\/uploads\/2024\/03\/Airport-Transfers-To-St.Jean-dAulps-wing-scaled.jpg","width":2560,"height":1280,"caption":"Airport Transfers To St.Jean d'Aulps - wing"},{"@type":"BreadcrumbList","@id":"https:\/\/apartmentsroc.com\/airport-transfers-to-st-jean-daulps\/#breadcrumb","itemListElement":[{"@type":"ListItem","position":1,"name":"Home","item":"https:\/\/apartmentsroc.com\/en_gb\/"},{"@type":"ListItem","position":2,"name":"Airport Transfers To St.Jean d&#8217;Aulps"}]},{"@type":"WebSite","@id":"https:\/\/apartmentsroc.com\/en_gb\/#website","url":"https:\/\/apartmentsroc.com\/en_gb\/","name":"ApartmentsRoc","description":"Fantastic Self Catered Apartments in St.Jean d'Aulps","publisher":{"@id":"https:\/\/apartmentsroc.com\/en_gb\/#organization"},"potentialAction":[{"@type":"SearchAction","target":{"@type":"EntryPoint","urlTemplate":"https:\/\/apartmentsroc.com\/en_gb\/?s={search_term_string}"},"query-input":{"@type":"PropertyValueSpecification","valueRequired":true,"valueName":"search_term_string"}}],"inLanguage":"fr-FR"},{"@type":"Organization","@id":"https:\/\/apartmentsroc.com\/en_gb\/#organization","name":"ApartmentsRoc","url":"https:\/\/apartmentsroc.com\/en_gb\/","logo":{"@type":"ImageObject","inLanguage":"fr-FR","@id":"https:\/\/apartmentsroc.com\/en_gb\/#\/schema\/logo\/image\/","url":"httpss:\/\/apartmentsroc.com\/wp-content\/uploads\/2024\/03\/ApartmentsRoc-scaled.jpg","contentUrl":"httpss:\/\/apartmentsroc.com\/wp-content\/uploads\/2024\/03\/ApartmentsRoc-scaled.jpg","width":2560,"height":1280,"caption":"ApartmentsRoc"},"image":{"@id":"https:\/\/apartmentsroc.com\/en_gb\/#\/schema\/logo\/image\/"}}]}},"_links":{"self":[{"href":"https:\/\/apartmentsroc.com\/fr\/wp-json\/wp\/v2\/pages\/107","targetHints":{"allow":["GET"]}}],"collection":[{"href":"https:\/\/apartmentsroc.com\/fr\/wp-json\/wp\/v2\/pages"}],"about":[{"href":"https:\/\/apartmentsroc.com\/fr\/wp-json\/wp\/v2\/types\/page"}],"author":[{"embeddable":true,"href":"https:\/\/apartmentsroc.com\/fr\/wp-json\/wp\/v2\/users\/2"}],"replies":[{"embeddable":true,"href":"https:\/\/apartmentsroc.com\/fr\/wp-json\/wp\/v2\/comments?post=107"}],"version-history":[{"count":34,"href":"https:\/\/apartmentsroc.com\/fr\/wp-json\/wp\/v2\/pages\/107\/revisions"}],"predecessor-version":[{"id":2045,"href":"https:\/\/apartmentsroc.com\/fr\/wp-json\/wp\/v2\/pages\/107\/revisions\/2045"}],"wp:featuredmedia":[{"embeddable":true,"href":"https:\/\/apartmentsroc.com\/fr\/wp-json\/wp\/v2\/media\/481"}],"wp:attachment":[{"href":"https:\/\/apartmentsroc.com\/fr\/wp-json\/wp\/v2\/media?parent=107"}],"curies":[{"name":"wp","href":"https:\/\/api.w.org\/{rel}","templated":true}]}}