{"id":138,"date":"2024-03-05T13:09:34","date_gmt":"2024-03-05T13:09:34","guid":{"rendered":"http:\/\/apartmentsroc.com\/?page_id=138"},"modified":"2026-03-09T14:26:06","modified_gmt":"2026-03-09T14:26:06","slug":"ski-and-snowboard-hire-in-st-jean-daulps","status":"publish","type":"page","link":"https:\/\/apartmentsroc.com\/fr\/ski-and-snowboard-hire-in-st-jean-daulps\/","title":{"rendered":"Ski And Snowboard Hire In St.Jean d&#8217;Aulps"},"content":{"rendered":"<div data-elementor-type=\"wp-page\" data-elementor-id=\"138\" class=\"elementor elementor-138\">\n\t\t\t\t<div class=\"elementor-element elementor-element-d966217 e-flex e-con-boxed e-con e-parent\" data-id=\"d966217\" data-element_type=\"container\" data-e-type=\"container\">\n\t\t\t\t\t<div class=\"e-con-inner\">\n\t\t\t\t<div class=\"elementor-element elementor-element-79a87f1 elementor-widget elementor-widget-heading\" data-id=\"79a87f1\" data-element_type=\"widget\" data-e-type=\"widget\" data-widget_type=\"heading.default\">\n\t\t\t\t<div class=\"elementor-widget-container\">\n\t\t\t\t\t<h1 class=\"elementor-heading-title elementor-size-default\">Ski And Snowboard Hire In St.Jean d'Aulps<\/h1>\t\t\t\t<\/div>\n\t\t\t\t<\/div>\n\t\t\t\t\t<\/div>\n\t\t\t\t<\/div>\n\t\t<div class=\"elementor-element elementor-element-07766e3 e-flex e-con-boxed e-con e-parent\" data-id=\"07766e3\" data-element_type=\"container\" data-e-type=\"container\">\n\t\t\t\t\t<div class=\"e-con-inner\">\n\t\t<div class=\"elementor-element elementor-element-10b5eae e-grid e-con-boxed e-con e-child\" data-id=\"10b5eae\" data-element_type=\"container\" data-e-type=\"container\">\n\t\t\t\t\t<div class=\"e-con-inner\">\n\t\t\t\t<div class=\"elementor-element elementor-element-6e74fcb elementor-widget elementor-widget-image\" data-id=\"6e74fcb\" data-element_type=\"widget\" data-e-type=\"widget\" data-widget_type=\"image.default\">\n\t\t\t\t<div class=\"elementor-widget-container\">\n\t\t\t\t\t\t\t\t\t\t\t\t\t\t\t<img fetchpriority=\"high\" decoding=\"async\" width=\"500\" height=\"500\" src=\"https:\/\/apartmentsroc.com\/wp-content\/uploads\/2024\/03\/Ski-And-Snowboard-Hire-In-St.Jean-dAulps-2.jpg\" class=\"attachment-large size-large wp-image-508\" alt=\"Ski And Snowboard Hire In St.Jean d&#039;Aulps - Terche sports\" srcset=\"https:\/\/apartmentsroc.com\/wp-content\/uploads\/2024\/03\/Ski-And-Snowboard-Hire-In-St.Jean-dAulps-2.jpg 500w, https:\/\/apartmentsroc.com\/wp-content\/uploads\/2024\/03\/Ski-And-Snowboard-Hire-In-St.Jean-dAulps-2-300x300.jpg 300w, https:\/\/apartmentsroc.com\/wp-content\/uploads\/2024\/03\/Ski-And-Snowboard-Hire-In-St.Jean-dAulps-2-150x150.jpg 150w, https:\/\/apartmentsroc.com\/wp-content\/uploads\/2024\/03\/Ski-And-Snowboard-Hire-In-St.Jean-dAulps-2-12x12.jpg 12w\" sizes=\"(max-width: 500px) 100vw, 500px\" \/>\t\t\t\t\t\t\t\t\t\t\t\t\t\t\t<\/div>\n\t\t\t\t<\/div>\n\t\t\t\t<div class=\"elementor-element elementor-element-7e91f0f elementor-widget elementor-widget-text-editor\" data-id=\"7e91f0f\" data-element_type=\"widget\" data-e-type=\"widget\" data-widget_type=\"text-editor.default\">\n\t\t\t\t<div class=\"elementor-widget-container\">\n\t\t\t\t\t\t\t\t\t<p class=\"has-secondary-color has-text-color\" style=\"font-size: 17px;\">Il y a trois magasins de location pour votre \u00e9quipement de ski et de snowboard \u00e0 Roc d\u2019Enfer. <a href=\"https:\/\/apartmentsroc.com\/fr\/the-roc-denfer-ski-area\/\"><strong>Roc d&#8217;Enfer ski station<\/strong><\/a>, you have three ski and snowboard hire shops in St.Jean d&#8217;Aulps.<\/p>\n<p><!-- \/wp:paragraph --><!-- wp:paragraph --><\/p>\n<p class=\"translation-block\">Muffat Sports est un magasin de SkiSet, situ\u00e9 en face de la station. Cependant, La Terche Sport 2000 est situ\u00e9e \u00e0 quelques pas des appartements le Coffi et en face du bar L\u2019Avalanche. Alternativement, Ski Republic est \u00e9galement bien situ\u00e9 pour la location de skis et de snowboard.<\/p>\n<p><!-- \/wp:paragraph --><!-- wp:paragraph --><\/p>\n<p>The great thing about the proximity of these hire shops to the slopes is that you can take your skis to the shop at the end of the day. We recommend booking your ski and snowboard hire In St.Jean d&#8217;Aulps in advance to ensure you get what you want.<\/p>\t\t\t\t\t\t\t\t<\/div>\n\t\t\t\t<\/div>\n\t\t\t\t\t<\/div>\n\t\t\t\t<\/div>\n\t\t\t\t<div class=\"elementor-element elementor-element-32a121d elementor-widget elementor-widget-heading\" data-id=\"32a121d\" data-element_type=\"widget\" data-e-type=\"widget\" data-widget_type=\"heading.default\">\n\t\t\t\t<div class=\"elementor-widget-container\">\n\t\t\t\t\t<h2 class=\"elementor-heading-title elementor-size-default\">Autres options pour les cours de ski et de snowboard<\/h2>\t\t\t\t<\/div>\n\t\t\t\t<\/div>\n\t\t\t\t\t<\/div>\n\t\t\t\t<\/div>\n\t\t<div class=\"elementor-element elementor-element-ad1bd4c e-flex e-con-boxed e-con e-parent\" data-id=\"ad1bd4c\" data-element_type=\"container\" data-e-type=\"container\">\n\t\t\t\t\t<div class=\"e-con-inner\">\n\t\t\t\t<div class=\"elementor-element elementor-element-faeeec7 elementor-widget elementor-widget-text-editor\" data-id=\"faeeec7\" data-element_type=\"widget\" data-e-type=\"widget\" data-widget_type=\"text-editor.default\">\n\t\t\t\t<div class=\"elementor-widget-container\">\n\t\t\t\t\t\t\t\t\t<p class=\"translation-block\">Il existe \u00e9galement un magasin de location de skis et de snowboards dans le village de St-Jean-d'Aulps, appel\u00e9 Ski Flash. C'est une bonne option si les magasins au pied des pistes n'ont pas ce que vous voulez. Il se trouve \u00e9galement sur la route principale entre Thonons-les-bains et Morzine, ce qui est pratique pour les automobilistes. Le Ski Flash jouit \u00e9galement d'une excellente r\u00e9putation pour la qualit\u00e9 de son service d'entretien des skis et des snowboards. En outre, il propose un vin chaud gratuit pendant qu'il vous installe les skis et les snowboards dont vous avez besoin. L'\u00e9tablissement se trouve \u00e9galement \u00e0 c\u00f4t\u00e9 d'une excellente pizzeria et \u00e0 quelques pas d'excellents bars et restaurants.<\/p>\n<p><!-- \/wp:paragraph --><!-- wp:paragraph --><\/p>\n<p>Si vous souhaitez skier \u00e0 partir de Morzine ou d'Avoriaz, vous pouvez louer des skis et des snowboards. Ces magasins sont id\u00e9aux si vous ne voulez pas porter votre \u00e9quipement, car vous pouvez le laisser au magasin \u00e0 la fin de la journ\u00e9e.<\/p>\n<p><!-- \/wp:paragraph --><!-- wp:paragraph --><\/p>\n<p class=\"translation-block\">Visitez Ardent Sports si vous vous rendez \u00e0 Ardent, Inter Sport si vous utilisez la remont\u00e9e m\u00e9canique de Super Morzine, ou Pleney Sports pour le versant Pleney de la vall\u00e9e.<\/p>\t\t\t\t\t\t\t\t<\/div>\n\t\t\t\t<\/div>\n\t\t\t\t\t<\/div>\n\t\t\t\t<\/div>\n\t\t\t\t<\/div>","protected":false},"excerpt":{"rendered":"<p>Ski And Snowboard Hire In St.Jean d&#8217;Aulps When staying at the Roc d&#8217;Enfer ski station, you have three ski and [&hellip;]<\/p>\n","protected":false},"author":2,"featured_media":507,"parent":0,"menu_order":0,"comment_status":"closed","ping_status":"closed","template":"","meta":{"site-sidebar-layout":"default","site-content-layout":"","ast-site-content-layout":"default","site-content-style":"default","site-sidebar-style":"default","ast-global-header-display":"","ast-banner-title-visibility":"","ast-main-header-display":"","ast-hfb-above-header-display":"","ast-hfb-below-header-display":"","ast-hfb-mobile-header-display":"","site-post-title":"","ast-breadcrumbs-content":"","ast-featured-img":"","footer-sml-layout":"","ast-disable-related-posts":"","theme-transparent-header-meta":"","adv-header-id-meta":"","stick-header-meta":"","header-above-stick-meta":"","header-main-stick-meta":"","header-below-stick-meta":"","astra-migrate-meta-layouts":"default","ast-page-background-enabled":"default","ast-page-background-meta":{"desktop":{"background-color":"var(--ast-global-color-4)","background-image":"","background-repeat":"repeat","background-position":"center center","background-size":"auto","background-attachment":"scroll","background-type":"","background-media":"","overlay-type":"","overlay-color":"","overlay-opacity":"","overlay-gradient":""},"tablet":{"background-color":"","background-image":"","background-repeat":"repeat","background-position":"center center","background-size":"auto","background-attachment":"scroll","background-type":"","background-media":"","overlay-type":"","overlay-color":"","overlay-opacity":"","overlay-gradient":""},"mobile":{"background-color":"","background-image":"","background-repeat":"repeat","background-position":"center center","background-size":"auto","background-attachment":"scroll","background-type":"","background-media":"","overlay-type":"","overlay-color":"","overlay-opacity":"","overlay-gradient":""}},"ast-content-background-meta":{"desktop":{"background-color":"var(--ast-global-color-5)","background-image":"","background-repeat":"repeat","background-position":"center center","background-size":"auto","background-attachment":"scroll","background-type":"","background-media":"","overlay-type":"","overlay-color":"","overlay-opacity":"","overlay-gradient":""},"tablet":{"background-color":"var(--ast-global-color-5)","background-image":"","background-repeat":"repeat","background-position":"center center","background-size":"auto","background-attachment":"scroll","background-type":"","background-media":"","overlay-type":"","overlay-color":"","overlay-opacity":"","overlay-gradient":""},"mobile":{"background-color":"var(--ast-global-color-5)","background-image":"","background-repeat":"repeat","background-position":"center center","background-size":"auto","background-attachment":"scroll","background-type":"","background-media":"","overlay-type":"","overlay-color":"","overlay-opacity":"","overlay-gradient":""}},"footnotes":""},"class_list":["post-138","page","type-page","status-publish","has-post-thumbnail","hentry"],"yoast_head":"<!-- This site is optimized with the Yoast SEO plugin v27.4 - https:\/\/yoast.com\/product\/yoast-seo-wordpress\/ -->\n<title>Ski And Snowboard Hire In St.Jean d&#039;Aulps -<\/title>\n<meta name=\"description\" content=\"Here are the best places for Ski And Snowboard Hire In St.Jean d&#039;Aulps. They are convenient and have the best equipment for all levels.\" \/>\n<meta name=\"robots\" content=\"index, follow, max-snippet:-1, max-image-preview:large, max-video-preview:-1\" \/>\n<link rel=\"canonical\" href=\"https:\/\/apartmentsroc.com\/fr\/ski-and-snowboard-hire-in-st-jean-daulps\/\" \/>\n<meta property=\"og:locale\" content=\"fr_FR\" \/>\n<meta property=\"og:type\" content=\"article\" \/>\n<meta property=\"og:title\" content=\"Ski And Snowboard Hire In St.Jean d&#039;Aulps -\" \/>\n<meta property=\"og:description\" content=\"Here are the best places for Ski And Snowboard Hire In St.Jean d&#039;Aulps. They are convenient and have the best equipment for all levels.\" \/>\n<meta property=\"og:url\" content=\"https:\/\/apartmentsroc.com\/fr\/ski-and-snowboard-hire-in-st-jean-daulps\/\" \/>\n<meta property=\"article:modified_time\" content=\"2026-03-09T14:26:06+00:00\" \/>\n<meta property=\"og:image\" content=\"https:\/\/apartmentsroc.com\/wp-content\/uploads\/2024\/03\/Ski-And-Snowboard-Hire-In-St.Jean-dAulps-1-scaled.jpg\" \/>\n\t<meta property=\"og:image:width\" content=\"2560\" \/>\n\t<meta property=\"og:image:height\" content=\"1280\" \/>\n\t<meta property=\"og:image:type\" content=\"image\/jpeg\" \/>\n<meta name=\"twitter:card\" content=\"summary_large_image\" \/>\n<meta name=\"twitter:label1\" content=\"Dur\u00e9e de lecture estim\u00e9e\" \/>\n\t<meta name=\"twitter:data1\" content=\"2 minutes\" \/>\n<script type=\"application\/ld+json\" class=\"yoast-schema-graph\">{\"@context\":\"https:\\\/\\\/schema.org\",\"@graph\":[{\"@type\":\"WebPage\",\"@id\":\"https:\\\/\\\/apartmentsroc.com\\\/en_gb\\\/ski-and-snowboard-hire-in-st-jean-daulps\\\/\",\"url\":\"https:\\\/\\\/apartmentsroc.com\\\/en_gb\\\/ski-and-snowboard-hire-in-st-jean-daulps\\\/\",\"name\":\"Ski And Snowboard Hire In St.Jean d'Aulps -\",\"isPartOf\":{\"@id\":\"https:\\\/\\\/apartmentsroc.com\\\/en_gb\\\/#website\"},\"primaryImageOfPage\":{\"@id\":\"https:\\\/\\\/apartmentsroc.com\\\/en_gb\\\/ski-and-snowboard-hire-in-st-jean-daulps\\\/#primaryimage\"},\"image\":{\"@id\":\"https:\\\/\\\/apartmentsroc.com\\\/en_gb\\\/ski-and-snowboard-hire-in-st-jean-daulps\\\/#primaryimage\"},\"thumbnailUrl\":\"https:\\\/\\\/apartmentsroc.com\\\/wp-content\\\/uploads\\\/2024\\\/03\\\/Ski-And-Snowboard-Hire-In-St.Jean-dAulps-1-scaled.jpg\",\"datePublished\":\"2024-03-05T13:09:34+00:00\",\"dateModified\":\"2026-03-09T14:26:06+00:00\",\"description\":\"Here are the best places for Ski And Snowboard Hire In St.Jean d'Aulps. They are convenient and have the best equipment for all levels.\",\"breadcrumb\":{\"@id\":\"https:\\\/\\\/apartmentsroc.com\\\/en_gb\\\/ski-and-snowboard-hire-in-st-jean-daulps\\\/#breadcrumb\"},\"inLanguage\":\"fr-FR\",\"potentialAction\":[{\"@type\":\"ReadAction\",\"target\":[\"https:\\\/\\\/apartmentsroc.com\\\/en_gb\\\/ski-and-snowboard-hire-in-st-jean-daulps\\\/\"]}]},{\"@type\":\"ImageObject\",\"inLanguage\":\"fr-FR\",\"@id\":\"https:\\\/\\\/apartmentsroc.com\\\/en_gb\\\/ski-and-snowboard-hire-in-st-jean-daulps\\\/#primaryimage\",\"url\":\"https:\\\/\\\/apartmentsroc.com\\\/wp-content\\\/uploads\\\/2024\\\/03\\\/Ski-And-Snowboard-Hire-In-St.Jean-dAulps-1-scaled.jpg\",\"contentUrl\":\"https:\\\/\\\/apartmentsroc.com\\\/wp-content\\\/uploads\\\/2024\\\/03\\\/Ski-And-Snowboard-Hire-In-St.Jean-dAulps-1-scaled.jpg\",\"width\":2560,\"height\":1280,\"caption\":\"Ski And Snowboard Hire In St.Jean d'Aulps - hire shop\"},{\"@type\":\"BreadcrumbList\",\"@id\":\"https:\\\/\\\/apartmentsroc.com\\\/en_gb\\\/ski-and-snowboard-hire-in-st-jean-daulps\\\/#breadcrumb\",\"itemListElement\":[{\"@type\":\"ListItem\",\"position\":1,\"name\":\"Home\",\"item\":\"https:\\\/\\\/apartmentsroc.com\\\/en_gb\\\/\"},{\"@type\":\"ListItem\",\"position\":2,\"name\":\"Ski And Snowboard Hire In St.Jean d&#8217;Aulps\"}]},{\"@type\":\"WebSite\",\"@id\":\"https:\\\/\\\/apartmentsroc.com\\\/en_gb\\\/#website\",\"url\":\"https:\\\/\\\/apartmentsroc.com\\\/en_gb\\\/\",\"name\":\"ApartmentsRoc\",\"description\":\"Fantastic Self Catered Apartments in St.Jean d'Aulps\",\"publisher\":{\"@id\":\"https:\\\/\\\/apartmentsroc.com\\\/en_gb\\\/#organization\"},\"potentialAction\":[{\"@type\":\"SearchAction\",\"target\":{\"@type\":\"EntryPoint\",\"urlTemplate\":\"https:\\\/\\\/apartmentsroc.com\\\/en_gb\\\/?s={search_term_string}\"},\"query-input\":{\"@type\":\"PropertyValueSpecification\",\"valueRequired\":true,\"valueName\":\"search_term_string\"}}],\"inLanguage\":\"fr-FR\"},{\"@type\":\"Organization\",\"@id\":\"https:\\\/\\\/apartmentsroc.com\\\/en_gb\\\/#organization\",\"name\":\"ApartmentsRoc\",\"url\":\"https:\\\/\\\/apartmentsroc.com\\\/en_gb\\\/\",\"logo\":{\"@type\":\"ImageObject\",\"inLanguage\":\"fr-FR\",\"@id\":\"https:\\\/\\\/apartmentsroc.com\\\/en_gb\\\/#\\\/schema\\\/logo\\\/image\\\/\",\"url\":\"httpss:\\\/\\\/apartmentsroc.com\\\/wp-content\\\/uploads\\\/2024\\\/03\\\/ApartmentsRoc-scaled.jpg\",\"contentUrl\":\"httpss:\\\/\\\/apartmentsroc.com\\\/wp-content\\\/uploads\\\/2024\\\/03\\\/ApartmentsRoc-scaled.jpg\",\"width\":2560,\"height\":1280,\"caption\":\"ApartmentsRoc\"},\"image\":{\"@id\":\"https:\\\/\\\/apartmentsroc.com\\\/en_gb\\\/#\\\/schema\\\/logo\\\/image\\\/\"}}]}<\/script>\n<!-- \/ Yoast SEO plugin. -->","yoast_head_json":{"title":"Ski And Snowboard Hire In St.Jean d'Aulps -","description":"Here are the best places for Ski And Snowboard Hire In St.Jean d'Aulps. They are convenient and have the best equipment for all levels.","robots":{"index":"index","follow":"follow","max-snippet":"max-snippet:-1","max-image-preview":"max-image-preview:large","max-video-preview":"max-video-preview:-1"},"canonical":"https:\/\/apartmentsroc.com\/fr\/ski-and-snowboard-hire-in-st-jean-daulps\/","og_locale":"fr_FR","og_type":"article","og_title":"Ski And Snowboard Hire In St.Jean d'Aulps -","og_description":"Here are the best places for Ski And Snowboard Hire In St.Jean d'Aulps. They are convenient and have the best equipment for all levels.","og_url":"https:\/\/apartmentsroc.com\/fr\/ski-and-snowboard-hire-in-st-jean-daulps\/","article_modified_time":"2026-03-09T14:26:06+00:00","og_image":[{"width":2560,"height":1280,"url":"https:\/\/apartmentsroc.com\/wp-content\/uploads\/2024\/03\/Ski-And-Snowboard-Hire-In-St.Jean-dAulps-1-scaled.jpg","type":"image\/jpeg"}],"twitter_card":"summary_large_image","twitter_misc":{"Dur\u00e9e de lecture estim\u00e9e":"2 minutes"},"schema":{"@context":"https:\/\/schema.org","@graph":[{"@type":"WebPage","@id":"https:\/\/apartmentsroc.com\/en_gb\/ski-and-snowboard-hire-in-st-jean-daulps\/","url":"https:\/\/apartmentsroc.com\/en_gb\/ski-and-snowboard-hire-in-st-jean-daulps\/","name":"Ski And Snowboard Hire In St.Jean d'Aulps -","isPartOf":{"@id":"https:\/\/apartmentsroc.com\/en_gb\/#website"},"primaryImageOfPage":{"@id":"https:\/\/apartmentsroc.com\/en_gb\/ski-and-snowboard-hire-in-st-jean-daulps\/#primaryimage"},"image":{"@id":"https:\/\/apartmentsroc.com\/en_gb\/ski-and-snowboard-hire-in-st-jean-daulps\/#primaryimage"},"thumbnailUrl":"https:\/\/apartmentsroc.com\/wp-content\/uploads\/2024\/03\/Ski-And-Snowboard-Hire-In-St.Jean-dAulps-1-scaled.jpg","datePublished":"2024-03-05T13:09:34+00:00","dateModified":"2026-03-09T14:26:06+00:00","description":"Here are the best places for Ski And Snowboard Hire In St.Jean d'Aulps. They are convenient and have the best equipment for all levels.","breadcrumb":{"@id":"https:\/\/apartmentsroc.com\/en_gb\/ski-and-snowboard-hire-in-st-jean-daulps\/#breadcrumb"},"inLanguage":"fr-FR","potentialAction":[{"@type":"ReadAction","target":["https:\/\/apartmentsroc.com\/en_gb\/ski-and-snowboard-hire-in-st-jean-daulps\/"]}]},{"@type":"ImageObject","inLanguage":"fr-FR","@id":"https:\/\/apartmentsroc.com\/en_gb\/ski-and-snowboard-hire-in-st-jean-daulps\/#primaryimage","url":"https:\/\/apartmentsroc.com\/wp-content\/uploads\/2024\/03\/Ski-And-Snowboard-Hire-In-St.Jean-dAulps-1-scaled.jpg","contentUrl":"https:\/\/apartmentsroc.com\/wp-content\/uploads\/2024\/03\/Ski-And-Snowboard-Hire-In-St.Jean-dAulps-1-scaled.jpg","width":2560,"height":1280,"caption":"Ski And Snowboard Hire In St.Jean d'Aulps - hire shop"},{"@type":"BreadcrumbList","@id":"https:\/\/apartmentsroc.com\/en_gb\/ski-and-snowboard-hire-in-st-jean-daulps\/#breadcrumb","itemListElement":[{"@type":"ListItem","position":1,"name":"Home","item":"https:\/\/apartmentsroc.com\/en_gb\/"},{"@type":"ListItem","position":2,"name":"Ski And Snowboard Hire In St.Jean d&#8217;Aulps"}]},{"@type":"WebSite","@id":"https:\/\/apartmentsroc.com\/en_gb\/#website","url":"https:\/\/apartmentsroc.com\/en_gb\/","name":"ApartmentsRoc","description":"Fantastic Self Catered Apartments in St.Jean d'Aulps","publisher":{"@id":"https:\/\/apartmentsroc.com\/en_gb\/#organization"},"potentialAction":[{"@type":"SearchAction","target":{"@type":"EntryPoint","urlTemplate":"https:\/\/apartmentsroc.com\/en_gb\/?s={search_term_string}"},"query-input":{"@type":"PropertyValueSpecification","valueRequired":true,"valueName":"search_term_string"}}],"inLanguage":"fr-FR"},{"@type":"Organization","@id":"https:\/\/apartmentsroc.com\/en_gb\/#organization","name":"ApartmentsRoc","url":"https:\/\/apartmentsroc.com\/en_gb\/","logo":{"@type":"ImageObject","inLanguage":"fr-FR","@id":"https:\/\/apartmentsroc.com\/en_gb\/#\/schema\/logo\/image\/","url":"httpss:\/\/apartmentsroc.com\/wp-content\/uploads\/2024\/03\/ApartmentsRoc-scaled.jpg","contentUrl":"httpss:\/\/apartmentsroc.com\/wp-content\/uploads\/2024\/03\/ApartmentsRoc-scaled.jpg","width":2560,"height":1280,"caption":"ApartmentsRoc"},"image":{"@id":"https:\/\/apartmentsroc.com\/en_gb\/#\/schema\/logo\/image\/"}}]}},"_links":{"self":[{"href":"https:\/\/apartmentsroc.com\/fr\/wp-json\/wp\/v2\/pages\/138","targetHints":{"allow":["GET"]}}],"collection":[{"href":"https:\/\/apartmentsroc.com\/fr\/wp-json\/wp\/v2\/pages"}],"about":[{"href":"https:\/\/apartmentsroc.com\/fr\/wp-json\/wp\/v2\/types\/page"}],"author":[{"embeddable":true,"href":"https:\/\/apartmentsroc.com\/fr\/wp-json\/wp\/v2\/users\/2"}],"replies":[{"embeddable":true,"href":"https:\/\/apartmentsroc.com\/fr\/wp-json\/wp\/v2\/comments?post=138"}],"version-history":[{"count":52,"href":"https:\/\/apartmentsroc.com\/fr\/wp-json\/wp\/v2\/pages\/138\/revisions"}],"predecessor-version":[{"id":2451,"href":"https:\/\/apartmentsroc.com\/fr\/wp-json\/wp\/v2\/pages\/138\/revisions\/2451"}],"wp:featuredmedia":[{"embeddable":true,"href":"https:\/\/apartmentsroc.com\/fr\/wp-json\/wp\/v2\/media\/507"}],"wp:attachment":[{"href":"https:\/\/apartmentsroc.com\/fr\/wp-json\/wp\/v2\/media?parent=138"}],"curies":[{"name":"wp","href":"https:\/\/api.w.org\/{rel}","templated":true}]}}