{"id":160,"date":"2024-03-05T13:49:40","date_gmt":"2024-03-05T13:49:40","guid":{"rendered":"http:\/\/apartmentsroc.com\/?page_id=160"},"modified":"2024-09-25T14:00:22","modified_gmt":"2024-09-25T14:00:22","slug":"shopping-in-st-jeandaulps","status":"publish","type":"page","link":"https:\/\/apartmentsroc.com\/fr\/shopping-in-st-jeandaulps\/","title":{"rendered":"Shopping \u00e0 St Jean d'Aulps"},"content":{"rendered":"<div data-elementor-type=\"wp-page\" data-elementor-id=\"160\" class=\"elementor elementor-160\">\n\t\t\t\t<div class=\"elementor-element elementor-element-a1dffb0 e-flex e-con-boxed e-con e-parent\" data-id=\"a1dffb0\" data-element_type=\"container\" data-e-type=\"container\">\n\t\t\t\t\t<div class=\"e-con-inner\">\n\t\t\t\t<div class=\"elementor-element elementor-element-799834f elementor-widget elementor-widget-heading\" data-id=\"799834f\" data-element_type=\"widget\" data-e-type=\"widget\" data-widget_type=\"heading.default\">\n\t\t\t\t<div class=\"elementor-widget-container\">\n\t\t\t\t\t<h1 class=\"elementor-heading-title elementor-size-default\">Shopping In St.jean d'Aulps<\/h1>\t\t\t\t<\/div>\n\t\t\t\t<\/div>\n\t\t\t\t\t<\/div>\n\t\t\t\t<\/div>\n\t\t<div class=\"elementor-element elementor-element-9439126 e-flex e-con-boxed e-con e-parent\" data-id=\"9439126\" data-element_type=\"container\" data-e-type=\"container\">\n\t\t\t\t\t<div class=\"e-con-inner\">\n\t\t\t\t<div class=\"elementor-element elementor-element-17d4680 elementor-widget elementor-widget-text-editor\" data-id=\"17d4680\" data-element_type=\"widget\" data-e-type=\"widget\" data-widget_type=\"text-editor.default\">\n\t\t\t\t<div class=\"elementor-widget-container\">\n\t\t\t\t\t\t\t\t\t<p>Tout le monde a besoin de produits de premi\u00e8re n\u00e9cessit\u00e9 quand il est en vacances, et St Jean d\u2019Aulps a beaucoup d\u2019options pour acheter des provisions.<\/p>\t\t\t\t\t\t\t\t<\/div>\n\t\t\t\t<\/div>\n\t\t\t\t\t<\/div>\n\t\t\t\t<\/div>\n\t\t<div class=\"elementor-element elementor-element-89ecf23 e-flex e-con-boxed e-con e-parent\" data-id=\"89ecf23\" data-element_type=\"container\" data-e-type=\"container\">\n\t\t\t\t\t<div class=\"e-con-inner\">\n\t\t\t\t<div class=\"elementor-element elementor-element-800730f elementor-widget elementor-widget-heading\" data-id=\"800730f\" data-element_type=\"widget\" data-e-type=\"widget\" data-widget_type=\"heading.default\">\n\t\t\t\t<div class=\"elementor-widget-container\">\n\t\t\t\t\t<h3 class=\"elementor-heading-title elementor-size-default\">Sherpa<\/h3>\t\t\t\t<\/div>\n\t\t\t\t<\/div>\n\t\t\t\t\t<\/div>\n\t\t\t\t<\/div>\n\t\t<div class=\"elementor-element elementor-element-afcb252 e-grid e-con-boxed e-con e-parent\" data-id=\"afcb252\" data-element_type=\"container\" data-e-type=\"container\">\n\t\t\t\t\t<div class=\"e-con-inner\">\n\t\t\t\t<div class=\"elementor-element elementor-element-7c4d980 elementor-widget elementor-widget-image\" data-id=\"7c4d980\" data-element_type=\"widget\" data-e-type=\"widget\" data-widget_type=\"image.default\">\n\t\t\t\t<div class=\"elementor-widget-container\">\n\t\t\t\t\t\t\t\t\t\t\t\t\t\t\t<img fetchpriority=\"high\" decoding=\"async\" width=\"500\" height=\"500\" src=\"https:\/\/apartmentsroc.com\/wp-content\/uploads\/2024\/03\/shopping-in-St.Jean-DAulps-1-2.jpg\" class=\"attachment-large size-large wp-image-540\" alt=\"Shopping In St.Jean d&#039;Aulps - Sherpa supermarket\" srcset=\"https:\/\/apartmentsroc.com\/wp-content\/uploads\/2024\/03\/shopping-in-St.Jean-DAulps-1-2.jpg 500w, https:\/\/apartmentsroc.com\/wp-content\/uploads\/2024\/03\/shopping-in-St.Jean-DAulps-1-2-300x300.jpg 300w, https:\/\/apartmentsroc.com\/wp-content\/uploads\/2024\/03\/shopping-in-St.Jean-DAulps-1-2-150x150.jpg 150w, https:\/\/apartmentsroc.com\/wp-content\/uploads\/2024\/03\/shopping-in-St.Jean-DAulps-1-2-12x12.jpg 12w\" sizes=\"(max-width: 500px) 100vw, 500px\" \/>\t\t\t\t\t\t\t\t\t\t\t\t\t\t\t<\/div>\n\t\t\t\t<\/div>\n\t\t\t\t<div class=\"elementor-element elementor-element-cbfb9c9 elementor-widget elementor-widget-text-editor\" data-id=\"cbfb9c9\" data-element_type=\"widget\" data-e-type=\"widget\" data-widget_type=\"text-editor.default\">\n\t\t\t\t<div class=\"elementor-widget-container\">\n\t\t\t\t\t\t\t\t\t<p class=\"translation-block\">Le Roc d\u2019Enfer a un petit supermarch\u00e9. C\u2019est situ\u00e9 en face de la station de ski. \n\nBien que petit, il dispose d\u2019un comptoir de charcuterie, de pains et de p\u00e2tisseries fra\u00eechement sortis de four et des produits de base habituels. Il est pr\u00e9f\u00e9rable de v\u00e9rifier les horaires d\u2019ouverture sur le site web.<\/p>\t\t\t\t\t\t\t\t<\/div>\n\t\t\t\t<\/div>\n\t\t\t\t\t<\/div>\n\t\t\t\t<\/div>\n\t\t<div class=\"elementor-element elementor-element-348adef e-flex e-con-boxed e-con e-parent\" data-id=\"348adef\" data-element_type=\"container\" data-e-type=\"container\">\n\t\t\t\t\t<div class=\"e-con-inner\">\n\t\t\t\t<div class=\"elementor-element elementor-element-7b35d2a elementor-widget elementor-widget-heading\" data-id=\"7b35d2a\" data-element_type=\"widget\" data-e-type=\"widget\" data-widget_type=\"heading.default\">\n\t\t\t\t<div class=\"elementor-widget-container\">\n\t\t\t\t\t<h3 class=\"elementor-heading-title elementor-size-default\">Carrefour Express<\/h3>\t\t\t\t<\/div>\n\t\t\t\t<\/div>\n\t\t\t\t\t<\/div>\n\t\t\t\t<\/div>\n\t\t<div class=\"elementor-element elementor-element-48df16e e-grid e-con-boxed e-con e-parent\" data-id=\"48df16e\" data-element_type=\"container\" data-e-type=\"container\">\n\t\t\t\t\t<div class=\"e-con-inner\">\n\t\t\t\t<div class=\"elementor-element elementor-element-ac5545a elementor-widget elementor-widget-image\" data-id=\"ac5545a\" data-element_type=\"widget\" data-e-type=\"widget\" data-widget_type=\"image.default\">\n\t\t\t\t<div class=\"elementor-widget-container\">\n\t\t\t\t\t\t\t\t\t\t\t\t\t\t\t<img decoding=\"async\" width=\"500\" height=\"500\" src=\"https:\/\/apartmentsroc.com\/wp-content\/uploads\/2024\/03\/shopping-in-St.Jean-DAulps-2.jpg\" class=\"attachment-large size-large wp-image-541\" alt=\"Shopping In St.Jean d&#039;Aulps - Carrefour express\" srcset=\"https:\/\/apartmentsroc.com\/wp-content\/uploads\/2024\/03\/shopping-in-St.Jean-DAulps-2.jpg 500w, https:\/\/apartmentsroc.com\/wp-content\/uploads\/2024\/03\/shopping-in-St.Jean-DAulps-2-300x300.jpg 300w, https:\/\/apartmentsroc.com\/wp-content\/uploads\/2024\/03\/shopping-in-St.Jean-DAulps-2-150x150.jpg 150w, https:\/\/apartmentsroc.com\/wp-content\/uploads\/2024\/03\/shopping-in-St.Jean-DAulps-2-12x12.jpg 12w\" sizes=\"(max-width: 500px) 100vw, 500px\" \/>\t\t\t\t\t\t\t\t\t\t\t\t\t\t\t<\/div>\n\t\t\t\t<\/div>\n\t\t\t\t<div class=\"elementor-element elementor-element-35267f0 elementor-widget elementor-widget-text-editor\" data-id=\"35267f0\" data-element_type=\"widget\" data-e-type=\"widget\" data-widget_type=\"text-editor.default\">\n\t\t\t\t<div class=\"elementor-widget-container\">\n\t\t\t\t\t\t\t\t\t<p class=\"translation-block\">Si vous avez une voiture, vous pouvez conduire au Carrefour Express \u00e0 St Jean d\u2019Aulps. C\u2019est un supermarch\u00e9 plus grand que la Sherpa.<\/p>\t\t\t\t\t\t\t\t<\/div>\n\t\t\t\t<\/div>\n\t\t\t\t\t<\/div>\n\t\t\t\t<\/div>\n\t\t<div class=\"elementor-element elementor-element-4f9f81a e-flex e-con-boxed e-con e-parent\" data-id=\"4f9f81a\" data-element_type=\"container\" data-e-type=\"container\">\n\t\t\t\t\t<div class=\"e-con-inner\">\n\t\t\t\t<div class=\"elementor-element elementor-element-98049a7 elementor-widget elementor-widget-heading\" data-id=\"98049a7\" data-element_type=\"widget\" data-e-type=\"widget\" data-widget_type=\"heading.default\">\n\t\t\t\t<div class=\"elementor-widget-container\">\n\t\t\t\t\t<h3 class=\"elementor-heading-title elementor-size-default\">Carrefour Market<\/h3>\t\t\t\t<\/div>\n\t\t\t\t<\/div>\n\t\t\t\t\t<\/div>\n\t\t\t\t<\/div>\n\t\t<div class=\"elementor-element elementor-element-c9014ce e-grid e-con-boxed e-con e-parent\" data-id=\"c9014ce\" data-element_type=\"container\" data-e-type=\"container\">\n\t\t\t\t\t<div class=\"e-con-inner\">\n\t\t\t\t<div class=\"elementor-element elementor-element-3000e6c elementor-widget elementor-widget-image\" data-id=\"3000e6c\" data-element_type=\"widget\" data-e-type=\"widget\" data-widget_type=\"image.default\">\n\t\t\t\t<div class=\"elementor-widget-container\">\n\t\t\t\t\t\t\t\t\t\t\t\t\t\t\t<img decoding=\"async\" width=\"500\" height=\"500\" src=\"https:\/\/apartmentsroc.com\/wp-content\/uploads\/2024\/03\/shopping-in-St.Jean-DAulps-3.jpg\" class=\"attachment-large size-large wp-image-542\" alt=\"shopping in St.Jean D&#039;Aulps - supermarket\" srcset=\"https:\/\/apartmentsroc.com\/wp-content\/uploads\/2024\/03\/shopping-in-St.Jean-DAulps-3.jpg 500w, https:\/\/apartmentsroc.com\/wp-content\/uploads\/2024\/03\/shopping-in-St.Jean-DAulps-3-300x300.jpg 300w, https:\/\/apartmentsroc.com\/wp-content\/uploads\/2024\/03\/shopping-in-St.Jean-DAulps-3-150x150.jpg 150w, https:\/\/apartmentsroc.com\/wp-content\/uploads\/2024\/03\/shopping-in-St.Jean-DAulps-3-12x12.jpg 12w\" sizes=\"(max-width: 500px) 100vw, 500px\" \/>\t\t\t\t\t\t\t\t\t\t\t\t\t\t\t<\/div>\n\t\t\t\t<\/div>\n\t\t\t\t<div class=\"elementor-element elementor-element-fc74fd6 elementor-widget elementor-widget-text-editor\" data-id=\"fc74fd6\" data-element_type=\"widget\" data-e-type=\"widget\" data-widget_type=\"text-editor.default\">\n\t\t\t\t<div class=\"elementor-widget-container\">\n\t\t\t\t\t\t\t\t\t<p><!-- \/wp:heading --><!-- wp:spacer {\"height\":\"50px\"} --><\/p>\n<p><!-- \/wp:spacer --><!-- wp:paragraph {\"style\":{\"typography\":{\"fontSize\":\"17px\"}},\"textColor\":\"secondary\"} --><\/p>\n<p class=\"has-secondary-color has-text-color translation-block\" style=\"font-size: 17px;\">Il y a un grand Carrefour situ\u00e9 entre St Jean d\u2019Aulps et Montriond. C\u2019est le meilleur endroit pour faire la plupart de vos achats, parce que c\u2019est plus \u00e9conomique et il offre plus de choix. Le Carrefour Market est \u00e9galement l\u2019endroit le plus proche pour faire le plein d\u2019essence.<\/p>\t\t\t\t\t\t\t\t<\/div>\n\t\t\t\t<\/div>\n\t\t\t\t\t<\/div>\n\t\t\t\t<\/div>\n\t\t<div class=\"elementor-element elementor-element-43dea01 e-flex e-con-boxed e-con e-parent\" data-id=\"43dea01\" data-element_type=\"container\" data-e-type=\"container\">\n\t\t\t\t\t<div class=\"e-con-inner\">\n\t\t\t\t<div class=\"elementor-element elementor-element-c07e8c8 elementor-widget elementor-widget-heading\" data-id=\"c07e8c8\" data-element_type=\"widget\" data-e-type=\"widget\" data-widget_type=\"heading.default\">\n\t\t\t\t<div class=\"elementor-widget-container\">\n\t\t\t\t\t<h3 class=\"elementor-heading-title elementor-size-default\">Boulangeries<\/h3>\t\t\t\t<\/div>\n\t\t\t\t<\/div>\n\t\t\t\t\t<\/div>\n\t\t\t\t<\/div>\n\t\t<div class=\"elementor-element elementor-element-a328d75 e-grid e-con-boxed e-con e-parent\" data-id=\"a328d75\" data-element_type=\"container\" data-e-type=\"container\">\n\t\t\t\t\t<div class=\"e-con-inner\">\n\t\t\t\t<div class=\"elementor-element elementor-element-5d80458 elementor-widget elementor-widget-image\" data-id=\"5d80458\" data-element_type=\"widget\" data-e-type=\"widget\" data-widget_type=\"image.default\">\n\t\t\t\t<div class=\"elementor-widget-container\">\n\t\t\t\t\t\t\t\t\t\t\t\t\t\t\t<img loading=\"lazy\" decoding=\"async\" width=\"500\" height=\"500\" src=\"https:\/\/apartmentsroc.com\/wp-content\/uploads\/2024\/03\/shopping-in-St.Jean-DAulps-4.jpg\" class=\"attachment-large size-large wp-image-543\" alt=\"shopping in St.Jean D&#039;Aulps - bakery\" srcset=\"https:\/\/apartmentsroc.com\/wp-content\/uploads\/2024\/03\/shopping-in-St.Jean-DAulps-4.jpg 500w, https:\/\/apartmentsroc.com\/wp-content\/uploads\/2024\/03\/shopping-in-St.Jean-DAulps-4-300x300.jpg 300w, https:\/\/apartmentsroc.com\/wp-content\/uploads\/2024\/03\/shopping-in-St.Jean-DAulps-4-150x150.jpg 150w, https:\/\/apartmentsroc.com\/wp-content\/uploads\/2024\/03\/shopping-in-St.Jean-DAulps-4-12x12.jpg 12w\" sizes=\"(max-width: 500px) 100vw, 500px\" \/>\t\t\t\t\t\t\t\t\t\t\t\t\t\t\t<\/div>\n\t\t\t\t<\/div>\n\t\t\t\t<div class=\"elementor-element elementor-element-15c1f6c elementor-widget elementor-widget-text-editor\" data-id=\"15c1f6c\" data-element_type=\"widget\" data-e-type=\"widget\" data-widget_type=\"text-editor.default\">\n\t\t\t\t<div class=\"elementor-widget-container\">\n\t\t\t\t\t\t\t\t\t<p><!-- \/wp:heading --><!-- wp:spacer {\"height\":\"50px\"} --><\/p>\n<p><!-- \/wp:spacer --><!-- wp:paragraph --><\/p>\n<p>La boulangerie P\u00e2tisserie Pauvert est une petite boulangerie situ\u00e9e sur la rue de Saint Jean d\u2019Aulps. Elle propose une vari\u00e9t\u00e9 de p\u00e2tisseries et de pains. Il peut \u00eatre difficile de se garer directement \u00e0 l'ext\u00e9rieur, mais il y a un grand parking \u00e0 l'ext\u00e9rieur de l\u2019\u00e9glise en face.<\/p>\n<p><!-- \/wp:paragraph --><!-- wp:paragraph --><\/p>\n<p>Alternativement, vous pouvez acheter vos p\u00e2tisseries au Petit Mitron. Cette boulangerie plus grande est situ\u00e9e \u00e0 c\u00f4t\u00e9 de la caserne des pompiers et offre un excellent choix. Il y a \u00e9galement des places assises \u00e0 l\u2019int\u00e9rieur et \u00e0 l\u2019ext\u00e9rieur.<\/p>\t\t\t\t\t\t\t\t<\/div>\n\t\t\t\t<\/div>\n\t\t\t\t\t<\/div>\n\t\t\t\t<\/div>\n\t\t\t\t<\/div>","protected":false},"excerpt":{"rendered":"<p>Shopping In St.jean d&#8217;Aulps We all need essentials when on holiday, but there are plenty of options for Shopping In [&hellip;]<\/p>\n","protected":false},"author":2,"featured_media":536,"parent":0,"menu_order":0,"comment_status":"closed","ping_status":"closed","template":"","meta":{"site-sidebar-layout":"default","site-content-layout":"","ast-site-content-layout":"default","site-content-style":"default","site-sidebar-style":"default","ast-global-header-display":"","ast-banner-title-visibility":"","ast-main-header-display":"","ast-hfb-above-header-display":"","ast-hfb-below-header-display":"","ast-hfb-mobile-header-display":"","site-post-title":"","ast-breadcrumbs-content":"","ast-featured-img":"","footer-sml-layout":"","ast-disable-related-posts":"","theme-transparent-header-meta":"","adv-header-id-meta":"","stick-header-meta":"","header-above-stick-meta":"","header-main-stick-meta":"","header-below-stick-meta":"","astra-migrate-meta-layouts":"default","ast-page-background-enabled":"default","ast-page-background-meta":{"desktop":{"background-color":"var(--ast-global-color-4)","background-image":"","background-repeat":"repeat","background-position":"center center","background-size":"auto","background-attachment":"scroll","background-type":"","background-media":"","overlay-type":"","overlay-color":"","overlay-opacity":"","overlay-gradient":""},"tablet":{"background-color":"","background-image":"","background-repeat":"repeat","background-position":"center center","background-size":"auto","background-attachment":"scroll","background-type":"","background-media":"","overlay-type":"","overlay-color":"","overlay-opacity":"","overlay-gradient":""},"mobile":{"background-color":"","background-image":"","background-repeat":"repeat","background-position":"center center","background-size":"auto","background-attachment":"scroll","background-type":"","background-media":"","overlay-type":"","overlay-color":"","overlay-opacity":"","overlay-gradient":""}},"ast-content-background-meta":{"desktop":{"background-color":"var(--ast-global-color-5)","background-image":"","background-repeat":"repeat","background-position":"center center","background-size":"auto","background-attachment":"scroll","background-type":"","background-media":"","overlay-type":"","overlay-color":"","overlay-opacity":"","overlay-gradient":""},"tablet":{"background-color":"var(--ast-global-color-5)","background-image":"","background-repeat":"repeat","background-position":"center center","background-size":"auto","background-attachment":"scroll","background-type":"","background-media":"","overlay-type":"","overlay-color":"","overlay-opacity":"","overlay-gradient":""},"mobile":{"background-color":"var(--ast-global-color-5)","background-image":"","background-repeat":"repeat","background-position":"center center","background-size":"auto","background-attachment":"scroll","background-type":"","background-media":"","overlay-type":"","overlay-color":"","overlay-opacity":"","overlay-gradient":""}},"footnotes":""},"class_list":["post-160","page","type-page","status-publish","has-post-thumbnail","hentry"],"yoast_head":"<!-- This site is optimized with the Yoast SEO plugin v27.4 - https:\/\/yoast.com\/product\/yoast-seo-wordpress\/ -->\n<title>Shopping In St.Jean d&#039;Aulps -<\/title>\n<meta name=\"description\" content=\"Here are all the options for Shopping In St.Jean d&#039;Aulps. These are the places you can buy all your groceries and essentials during your stay.\" \/>\n<meta name=\"robots\" content=\"index, follow, max-snippet:-1, max-image-preview:large, max-video-preview:-1\" \/>\n<link rel=\"canonical\" href=\"https:\/\/apartmentsroc.com\/fr\/shopping-in-st-jeandaulps\/\" \/>\n<meta property=\"og:locale\" content=\"fr_FR\" \/>\n<meta property=\"og:type\" content=\"article\" \/>\n<meta property=\"og:title\" content=\"Shopping In St.Jean d&#039;Aulps -\" \/>\n<meta property=\"og:description\" content=\"Here are all the options for Shopping In St.Jean d&#039;Aulps. These are the places you can buy all your groceries and essentials during your stay.\" \/>\n<meta property=\"og:url\" content=\"https:\/\/apartmentsroc.com\/fr\/shopping-in-st-jeandaulps\/\" \/>\n<meta property=\"article:modified_time\" content=\"2024-09-25T14:00:22+00:00\" \/>\n<meta property=\"og:image\" content=\"https:\/\/apartmentsroc.com\/wp-content\/uploads\/2024\/03\/Shopping-In-St.Jean-dAulps-1-scaled.jpg\" \/>\n\t<meta property=\"og:image:width\" content=\"2560\" \/>\n\t<meta property=\"og:image:height\" content=\"1280\" \/>\n\t<meta property=\"og:image:type\" content=\"image\/jpeg\" \/>\n<meta name=\"twitter:card\" content=\"summary_large_image\" \/>\n<meta name=\"twitter:label1\" content=\"Dur\u00e9e de lecture estim\u00e9e\" \/>\n\t<meta name=\"twitter:data1\" content=\"2 minutes\" \/>\n<script type=\"application\/ld+json\" class=\"yoast-schema-graph\">{\"@context\":\"https:\\\/\\\/schema.org\",\"@graph\":[{\"@type\":\"WebPage\",\"@id\":\"https:\\\/\\\/apartmentsroc.com\\\/shopping-in-st-jeandaulps\\\/\",\"url\":\"https:\\\/\\\/apartmentsroc.com\\\/shopping-in-st-jeandaulps\\\/\",\"name\":\"Shopping In St.Jean d'Aulps -\",\"isPartOf\":{\"@id\":\"https:\\\/\\\/apartmentsroc.com\\\/en_gb\\\/#website\"},\"primaryImageOfPage\":{\"@id\":\"https:\\\/\\\/apartmentsroc.com\\\/shopping-in-st-jeandaulps\\\/#primaryimage\"},\"image\":{\"@id\":\"https:\\\/\\\/apartmentsroc.com\\\/shopping-in-st-jeandaulps\\\/#primaryimage\"},\"thumbnailUrl\":\"https:\\\/\\\/apartmentsroc.com\\\/wp-content\\\/uploads\\\/2024\\\/03\\\/Shopping-In-St.Jean-dAulps-1-scaled.jpg\",\"datePublished\":\"2024-03-05T13:49:40+00:00\",\"dateModified\":\"2024-09-25T14:00:22+00:00\",\"description\":\"Here are all the options for Shopping In St.Jean d'Aulps. These are the places you can buy all your groceries and essentials during your stay.\",\"breadcrumb\":{\"@id\":\"https:\\\/\\\/apartmentsroc.com\\\/shopping-in-st-jeandaulps\\\/#breadcrumb\"},\"inLanguage\":\"fr-FR\",\"potentialAction\":[{\"@type\":\"ReadAction\",\"target\":[\"https:\\\/\\\/apartmentsroc.com\\\/shopping-in-st-jeandaulps\\\/\"]}]},{\"@type\":\"ImageObject\",\"inLanguage\":\"fr-FR\",\"@id\":\"https:\\\/\\\/apartmentsroc.com\\\/shopping-in-st-jeandaulps\\\/#primaryimage\",\"url\":\"https:\\\/\\\/apartmentsroc.com\\\/wp-content\\\/uploads\\\/2024\\\/03\\\/Shopping-In-St.Jean-dAulps-1-scaled.jpg\",\"contentUrl\":\"https:\\\/\\\/apartmentsroc.com\\\/wp-content\\\/uploads\\\/2024\\\/03\\\/Shopping-In-St.Jean-dAulps-1-scaled.jpg\",\"width\":2560,\"height\":1280,\"caption\":\"Shopping In St.Jean d'Aulps - shopping trolly\"},{\"@type\":\"BreadcrumbList\",\"@id\":\"https:\\\/\\\/apartmentsroc.com\\\/shopping-in-st-jeandaulps\\\/#breadcrumb\",\"itemListElement\":[{\"@type\":\"ListItem\",\"position\":1,\"name\":\"Home\",\"item\":\"https:\\\/\\\/apartmentsroc.com\\\/en_gb\\\/\"},{\"@type\":\"ListItem\",\"position\":2,\"name\":\"Shopping In St.Jean d&#8217;Aulps\"}]},{\"@type\":\"WebSite\",\"@id\":\"https:\\\/\\\/apartmentsroc.com\\\/en_gb\\\/#website\",\"url\":\"https:\\\/\\\/apartmentsroc.com\\\/en_gb\\\/\",\"name\":\"ApartmentsRoc\",\"description\":\"Fantastic Self Catered Apartments in St.Jean d'Aulps\",\"publisher\":{\"@id\":\"https:\\\/\\\/apartmentsroc.com\\\/en_gb\\\/#organization\"},\"potentialAction\":[{\"@type\":\"SearchAction\",\"target\":{\"@type\":\"EntryPoint\",\"urlTemplate\":\"https:\\\/\\\/apartmentsroc.com\\\/en_gb\\\/?s={search_term_string}\"},\"query-input\":{\"@type\":\"PropertyValueSpecification\",\"valueRequired\":true,\"valueName\":\"search_term_string\"}}],\"inLanguage\":\"fr-FR\"},{\"@type\":\"Organization\",\"@id\":\"https:\\\/\\\/apartmentsroc.com\\\/en_gb\\\/#organization\",\"name\":\"ApartmentsRoc\",\"url\":\"https:\\\/\\\/apartmentsroc.com\\\/en_gb\\\/\",\"logo\":{\"@type\":\"ImageObject\",\"inLanguage\":\"fr-FR\",\"@id\":\"https:\\\/\\\/apartmentsroc.com\\\/en_gb\\\/#\\\/schema\\\/logo\\\/image\\\/\",\"url\":\"httpss:\\\/\\\/apartmentsroc.com\\\/wp-content\\\/uploads\\\/2024\\\/03\\\/ApartmentsRoc-scaled.jpg\",\"contentUrl\":\"httpss:\\\/\\\/apartmentsroc.com\\\/wp-content\\\/uploads\\\/2024\\\/03\\\/ApartmentsRoc-scaled.jpg\",\"width\":2560,\"height\":1280,\"caption\":\"ApartmentsRoc\"},\"image\":{\"@id\":\"https:\\\/\\\/apartmentsroc.com\\\/en_gb\\\/#\\\/schema\\\/logo\\\/image\\\/\"}}]}<\/script>\n<!-- \/ Yoast SEO plugin. -->","yoast_head_json":{"title":"Shopping In St.Jean d'Aulps -","description":"Here are all the options for Shopping In St.Jean d'Aulps. These are the places you can buy all your groceries and essentials during your stay.","robots":{"index":"index","follow":"follow","max-snippet":"max-snippet:-1","max-image-preview":"max-image-preview:large","max-video-preview":"max-video-preview:-1"},"canonical":"https:\/\/apartmentsroc.com\/fr\/shopping-in-st-jeandaulps\/","og_locale":"fr_FR","og_type":"article","og_title":"Shopping In St.Jean d'Aulps -","og_description":"Here are all the options for Shopping In St.Jean d'Aulps. These are the places you can buy all your groceries and essentials during your stay.","og_url":"https:\/\/apartmentsroc.com\/fr\/shopping-in-st-jeandaulps\/","article_modified_time":"2024-09-25T14:00:22+00:00","og_image":[{"width":2560,"height":1280,"url":"https:\/\/apartmentsroc.com\/wp-content\/uploads\/2024\/03\/Shopping-In-St.Jean-dAulps-1-scaled.jpg","type":"image\/jpeg"}],"twitter_card":"summary_large_image","twitter_misc":{"Dur\u00e9e de lecture estim\u00e9e":"2 minutes"},"schema":{"@context":"https:\/\/schema.org","@graph":[{"@type":"WebPage","@id":"https:\/\/apartmentsroc.com\/shopping-in-st-jeandaulps\/","url":"https:\/\/apartmentsroc.com\/shopping-in-st-jeandaulps\/","name":"Shopping In St.Jean d'Aulps -","isPartOf":{"@id":"https:\/\/apartmentsroc.com\/en_gb\/#website"},"primaryImageOfPage":{"@id":"https:\/\/apartmentsroc.com\/shopping-in-st-jeandaulps\/#primaryimage"},"image":{"@id":"https:\/\/apartmentsroc.com\/shopping-in-st-jeandaulps\/#primaryimage"},"thumbnailUrl":"https:\/\/apartmentsroc.com\/wp-content\/uploads\/2024\/03\/Shopping-In-St.Jean-dAulps-1-scaled.jpg","datePublished":"2024-03-05T13:49:40+00:00","dateModified":"2024-09-25T14:00:22+00:00","description":"Here are all the options for Shopping In St.Jean d'Aulps. These are the places you can buy all your groceries and essentials during your stay.","breadcrumb":{"@id":"https:\/\/apartmentsroc.com\/shopping-in-st-jeandaulps\/#breadcrumb"},"inLanguage":"fr-FR","potentialAction":[{"@type":"ReadAction","target":["https:\/\/apartmentsroc.com\/shopping-in-st-jeandaulps\/"]}]},{"@type":"ImageObject","inLanguage":"fr-FR","@id":"https:\/\/apartmentsroc.com\/shopping-in-st-jeandaulps\/#primaryimage","url":"https:\/\/apartmentsroc.com\/wp-content\/uploads\/2024\/03\/Shopping-In-St.Jean-dAulps-1-scaled.jpg","contentUrl":"https:\/\/apartmentsroc.com\/wp-content\/uploads\/2024\/03\/Shopping-In-St.Jean-dAulps-1-scaled.jpg","width":2560,"height":1280,"caption":"Shopping In St.Jean d'Aulps - shopping trolly"},{"@type":"BreadcrumbList","@id":"https:\/\/apartmentsroc.com\/shopping-in-st-jeandaulps\/#breadcrumb","itemListElement":[{"@type":"ListItem","position":1,"name":"Home","item":"https:\/\/apartmentsroc.com\/en_gb\/"},{"@type":"ListItem","position":2,"name":"Shopping In St.Jean d&#8217;Aulps"}]},{"@type":"WebSite","@id":"https:\/\/apartmentsroc.com\/en_gb\/#website","url":"https:\/\/apartmentsroc.com\/en_gb\/","name":"ApartmentsRoc","description":"Fantastic Self Catered Apartments in St.Jean d'Aulps","publisher":{"@id":"https:\/\/apartmentsroc.com\/en_gb\/#organization"},"potentialAction":[{"@type":"SearchAction","target":{"@type":"EntryPoint","urlTemplate":"https:\/\/apartmentsroc.com\/en_gb\/?s={search_term_string}"},"query-input":{"@type":"PropertyValueSpecification","valueRequired":true,"valueName":"search_term_string"}}],"inLanguage":"fr-FR"},{"@type":"Organization","@id":"https:\/\/apartmentsroc.com\/en_gb\/#organization","name":"ApartmentsRoc","url":"https:\/\/apartmentsroc.com\/en_gb\/","logo":{"@type":"ImageObject","inLanguage":"fr-FR","@id":"https:\/\/apartmentsroc.com\/en_gb\/#\/schema\/logo\/image\/","url":"httpss:\/\/apartmentsroc.com\/wp-content\/uploads\/2024\/03\/ApartmentsRoc-scaled.jpg","contentUrl":"httpss:\/\/apartmentsroc.com\/wp-content\/uploads\/2024\/03\/ApartmentsRoc-scaled.jpg","width":2560,"height":1280,"caption":"ApartmentsRoc"},"image":{"@id":"https:\/\/apartmentsroc.com\/en_gb\/#\/schema\/logo\/image\/"}}]}},"_links":{"self":[{"href":"https:\/\/apartmentsroc.com\/fr\/wp-json\/wp\/v2\/pages\/160","targetHints":{"allow":["GET"]}}],"collection":[{"href":"https:\/\/apartmentsroc.com\/fr\/wp-json\/wp\/v2\/pages"}],"about":[{"href":"https:\/\/apartmentsroc.com\/fr\/wp-json\/wp\/v2\/types\/page"}],"author":[{"embeddable":true,"href":"https:\/\/apartmentsroc.com\/fr\/wp-json\/wp\/v2\/users\/2"}],"replies":[{"embeddable":true,"href":"https:\/\/apartmentsroc.com\/fr\/wp-json\/wp\/v2\/comments?post=160"}],"version-history":[{"count":31,"href":"https:\/\/apartmentsroc.com\/fr\/wp-json\/wp\/v2\/pages\/160\/revisions"}],"predecessor-version":[{"id":2039,"href":"https:\/\/apartmentsroc.com\/fr\/wp-json\/wp\/v2\/pages\/160\/revisions\/2039"}],"wp:featuredmedia":[{"embeddable":true,"href":"https:\/\/apartmentsroc.com\/fr\/wp-json\/wp\/v2\/media\/536"}],"wp:attachment":[{"href":"https:\/\/apartmentsroc.com\/fr\/wp-json\/wp\/v2\/media?parent=160"}],"curies":[{"name":"wp","href":"https:\/\/api.w.org\/{rel}","templated":true}]}}