{"id":235,"date":"2024-03-06T17:10:33","date_gmt":"2024-03-06T17:10:33","guid":{"rendered":"http:\/\/apartmentsroc.com\/?page_id=235"},"modified":"2024-08-20T07:54:18","modified_gmt":"2024-08-20T07:54:18","slug":"the-portes-du-soleil-multipass","status":"publish","type":"page","link":"https:\/\/apartmentsroc.com\/fr\/the-portes-du-soleil-multipass\/","title":{"rendered":"The Portes du Soleil MultiPass"},"content":{"rendered":"<div data-elementor-type=\"wp-page\" data-elementor-id=\"235\" class=\"elementor elementor-235\">\n\t\t\t\t<div class=\"elementor-element elementor-element-458a339 e-flex e-con-boxed e-con e-parent\" data-id=\"458a339\" data-element_type=\"container\" data-e-type=\"container\">\n\t\t\t\t\t<div class=\"e-con-inner\">\n\t\t\t\t<div class=\"elementor-element elementor-element-262dc74 elementor-widget elementor-widget-text-editor\" data-id=\"262dc74\" data-element_type=\"widget\" data-e-type=\"widget\" data-widget_type=\"text-editor.default\">\n\t\t\t\t<div class=\"elementor-widget-container\">\n\t\t\t\t\t\t\t\t\t<p class=\"translation-block\">Lorsqu\u2019on visite St Jean d\u2019Aulps pendant l\u2019\u00e9t\u00e9, nous vous recommandons l\u2019achat d\u2019un Multi Pass, qui permet de b\u00e9n\u00e9ficier d\u2019un excellent rapport qualit\u00e9 - prix pour les activit\u00e9s propos\u00e9es. On peut acheter le Multi - Pass dans toutes les caisses de t\u00e9l\u00e9cabines des Portes du Soleil, incluant la caisse locale au Roc d\u2019Enfer.<\/p>\t\t\t\t\t\t\t\t<\/div>\n\t\t\t\t<\/div>\n\t\t\t\t<div class=\"elementor-element elementor-element-e75ed65 elementor-widget elementor-widget-heading\" data-id=\"e75ed65\" data-element_type=\"widget\" data-e-type=\"widget\" data-widget_type=\"heading.default\">\n\t\t\t\t<div class=\"elementor-widget-container\">\n\t\t\t\t\t<h2 class=\"elementor-heading-title elementor-size-default\">Qu\u2019est qu\u2019on peut faire avec le MultiPass?<\/h2>\t\t\t\t<\/div>\n\t\t\t\t<\/div>\n\t\t\t\t\t<\/div>\n\t\t\t\t<\/div>\n\t\t<div class=\"elementor-element elementor-element-53b3b75 e-grid e-con-boxed e-con e-parent\" data-id=\"53b3b75\" data-element_type=\"container\" data-e-type=\"container\">\n\t\t\t\t\t<div class=\"e-con-inner\">\n\t\t\t\t<div class=\"elementor-element elementor-element-348d5b4 elementor-widget elementor-widget-image\" data-id=\"348d5b4\" data-element_type=\"widget\" data-e-type=\"widget\" data-widget_type=\"image.default\">\n\t\t\t\t<div class=\"elementor-widget-container\">\n\t\t\t\t\t\t\t\t\t\t\t\t\t\t\t<img fetchpriority=\"high\" decoding=\"async\" width=\"500\" height=\"500\" src=\"https:\/\/apartmentsroc.com\/wp-content\/uploads\/2024\/03\/Portes-du-soleil-Multipass-2.jpg\" class=\"attachment-large size-large wp-image-584\" alt=\"Summer luge in Morzine - Portes-du-soleil-Multipass\" srcset=\"https:\/\/apartmentsroc.com\/wp-content\/uploads\/2024\/03\/Portes-du-soleil-Multipass-2.jpg 500w, https:\/\/apartmentsroc.com\/wp-content\/uploads\/2024\/03\/Portes-du-soleil-Multipass-2-300x300.jpg 300w, https:\/\/apartmentsroc.com\/wp-content\/uploads\/2024\/03\/Portes-du-soleil-Multipass-2-150x150.jpg 150w, https:\/\/apartmentsroc.com\/wp-content\/uploads\/2024\/03\/Portes-du-soleil-Multipass-2-12x12.jpg 12w\" sizes=\"(max-width: 500px) 100vw, 500px\" \/>\t\t\t\t\t\t\t\t\t\t\t\t\t\t\t<\/div>\n\t\t\t\t<\/div>\n\t\t\t\t<div class=\"elementor-element elementor-element-c5753c1 elementor-widget elementor-widget-text-editor\" data-id=\"c5753c1\" data-element_type=\"widget\" data-e-type=\"widget\" data-widget_type=\"text-editor.default\">\n\t\t\t\t<div class=\"elementor-widget-container\">\n\t\t\t\t\t\t\t\t\t<p class=\"has-secondary-color has-text-color\" style=\"font-size: 17px;\">Le Multi Pass co\u00fbte 14 euros par jour ou vous pouvez acheter un pass de saison pour 100 euros. C\u2019est gratuit pour les enfants de moins de 5 ans. On doit \u00e9galement acheter un support Multi Pass, qui co\u00fbte 1,50 euros<\/p>\n<p><!-- \/wp:paragraph --><!-- wp:paragraph --><\/p>\n<p>Le Multi Pass vous donne un acc\u00e8s gratuit ou r\u00e9duit \u00e0 un large \u00e9ventail d\u2019activit\u00e9s. Voici des exemples de ce \u00e0 quoi vous pouvez attendre:<\/p>\n<p><!-- \/wp:paragraph --><!-- wp:list --><\/p>\n<ul><!-- wp:list-item -->\n<li>L\u2019utilisation de 22 t\u00e9l\u00e9cabines pour les pi\u00e9tons \u00e0 travers les portes du soleil<\/li>\n<!-- \/wp:list-item --><!-- wp:list-item -->\n<li>La piscine et spa de Morzine<\/li>\n<!-- \/wp:list-item --><!-- wp:list-item -->\n<li>Les lacs de baignade \u00e0 Les Gets et Montriond<\/li>\n<!-- \/wp:list-item --><!-- wp:list-item -->\n<li>Les cin\u00e9mas de Morzine et d\u2019Avoriaz<\/li>\n<!-- \/wp:list-item --><!-- wp:list-item -->\n<li>De nombreux centres culturels locaux, incluant la Vall\u00e9e d\u2019Aulps Abbay Discovery Centre<\/li>\n<!-- \/wp:list-item --><!-- wp:list-item -->\n<li>La patinoire couverte \u00e0 Morzine<\/li>\n<!-- \/wp:list-item --><!-- wp:list-item -->\n<li>Les centres de tennis \u00e0 Morzine, les Gets, et la Vall\u00e9e d\u2019Aulps<\/li>\n<!-- \/wp:list-item --><!-- wp:list-item -->\n<li>Mini - golf \u00e0 Les Gets et Avoriaz<\/li>\n<!-- \/wp:list-item --><!-- wp:list-item -->\n<li>Les bus interstation par exemple La Balad d\u2019Aulps, Columbus et TPC<\/li>\n<!-- \/wp:list-item --><!-- wp:list-item -->\n<li>Et bien plus encore<\/li>\n<!-- \/wp:list-item --><\/ul>\n<p><!-- \/wp:list --><!-- wp:paragraph --><\/p>\n<p><strong><a href=\"https:\/\/en.portesdusoleil.com\/in-summer\/multi-pass-all-activities\/\">Cliquez ici pour voir la liste compl\u00e8te des activit\u00e9s Multi Pass<\/a><\/strong><\/p>\t\t\t\t\t\t\t\t<\/div>\n\t\t\t\t<\/div>\n\t\t\t\t\t<\/div>\n\t\t\t\t<\/div>\n\t\t\t\t<\/div>","protected":false},"excerpt":{"rendered":"<p>When staying in St.Jean d&#8217;Aulps during the summer, we recommend buying a Multi-Pass as it makes the activities available excellent [&hellip;]<\/p>\n","protected":false},"author":2,"featured_media":582,"parent":0,"menu_order":0,"comment_status":"closed","ping_status":"closed","template":"","meta":{"site-sidebar-layout":"default","site-content-layout":"","ast-site-content-layout":"default","site-content-style":"default","site-sidebar-style":"default","ast-global-header-display":"","ast-banner-title-visibility":"","ast-main-header-display":"","ast-hfb-above-header-display":"","ast-hfb-below-header-display":"","ast-hfb-mobile-header-display":"","site-post-title":"","ast-breadcrumbs-content":"","ast-featured-img":"","footer-sml-layout":"","ast-disable-related-posts":"","theme-transparent-header-meta":"","adv-header-id-meta":"","stick-header-meta":"","header-above-stick-meta":"","header-main-stick-meta":"","header-below-stick-meta":"","astra-migrate-meta-layouts":"default","ast-page-background-enabled":"default","ast-page-background-meta":{"desktop":{"background-color":"var(--ast-global-color-4)","background-image":"","background-repeat":"repeat","background-position":"center center","background-size":"auto","background-attachment":"scroll","background-type":"","background-media":"","overlay-type":"","overlay-color":"","overlay-opacity":"","overlay-gradient":""},"tablet":{"background-color":"","background-image":"","background-repeat":"repeat","background-position":"center center","background-size":"auto","background-attachment":"scroll","background-type":"","background-media":"","overlay-type":"","overlay-color":"","overlay-opacity":"","overlay-gradient":""},"mobile":{"background-color":"","background-image":"","background-repeat":"repeat","background-position":"center center","background-size":"auto","background-attachment":"scroll","background-type":"","background-media":"","overlay-type":"","overlay-color":"","overlay-opacity":"","overlay-gradient":""}},"ast-content-background-meta":{"desktop":{"background-color":"var(--ast-global-color-5)","background-image":"","background-repeat":"repeat","background-position":"center center","background-size":"auto","background-attachment":"scroll","background-type":"","background-media":"","overlay-type":"","overlay-color":"","overlay-opacity":"","overlay-gradient":""},"tablet":{"background-color":"var(--ast-global-color-5)","background-image":"","background-repeat":"repeat","background-position":"center center","background-size":"auto","background-attachment":"scroll","background-type":"","background-media":"","overlay-type":"","overlay-color":"","overlay-opacity":"","overlay-gradient":""},"mobile":{"background-color":"var(--ast-global-color-5)","background-image":"","background-repeat":"repeat","background-position":"center center","background-size":"auto","background-attachment":"scroll","background-type":"","background-media":"","overlay-type":"","overlay-color":"","overlay-opacity":"","overlay-gradient":""}},"footnotes":""},"class_list":["post-235","page","type-page","status-publish","has-post-thumbnail","hentry"],"yoast_head":"<!-- This site is optimized with the Yoast SEO plugin v27.4 - https:\/\/yoast.com\/product\/yoast-seo-wordpress\/ -->\n<title>The Portes du Soleil MultiPass -<\/title>\n<meta name=\"description\" content=\"The Portes du Soleil MultiPass gives you free and discounted access to over 50 activities. Learn all about it here.\" \/>\n<meta name=\"robots\" content=\"index, follow, max-snippet:-1, max-image-preview:large, max-video-preview:-1\" \/>\n<link rel=\"canonical\" href=\"https:\/\/apartmentsroc.com\/fr\/the-portes-du-soleil-multipass\/\" \/>\n<meta property=\"og:locale\" content=\"fr_FR\" \/>\n<meta property=\"og:type\" content=\"article\" \/>\n<meta property=\"og:title\" content=\"The Portes du Soleil MultiPass -\" \/>\n<meta property=\"og:description\" content=\"The Portes du Soleil MultiPass gives you free and discounted access to over 50 activities. Learn all about it here.\" \/>\n<meta property=\"og:url\" content=\"https:\/\/apartmentsroc.com\/fr\/the-portes-du-soleil-multipass\/\" \/>\n<meta property=\"article:modified_time\" content=\"2024-08-20T07:54:18+00:00\" \/>\n<meta property=\"og:image\" content=\"https:\/\/apartmentsroc.com\/wp-content\/uploads\/2024\/03\/Portes-du-soleil-Multipass-1-scaled.jpg\" \/>\n\t<meta property=\"og:image:width\" content=\"2560\" \/>\n\t<meta property=\"og:image:height\" content=\"1280\" \/>\n\t<meta property=\"og:image:type\" content=\"image\/jpeg\" \/>\n<meta name=\"twitter:card\" content=\"summary_large_image\" \/>\n<meta name=\"twitter:label1\" content=\"Dur\u00e9e de lecture estim\u00e9e\" \/>\n\t<meta name=\"twitter:data1\" content=\"2 minutes\" \/>\n<script type=\"application\/ld+json\" class=\"yoast-schema-graph\">{\"@context\":\"https:\\\/\\\/schema.org\",\"@graph\":[{\"@type\":\"WebPage\",\"@id\":\"https:\\\/\\\/apartmentsroc.com\\\/en_gb\\\/the-portes-du-soleil-multipass\\\/\",\"url\":\"https:\\\/\\\/apartmentsroc.com\\\/en_gb\\\/the-portes-du-soleil-multipass\\\/\",\"name\":\"The Portes du Soleil MultiPass -\",\"isPartOf\":{\"@id\":\"https:\\\/\\\/apartmentsroc.com\\\/en_gb\\\/#website\"},\"primaryImageOfPage\":{\"@id\":\"https:\\\/\\\/apartmentsroc.com\\\/en_gb\\\/the-portes-du-soleil-multipass\\\/#primaryimage\"},\"image\":{\"@id\":\"https:\\\/\\\/apartmentsroc.com\\\/en_gb\\\/the-portes-du-soleil-multipass\\\/#primaryimage\"},\"thumbnailUrl\":\"https:\\\/\\\/apartmentsroc.com\\\/wp-content\\\/uploads\\\/2024\\\/03\\\/Portes-du-soleil-Multipass-1-scaled.jpg\",\"datePublished\":\"2024-03-06T17:10:33+00:00\",\"dateModified\":\"2024-08-20T07:54:18+00:00\",\"description\":\"The Portes du Soleil MultiPass gives you free and discounted access to over 50 activities. Learn all about it here.\",\"breadcrumb\":{\"@id\":\"https:\\\/\\\/apartmentsroc.com\\\/en_gb\\\/the-portes-du-soleil-multipass\\\/#breadcrumb\"},\"inLanguage\":\"fr-FR\",\"potentialAction\":[{\"@type\":\"ReadAction\",\"target\":[\"https:\\\/\\\/apartmentsroc.com\\\/en_gb\\\/the-portes-du-soleil-multipass\\\/\"]}]},{\"@type\":\"ImageObject\",\"inLanguage\":\"fr-FR\",\"@id\":\"https:\\\/\\\/apartmentsroc.com\\\/en_gb\\\/the-portes-du-soleil-multipass\\\/#primaryimage\",\"url\":\"https:\\\/\\\/apartmentsroc.com\\\/wp-content\\\/uploads\\\/2024\\\/03\\\/Portes-du-soleil-Multipass-1-scaled.jpg\",\"contentUrl\":\"https:\\\/\\\/apartmentsroc.com\\\/wp-content\\\/uploads\\\/2024\\\/03\\\/Portes-du-soleil-Multipass-1-scaled.jpg\",\"width\":2560,\"height\":1280,\"caption\":\"Portes du soleil Multipass - kids on Chairlift\"},{\"@type\":\"BreadcrumbList\",\"@id\":\"https:\\\/\\\/apartmentsroc.com\\\/en_gb\\\/the-portes-du-soleil-multipass\\\/#breadcrumb\",\"itemListElement\":[{\"@type\":\"ListItem\",\"position\":1,\"name\":\"Home\",\"item\":\"https:\\\/\\\/apartmentsroc.com\\\/en_gb\\\/\"},{\"@type\":\"ListItem\",\"position\":2,\"name\":\"The Portes du Soleil MultiPass\"}]},{\"@type\":\"WebSite\",\"@id\":\"https:\\\/\\\/apartmentsroc.com\\\/en_gb\\\/#website\",\"url\":\"https:\\\/\\\/apartmentsroc.com\\\/en_gb\\\/\",\"name\":\"ApartmentsRoc\",\"description\":\"Fantastic Self Catered Apartments in St.Jean d'Aulps\",\"publisher\":{\"@id\":\"https:\\\/\\\/apartmentsroc.com\\\/en_gb\\\/#organization\"},\"potentialAction\":[{\"@type\":\"SearchAction\",\"target\":{\"@type\":\"EntryPoint\",\"urlTemplate\":\"https:\\\/\\\/apartmentsroc.com\\\/en_gb\\\/?s={search_term_string}\"},\"query-input\":{\"@type\":\"PropertyValueSpecification\",\"valueRequired\":true,\"valueName\":\"search_term_string\"}}],\"inLanguage\":\"fr-FR\"},{\"@type\":\"Organization\",\"@id\":\"https:\\\/\\\/apartmentsroc.com\\\/en_gb\\\/#organization\",\"name\":\"ApartmentsRoc\",\"url\":\"https:\\\/\\\/apartmentsroc.com\\\/en_gb\\\/\",\"logo\":{\"@type\":\"ImageObject\",\"inLanguage\":\"fr-FR\",\"@id\":\"https:\\\/\\\/apartmentsroc.com\\\/en_gb\\\/#\\\/schema\\\/logo\\\/image\\\/\",\"url\":\"httpss:\\\/\\\/apartmentsroc.com\\\/wp-content\\\/uploads\\\/2024\\\/03\\\/ApartmentsRoc-scaled.jpg\",\"contentUrl\":\"httpss:\\\/\\\/apartmentsroc.com\\\/wp-content\\\/uploads\\\/2024\\\/03\\\/ApartmentsRoc-scaled.jpg\",\"width\":2560,\"height\":1280,\"caption\":\"ApartmentsRoc\"},\"image\":{\"@id\":\"https:\\\/\\\/apartmentsroc.com\\\/en_gb\\\/#\\\/schema\\\/logo\\\/image\\\/\"}}]}<\/script>\n<!-- \/ Yoast SEO plugin. -->","yoast_head_json":{"title":"The Portes du Soleil MultiPass -","description":"The Portes du Soleil MultiPass gives you free and discounted access to over 50 activities. Learn all about it here.","robots":{"index":"index","follow":"follow","max-snippet":"max-snippet:-1","max-image-preview":"max-image-preview:large","max-video-preview":"max-video-preview:-1"},"canonical":"https:\/\/apartmentsroc.com\/fr\/the-portes-du-soleil-multipass\/","og_locale":"fr_FR","og_type":"article","og_title":"The Portes du Soleil MultiPass -","og_description":"The Portes du Soleil MultiPass gives you free and discounted access to over 50 activities. Learn all about it here.","og_url":"https:\/\/apartmentsroc.com\/fr\/the-portes-du-soleil-multipass\/","article_modified_time":"2024-08-20T07:54:18+00:00","og_image":[{"width":2560,"height":1280,"url":"https:\/\/apartmentsroc.com\/wp-content\/uploads\/2024\/03\/Portes-du-soleil-Multipass-1-scaled.jpg","type":"image\/jpeg"}],"twitter_card":"summary_large_image","twitter_misc":{"Dur\u00e9e de lecture estim\u00e9e":"2 minutes"},"schema":{"@context":"https:\/\/schema.org","@graph":[{"@type":"WebPage","@id":"https:\/\/apartmentsroc.com\/en_gb\/the-portes-du-soleil-multipass\/","url":"https:\/\/apartmentsroc.com\/en_gb\/the-portes-du-soleil-multipass\/","name":"The Portes du Soleil MultiPass -","isPartOf":{"@id":"https:\/\/apartmentsroc.com\/en_gb\/#website"},"primaryImageOfPage":{"@id":"https:\/\/apartmentsroc.com\/en_gb\/the-portes-du-soleil-multipass\/#primaryimage"},"image":{"@id":"https:\/\/apartmentsroc.com\/en_gb\/the-portes-du-soleil-multipass\/#primaryimage"},"thumbnailUrl":"https:\/\/apartmentsroc.com\/wp-content\/uploads\/2024\/03\/Portes-du-soleil-Multipass-1-scaled.jpg","datePublished":"2024-03-06T17:10:33+00:00","dateModified":"2024-08-20T07:54:18+00:00","description":"The Portes du Soleil MultiPass gives you free and discounted access to over 50 activities. Learn all about it here.","breadcrumb":{"@id":"https:\/\/apartmentsroc.com\/en_gb\/the-portes-du-soleil-multipass\/#breadcrumb"},"inLanguage":"fr-FR","potentialAction":[{"@type":"ReadAction","target":["https:\/\/apartmentsroc.com\/en_gb\/the-portes-du-soleil-multipass\/"]}]},{"@type":"ImageObject","inLanguage":"fr-FR","@id":"https:\/\/apartmentsroc.com\/en_gb\/the-portes-du-soleil-multipass\/#primaryimage","url":"https:\/\/apartmentsroc.com\/wp-content\/uploads\/2024\/03\/Portes-du-soleil-Multipass-1-scaled.jpg","contentUrl":"https:\/\/apartmentsroc.com\/wp-content\/uploads\/2024\/03\/Portes-du-soleil-Multipass-1-scaled.jpg","width":2560,"height":1280,"caption":"Portes du soleil Multipass - kids on Chairlift"},{"@type":"BreadcrumbList","@id":"https:\/\/apartmentsroc.com\/en_gb\/the-portes-du-soleil-multipass\/#breadcrumb","itemListElement":[{"@type":"ListItem","position":1,"name":"Home","item":"https:\/\/apartmentsroc.com\/en_gb\/"},{"@type":"ListItem","position":2,"name":"The Portes du Soleil MultiPass"}]},{"@type":"WebSite","@id":"https:\/\/apartmentsroc.com\/en_gb\/#website","url":"https:\/\/apartmentsroc.com\/en_gb\/","name":"ApartmentsRoc","description":"Fantastic Self Catered Apartments in St.Jean d'Aulps","publisher":{"@id":"https:\/\/apartmentsroc.com\/en_gb\/#organization"},"potentialAction":[{"@type":"SearchAction","target":{"@type":"EntryPoint","urlTemplate":"https:\/\/apartmentsroc.com\/en_gb\/?s={search_term_string}"},"query-input":{"@type":"PropertyValueSpecification","valueRequired":true,"valueName":"search_term_string"}}],"inLanguage":"fr-FR"},{"@type":"Organization","@id":"https:\/\/apartmentsroc.com\/en_gb\/#organization","name":"ApartmentsRoc","url":"https:\/\/apartmentsroc.com\/en_gb\/","logo":{"@type":"ImageObject","inLanguage":"fr-FR","@id":"https:\/\/apartmentsroc.com\/en_gb\/#\/schema\/logo\/image\/","url":"httpss:\/\/apartmentsroc.com\/wp-content\/uploads\/2024\/03\/ApartmentsRoc-scaled.jpg","contentUrl":"httpss:\/\/apartmentsroc.com\/wp-content\/uploads\/2024\/03\/ApartmentsRoc-scaled.jpg","width":2560,"height":1280,"caption":"ApartmentsRoc"},"image":{"@id":"https:\/\/apartmentsroc.com\/en_gb\/#\/schema\/logo\/image\/"}}]}},"_links":{"self":[{"href":"https:\/\/apartmentsroc.com\/fr\/wp-json\/wp\/v2\/pages\/235","targetHints":{"allow":["GET"]}}],"collection":[{"href":"https:\/\/apartmentsroc.com\/fr\/wp-json\/wp\/v2\/pages"}],"about":[{"href":"https:\/\/apartmentsroc.com\/fr\/wp-json\/wp\/v2\/types\/page"}],"author":[{"embeddable":true,"href":"https:\/\/apartmentsroc.com\/fr\/wp-json\/wp\/v2\/users\/2"}],"replies":[{"embeddable":true,"href":"https:\/\/apartmentsroc.com\/fr\/wp-json\/wp\/v2\/comments?post=235"}],"version-history":[{"count":16,"href":"https:\/\/apartmentsroc.com\/fr\/wp-json\/wp\/v2\/pages\/235\/revisions"}],"predecessor-version":[{"id":1861,"href":"https:\/\/apartmentsroc.com\/fr\/wp-json\/wp\/v2\/pages\/235\/revisions\/1861"}],"wp:featuredmedia":[{"embeddable":true,"href":"https:\/\/apartmentsroc.com\/fr\/wp-json\/wp\/v2\/media\/582"}],"wp:attachment":[{"href":"https:\/\/apartmentsroc.com\/fr\/wp-json\/wp\/v2\/media?parent=235"}],"curies":[{"name":"wp","href":"https:\/\/api.w.org\/{rel}","templated":true}]}}