{"id":265,"date":"2024-03-11T12:50:22","date_gmt":"2024-03-11T12:50:22","guid":{"rendered":"http:\/\/apartmentsroc.com\/?page_id=265"},"modified":"2024-09-25T14:03:46","modified_gmt":"2024-09-25T14:03:46","slug":"hiring-a-car","status":"publish","type":"page","link":"https:\/\/apartmentsroc.com\/fr\/hiring-a-car\/","title":{"rendered":"Louer Une Voiture"},"content":{"rendered":"<div data-elementor-type=\"wp-page\" data-elementor-id=\"265\" class=\"elementor elementor-265\">\n\t\t\t\t<div class=\"elementor-element elementor-element-8238da4 e-flex e-con-boxed e-con e-parent\" data-id=\"8238da4\" data-element_type=\"container\" data-e-type=\"container\">\n\t\t\t\t\t<div class=\"e-con-inner\">\n\t\t\t\t<div class=\"elementor-element elementor-element-d44d771 elementor-widget elementor-widget-heading\" data-id=\"d44d771\" data-element_type=\"widget\" data-e-type=\"widget\" data-widget_type=\"heading.default\">\n\t\t\t\t<div class=\"elementor-widget-container\">\n\t\t\t\t\t<h1 class=\"elementor-heading-title elementor-size-default\">Hiring A Car In St.Jean d'Aulps<\/h1>\t\t\t\t<\/div>\n\t\t\t\t<\/div>\n\t\t\t\t\t<\/div>\n\t\t\t\t<\/div>\n\t\t<div class=\"elementor-element elementor-element-749de5c e-flex e-con-boxed e-con e-parent\" data-id=\"749de5c\" data-element_type=\"container\" data-e-type=\"container\">\n\t\t\t\t\t<div class=\"e-con-inner\">\n\t\t\t\t<div class=\"elementor-element elementor-element-3252739 elementor-widget elementor-widget-text-editor\" data-id=\"3252739\" data-element_type=\"widget\" data-e-type=\"widget\" data-widget_type=\"text-editor.default\">\n\t\t\t\t<div class=\"elementor-widget-container\">\n\t\t\t\t\t\t\t\t\t<p><!-- \/wp:heading --><!-- wp:paragraph --><\/p>\n<p>Avec une voiture, vous pouvez conduire depuis St Jean \u00e0 Morzine facilement, rendre visite \u00e0 Lac G\u00e8neve ou passer un jour \u00e0 Annecy ou Chamonix. Avec les vols fr\u00e9quents \u00e0 destination de l\u2019a\u00e9roport de Gen\u00e8ve, vous n\u2019aurez peut - \u00eatre pas besoin de conduire jusqu\u2019\u00e0 St Jean.<\/p>\n<p><!-- \/wp:paragraph --><!-- wp:paragraph --><\/p>\n<p>St Jean d\u2019Aulps et ses environs offrent de nombreuses attractions et activit\u00e9s. Vous pouvez vous d\u00e9placer en bus, \u00e0 pied ou \u00e0 v\u00e9lo, mais pour profiter au maximum de votre s\u00e9jour en \u00e9t\u00e9, vous ne pouvez pas faire mieux que de conduire.<\/p>\t\t\t\t\t\t\t\t<\/div>\n\t\t\t\t<\/div>\n\t\t\t\t\t<\/div>\n\t\t\t\t<\/div>\n\t\t<div class=\"elementor-element elementor-element-cde0515 e-flex e-con-boxed e-con e-parent\" data-id=\"cde0515\" data-element_type=\"container\" data-e-type=\"container\">\n\t\t\t\t\t<div class=\"e-con-inner\">\n\t\t\t\t<div class=\"elementor-element elementor-element-a2f8294 elementor-widget elementor-widget-heading\" data-id=\"a2f8294\" data-element_type=\"widget\" data-e-type=\"widget\" data-widget_type=\"heading.default\">\n\t\t\t\t<div class=\"elementor-widget-container\">\n\t\t\t\t\t<h2 class=\"elementor-heading-title elementor-size-default\">Louer une voiture \u00e0 l'a\u00e9roport de Gen\u00e8ve<\/h2>\t\t\t\t<\/div>\n\t\t\t\t<\/div>\n\t\t\t\t\t<\/div>\n\t\t\t\t<\/div>\n\t\t<div class=\"elementor-element elementor-element-9bfcb8b e-grid e-con-boxed e-con e-parent\" data-id=\"9bfcb8b\" data-element_type=\"container\" data-e-type=\"container\">\n\t\t\t\t\t<div class=\"e-con-inner\">\n\t\t\t\t<div class=\"elementor-element elementor-element-7187400 elementor-widget elementor-widget-image\" data-id=\"7187400\" data-element_type=\"widget\" data-e-type=\"widget\" data-widget_type=\"image.default\">\n\t\t\t\t<div class=\"elementor-widget-container\">\n\t\t\t\t\t\t\t\t\t\t\t\t\t\t\t<img fetchpriority=\"high\" decoding=\"async\" width=\"500\" height=\"500\" src=\"https:\/\/apartmentsroc.com\/wp-content\/uploads\/2024\/03\/hiring-a-car-from-Geneva-Airport.jpg\" class=\"attachment-large size-large wp-image-775\" alt=\"hiring a car from Geneva Airport - Geneva from the air\" srcset=\"https:\/\/apartmentsroc.com\/wp-content\/uploads\/2024\/03\/hiring-a-car-from-Geneva-Airport.jpg 500w, https:\/\/apartmentsroc.com\/wp-content\/uploads\/2024\/03\/hiring-a-car-from-Geneva-Airport-300x300.jpg 300w, https:\/\/apartmentsroc.com\/wp-content\/uploads\/2024\/03\/hiring-a-car-from-Geneva-Airport-150x150.jpg 150w, https:\/\/apartmentsroc.com\/wp-content\/uploads\/2024\/03\/hiring-a-car-from-Geneva-Airport-12x12.jpg 12w\" sizes=\"(max-width: 500px) 100vw, 500px\" \/>\t\t\t\t\t\t\t\t\t\t\t\t\t\t\t<\/div>\n\t\t\t\t<\/div>\n\t\t\t\t<div class=\"elementor-element elementor-element-9869f0c elementor-widget elementor-widget-text-editor\" data-id=\"9869f0c\" data-element_type=\"widget\" data-e-type=\"widget\" data-widget_type=\"text-editor.default\">\n\t\t\t\t<div class=\"elementor-widget-container\">\n\t\t\t\t\t\t\t\t\t<p><!-- \/wp:heading --><!-- wp:spacer {\"height\":\"50px\"} --><\/p>\n<p><!-- \/wp:spacer --><!-- wp:paragraph --><\/p>\n<p>L\u2019a\u00e9roport de Gen\u00e8ve dispose de nombreuses soci\u00e9t\u00e9s de location de voitures. Il y a une zone r\u00e9serv\u00e9e \u00e0 la location de voitures o\u00f9 vous trouverez la plupart des grandes compagnies. Cette zone est situ\u00e9e dans le terminal des arriv\u00e9es, et ici vous trouverez la plupart des meilleures entreprises.<\/p>\n<p><!-- \/wp:paragraph --><!-- wp:paragraph --><\/p>\n<p>Il vous suffit de pr\u00e9senter \u00e0 votre soci\u00e9t\u00e9 choisie votre permis de conduire, votre passeport et votre carte de cr\u00e9dit. Ils vous remettront alors tous les documents n\u00e9cessaires et vous indiquera o\u00f9 trouver votre voiture.<\/p>\t\t\t\t\t\t\t\t<\/div>\n\t\t\t\t<\/div>\n\t\t\t\t\t<\/div>\n\t\t\t\t<\/div>\n\t\t<div class=\"elementor-element elementor-element-a438fc0 e-flex e-con-boxed e-con e-parent\" data-id=\"a438fc0\" data-element_type=\"container\" data-e-type=\"container\">\n\t\t\t\t\t<div class=\"e-con-inner\">\n\t\t\t\t<div class=\"elementor-element elementor-element-73232e6 elementor-widget elementor-widget-heading\" data-id=\"73232e6\" data-element_type=\"widget\" data-e-type=\"widget\" data-widget_type=\"heading.default\">\n\t\t\t\t<div class=\"elementor-widget-container\">\n\t\t\t\t\t<h3 class=\"elementor-heading-title elementor-size-default\">Faut - il louer une voiture du c\u00f4t\u00e9 fran\u00e7ais ou suisse de l\u2019a\u00e9roport de Gen\u00e8ve?<\/h3>\t\t\t\t<\/div>\n\t\t\t\t<\/div>\n\t\t\t\t<div class=\"elementor-element elementor-element-3e341d2 elementor-widget elementor-widget-text-editor\" data-id=\"3e341d2\" data-element_type=\"widget\" data-e-type=\"widget\" data-widget_type=\"text-editor.default\">\n\t\t\t\t<div class=\"elementor-widget-container\">\n\t\t\t\t\t\t\t\t\t<p><!-- \/wp:heading --><!-- wp:spacer {\"height\":\"50px\"} --><\/p>\n<p><!-- \/wp:spacer --><!-- wp:paragraph --><\/p>\n<p>L\u2019a\u00e9roport de Gen\u00e8ve dispose d\u2019un c\u00f4t\u00e9 fran\u00e7ais et un c\u00f4t\u00e9 suisse, ce qui peut \u00eatre d\u00e9routant pour les personnes qui n\u2019ont jamais vol\u00e9 vers cet a\u00e9roport. G\u00e9n\u00e9ralement, si vous louez une voiture du c\u00f4t\u00e9 suisse, vous pouvez vous emmener \u00e0 St Jean d\u2019Aulps plus rapidement. Cependant, les entreprises suisses peuvent \u00eatre plus ch\u00e8res.<\/p>\n<p><!-- \/wp:paragraph --><!-- wp:paragraph --><\/p>\n<p>Une voiture de location suisse aura une vignette autorouti\u00e8re. Cette vignette appos\u00e9e sur le pare-brise vous permet de rouler sur l\u2019autoroute jusqu\u2019\u00e0 St Jean d\u2019Aulps depuis Gen\u00e8ve. Il est essentiel de demander \u00e0 la soci\u00e9t\u00e9 de location si vous \u00eates autoris\u00e9 \u00e0 conduire la voiture en France, parce que certaines ne le permettent pas. En outre, assurez - vous que votre assurance couvre la dur\u00e9e de votre voyage, parce que certaines compagnies ne vous assurent que pour une semaine.<\/p>\n<p><!-- \/wp:paragraph --><!-- wp:paragraph --><\/p>\n<p>Louer une voiture du c\u00f4t\u00e9 fran\u00e7ais de l\u2019a\u00e9roport peut \u00eatre moins cher, et vous pouvez \u00eatre certain que vous serez autoris\u00e9 \u00e0 conduire \u00e0 St Jean d\u2019Aulps. Cependant, il faut souligner que la ??? est un peu plus difficile, parce qu\u2019il faut suivre le lac jusqu\u2019\u00e0 Thonon avant de monter dans la montagne. N\u2019oubliez pas non plus que vous devrez acheter une vignette si vous souhaitez emprunter les autoroutes suisses. Toutefois, il n\u2019est pas n\u00e9cessaire de rouler sur une autoroute suisse entre Gen\u00e8ve et St Jean d\u2019Aulps.<\/p>\n<p><!-- \/wp:paragraph --><!-- wp:paragraph --><\/p>\n<p class=\"translation-block\">Vous pouvez louer une voiture \u00e0 l'a\u00e9roport de Gen\u00e8ve pour la r\u00e9cup\u00e9rer \u00e0 l'atterrissage et la conduire jusqu'\u00e0 St Jean d'Aulps. Rental Cars est un site Internet utile pour trouver la voiture de location id\u00e9ale. Vous pouvez les r\u00e9server \u00e0 l'avance, convenir d'une heure de prise en charge, sauter directement dans la voiture \u00e0 l'a\u00e9roport et vous rendre \u00e0 St Jean d'Aulps.<\/p>\t\t\t\t\t\t\t\t<\/div>\n\t\t\t\t<\/div>\n\t\t\t\t\t<\/div>\n\t\t\t\t<\/div>\n\t\t<div class=\"elementor-element elementor-element-6fb3ec9 e-flex e-con-boxed e-con e-parent\" data-id=\"6fb3ec9\" data-element_type=\"container\" data-e-type=\"container\">\n\t\t\t\t\t<div class=\"e-con-inner\">\n\t\t\t\t<div class=\"elementor-element elementor-element-b2ddb7b elementor-widget elementor-widget-heading\" data-id=\"b2ddb7b\" data-element_type=\"widget\" data-e-type=\"widget\" data-widget_type=\"heading.default\">\n\t\t\t\t<div class=\"elementor-widget-container\">\n\t\t\t\t\t<h2 class=\"elementor-heading-title elementor-size-default\">Louer une voiture \u00e0 Morzine<\/h2>\t\t\t\t<\/div>\n\t\t\t\t<\/div>\n\t\t<div class=\"elementor-element elementor-element-c3a64ad e-grid e-con-boxed e-con e-child\" data-id=\"c3a64ad\" data-element_type=\"container\" data-e-type=\"container\">\n\t\t\t\t\t<div class=\"e-con-inner\">\n\t\t\t\t<div class=\"elementor-element elementor-element-06dac57 elementor-widget elementor-widget-image\" data-id=\"06dac57\" data-element_type=\"widget\" data-e-type=\"widget\" data-widget_type=\"image.default\">\n\t\t\t\t<div class=\"elementor-widget-container\">\n\t\t\t\t\t\t\t\t\t\t\t\t\t\t\t<img decoding=\"async\" width=\"500\" height=\"500\" src=\"https:\/\/apartmentsroc.com\/wp-content\/uploads\/2024\/03\/hiring-a-car-from-Morzine.jpg\" class=\"attachment-large size-large wp-image-779\" alt=\"view over Morzine-Hiring a car from Morzine\" srcset=\"https:\/\/apartmentsroc.com\/wp-content\/uploads\/2024\/03\/hiring-a-car-from-Morzine.jpg 500w, https:\/\/apartmentsroc.com\/wp-content\/uploads\/2024\/03\/hiring-a-car-from-Morzine-300x300.jpg 300w, https:\/\/apartmentsroc.com\/wp-content\/uploads\/2024\/03\/hiring-a-car-from-Morzine-150x150.jpg 150w, https:\/\/apartmentsroc.com\/wp-content\/uploads\/2024\/03\/hiring-a-car-from-Morzine-12x12.jpg 12w\" sizes=\"(max-width: 500px) 100vw, 500px\" \/>\t\t\t\t\t\t\t\t\t\t\t\t\t\t\t<\/div>\n\t\t\t\t<\/div>\n\t\t\t\t<div class=\"elementor-element elementor-element-72b41b8 elementor-widget elementor-widget-text-editor\" data-id=\"72b41b8\" data-element_type=\"widget\" data-e-type=\"widget\" data-widget_type=\"text-editor.default\">\n\t\t\t\t<div class=\"elementor-widget-container\">\n\t\t\t\t\t\t\t\t\t<p class=\"translation-block\">Si vous utilisez un transfert d\u2019a\u00e9roport pour arriver \u00e0 St Jean d\u2019Aulps et vous d\u00e9cidez que vous voulez explorer plus, vous pouvez louer une voiture de Morzine Car Rental. Cette soci\u00e9t\u00e9 dispose d\u2019un vari\u00e9t\u00e9 des v\u00e9hicules adapt\u00e9s \u00e0 la taille de votre groupe y compris des minibus. Tous les v\u00e9hicules sont \u00e9quip\u00e9s avec des pneus pour tous temps, pour que vous puissiez les conduire en toute saison, et ils sont entretenus et nettoy\u00e9s entre les locations par une \u00e9quipe locale pour garantir qu\u2019ils sont en parfait \u00e9tat.<\/p>\n<p><!-- \/wp:paragraph --><!-- wp:paragraph --><\/p>\n<p class=\"translation-block\">Vous pouvez \u00e9galement louer une voiture par l\u2019interm\u00e9diaire de la plateforme tierce Get Around ou de l\u2019application mobile. Vous pouvez chercher \u2018Morzine\u2019 et choisir un v\u00e9hicule. Une fois que vous avez r\u00e9serv\u00e9 votre voiture, t\u00e9l\u00e9chargez les documents n\u00e9cessaires pour v\u00e9rification.<\/p>\n<p><!-- \/wp:paragraph --><!-- wp:paragraph --><\/p>\n<p>Certains v\u00e9hicules sont disponibles avec \u201cGet Around Connect\u201d, ce qui vous permet de r\u00e9server et r\u00e9cup\u00e9rer la voiture sans avoir \u00e0 prendre rendez - vous pour r\u00e9cup\u00e9rer les cl\u00e9s. L\u2019application vous permet de r\u00e9server instantan\u00e9ment, de localiser la voiture et de l\u2019inspecter rapidement. La voiture s\u2019ouvrira et les cl\u00e9s se trouveront \u00e0 l\u2019int\u00e9rieur, ce qui vous permettra de partir quand vous serez pr\u00eat.<\/p>\n<p><!-- \/wp:paragraph --><!-- wp:paragraph --><\/p>\n<p>If you have any queries, you can message us through the platform, contact them at<a href=\"mailto:info@morzinecarrental.com\" target=\"_blank\" rel=\"noreferrer noopener\">\u00a0<strong>info@morzinecarrental.com<\/strong><\/a>, or call them at +33 769364688.<\/p>\t\t\t\t\t\t\t\t<\/div>\n\t\t\t\t<\/div>\n\t\t\t\t\t<\/div>\n\t\t\t\t<\/div>\n\t\t\t\t\t<\/div>\n\t\t\t\t<\/div>\n\t\t\t\t<\/div>","protected":false},"excerpt":{"rendered":"<p>Hiring A Car In St.Jean d&#8217;Aulps Being able to drive from St.Jean means you can quickly and easily get to [&hellip;]<\/p>\n","protected":false},"author":2,"featured_media":785,"parent":0,"menu_order":0,"comment_status":"closed","ping_status":"closed","template":"","meta":{"site-sidebar-layout":"default","site-content-layout":"","ast-site-content-layout":"default","site-content-style":"default","site-sidebar-style":"default","ast-global-header-display":"","ast-banner-title-visibility":"","ast-main-header-display":"","ast-hfb-above-header-display":"","ast-hfb-below-header-display":"","ast-hfb-mobile-header-display":"","site-post-title":"","ast-breadcrumbs-content":"","ast-featured-img":"","footer-sml-layout":"","ast-disable-related-posts":"","theme-transparent-header-meta":"","adv-header-id-meta":"","stick-header-meta":"","header-above-stick-meta":"","header-main-stick-meta":"","header-below-stick-meta":"","astra-migrate-meta-layouts":"default","ast-page-background-enabled":"default","ast-page-background-meta":{"desktop":{"background-color":"var(--ast-global-color-4)","background-image":"","background-repeat":"repeat","background-position":"center center","background-size":"auto","background-attachment":"scroll","background-type":"","background-media":"","overlay-type":"","overlay-color":"","overlay-opacity":"","overlay-gradient":""},"tablet":{"background-color":"","background-image":"","background-repeat":"repeat","background-position":"center center","background-size":"auto","background-attachment":"scroll","background-type":"","background-media":"","overlay-type":"","overlay-color":"","overlay-opacity":"","overlay-gradient":""},"mobile":{"background-color":"","background-image":"","background-repeat":"repeat","background-position":"center center","background-size":"auto","background-attachment":"scroll","background-type":"","background-media":"","overlay-type":"","overlay-color":"","overlay-opacity":"","overlay-gradient":""}},"ast-content-background-meta":{"desktop":{"background-color":"var(--ast-global-color-5)","background-image":"","background-repeat":"repeat","background-position":"center center","background-size":"auto","background-attachment":"scroll","background-type":"","background-media":"","overlay-type":"","overlay-color":"","overlay-opacity":"","overlay-gradient":""},"tablet":{"background-color":"var(--ast-global-color-5)","background-image":"","background-repeat":"repeat","background-position":"center center","background-size":"auto","background-attachment":"scroll","background-type":"","background-media":"","overlay-type":"","overlay-color":"","overlay-opacity":"","overlay-gradient":""},"mobile":{"background-color":"var(--ast-global-color-5)","background-image":"","background-repeat":"repeat","background-position":"center center","background-size":"auto","background-attachment":"scroll","background-type":"","background-media":"","overlay-type":"","overlay-color":"","overlay-opacity":"","overlay-gradient":""}},"footnotes":""},"class_list":["post-265","page","type-page","status-publish","has-post-thumbnail","hentry"],"yoast_head":"<!-- This site is optimized with the Yoast SEO plugin v27.4 - https:\/\/yoast.com\/product\/yoast-seo-wordpress\/ -->\n<title>Hiring A Car -<\/title>\n<meta name=\"description\" content=\"Hiring a car gives you lots of freedom when staying in St.Jean d&#039;Aulps. Here&#039;s how to hire a car at Geneva Airport and from Morzine\" \/>\n<meta name=\"robots\" content=\"index, follow, max-snippet:-1, max-image-preview:large, max-video-preview:-1\" \/>\n<link rel=\"canonical\" href=\"https:\/\/apartmentsroc.com\/fr\/hiring-a-car\/\" \/>\n<meta property=\"og:locale\" content=\"fr_FR\" \/>\n<meta property=\"og:type\" content=\"article\" \/>\n<meta property=\"og:title\" content=\"Hiring A Car -\" \/>\n<meta property=\"og:description\" content=\"Hiring a car gives you lots of freedom when staying in St.Jean d&#039;Aulps. Here&#039;s how to hire a car at Geneva Airport and from Morzine\" \/>\n<meta property=\"og:url\" content=\"https:\/\/apartmentsroc.com\/fr\/hiring-a-car\/\" \/>\n<meta property=\"article:modified_time\" content=\"2024-09-25T14:03:46+00:00\" \/>\n<meta property=\"og:image\" content=\"https:\/\/apartmentsroc.com\/wp-content\/uploads\/2024\/03\/Hiring-a-car-4-scaled.jpg\" \/>\n\t<meta property=\"og:image:width\" content=\"2560\" \/>\n\t<meta property=\"og:image:height\" content=\"1280\" \/>\n\t<meta property=\"og:image:type\" content=\"image\/jpeg\" \/>\n<meta name=\"twitter:card\" content=\"summary_large_image\" \/>\n<meta name=\"twitter:label1\" content=\"Dur\u00e9e de lecture estim\u00e9e\" \/>\n\t<meta name=\"twitter:data1\" content=\"4 minutes\" \/>\n<script type=\"application\/ld+json\" class=\"yoast-schema-graph\">{\"@context\":\"https:\\\/\\\/schema.org\",\"@graph\":[{\"@type\":\"WebPage\",\"@id\":\"https:\\\/\\\/apartmentsroc.com\\\/en_gb\\\/hiring-a-car\\\/\",\"url\":\"https:\\\/\\\/apartmentsroc.com\\\/en_gb\\\/hiring-a-car\\\/\",\"name\":\"Hiring A Car -\",\"isPartOf\":{\"@id\":\"https:\\\/\\\/apartmentsroc.com\\\/en_gb\\\/#website\"},\"primaryImageOfPage\":{\"@id\":\"https:\\\/\\\/apartmentsroc.com\\\/en_gb\\\/hiring-a-car\\\/#primaryimage\"},\"image\":{\"@id\":\"https:\\\/\\\/apartmentsroc.com\\\/en_gb\\\/hiring-a-car\\\/#primaryimage\"},\"thumbnailUrl\":\"https:\\\/\\\/apartmentsroc.com\\\/wp-content\\\/uploads\\\/2024\\\/03\\\/Hiring-a-car-4-scaled.jpg\",\"datePublished\":\"2024-03-11T12:50:22+00:00\",\"dateModified\":\"2024-09-25T14:03:46+00:00\",\"description\":\"Hiring a car gives you lots of freedom when staying in St.Jean d'Aulps. Here's how to hire a car at Geneva Airport and from Morzine\",\"breadcrumb\":{\"@id\":\"https:\\\/\\\/apartmentsroc.com\\\/en_gb\\\/hiring-a-car\\\/#breadcrumb\"},\"inLanguage\":\"fr-FR\",\"potentialAction\":[{\"@type\":\"ReadAction\",\"target\":[\"https:\\\/\\\/apartmentsroc.com\\\/en_gb\\\/hiring-a-car\\\/\"]}]},{\"@type\":\"ImageObject\",\"inLanguage\":\"fr-FR\",\"@id\":\"https:\\\/\\\/apartmentsroc.com\\\/en_gb\\\/hiring-a-car\\\/#primaryimage\",\"url\":\"https:\\\/\\\/apartmentsroc.com\\\/wp-content\\\/uploads\\\/2024\\\/03\\\/Hiring-a-car-4-scaled.jpg\",\"contentUrl\":\"https:\\\/\\\/apartmentsroc.com\\\/wp-content\\\/uploads\\\/2024\\\/03\\\/Hiring-a-car-4-scaled.jpg\",\"width\":2560,\"height\":1280,\"caption\":\"car and keys - hiring a car in st.jean d'aulps\"},{\"@type\":\"BreadcrumbList\",\"@id\":\"https:\\\/\\\/apartmentsroc.com\\\/en_gb\\\/hiring-a-car\\\/#breadcrumb\",\"itemListElement\":[{\"@type\":\"ListItem\",\"position\":1,\"name\":\"Home\",\"item\":\"https:\\\/\\\/apartmentsroc.com\\\/en_gb\\\/\"},{\"@type\":\"ListItem\",\"position\":2,\"name\":\"Hiring A Car\"}]},{\"@type\":\"WebSite\",\"@id\":\"https:\\\/\\\/apartmentsroc.com\\\/en_gb\\\/#website\",\"url\":\"https:\\\/\\\/apartmentsroc.com\\\/en_gb\\\/\",\"name\":\"ApartmentsRoc\",\"description\":\"Fantastic Self Catered Apartments in St.Jean d'Aulps\",\"publisher\":{\"@id\":\"https:\\\/\\\/apartmentsroc.com\\\/en_gb\\\/#organization\"},\"potentialAction\":[{\"@type\":\"SearchAction\",\"target\":{\"@type\":\"EntryPoint\",\"urlTemplate\":\"https:\\\/\\\/apartmentsroc.com\\\/en_gb\\\/?s={search_term_string}\"},\"query-input\":{\"@type\":\"PropertyValueSpecification\",\"valueRequired\":true,\"valueName\":\"search_term_string\"}}],\"inLanguage\":\"fr-FR\"},{\"@type\":\"Organization\",\"@id\":\"https:\\\/\\\/apartmentsroc.com\\\/en_gb\\\/#organization\",\"name\":\"ApartmentsRoc\",\"url\":\"https:\\\/\\\/apartmentsroc.com\\\/en_gb\\\/\",\"logo\":{\"@type\":\"ImageObject\",\"inLanguage\":\"fr-FR\",\"@id\":\"https:\\\/\\\/apartmentsroc.com\\\/en_gb\\\/#\\\/schema\\\/logo\\\/image\\\/\",\"url\":\"httpss:\\\/\\\/apartmentsroc.com\\\/wp-content\\\/uploads\\\/2024\\\/03\\\/ApartmentsRoc-scaled.jpg\",\"contentUrl\":\"httpss:\\\/\\\/apartmentsroc.com\\\/wp-content\\\/uploads\\\/2024\\\/03\\\/ApartmentsRoc-scaled.jpg\",\"width\":2560,\"height\":1280,\"caption\":\"ApartmentsRoc\"},\"image\":{\"@id\":\"https:\\\/\\\/apartmentsroc.com\\\/en_gb\\\/#\\\/schema\\\/logo\\\/image\\\/\"}}]}<\/script>\n<!-- \/ Yoast SEO plugin. -->","yoast_head_json":{"title":"Hiring A Car -","description":"Hiring a car gives you lots of freedom when staying in St.Jean d'Aulps. Here's how to hire a car at Geneva Airport and from Morzine","robots":{"index":"index","follow":"follow","max-snippet":"max-snippet:-1","max-image-preview":"max-image-preview:large","max-video-preview":"max-video-preview:-1"},"canonical":"https:\/\/apartmentsroc.com\/fr\/hiring-a-car\/","og_locale":"fr_FR","og_type":"article","og_title":"Hiring A Car -","og_description":"Hiring a car gives you lots of freedom when staying in St.Jean d'Aulps. Here's how to hire a car at Geneva Airport and from Morzine","og_url":"https:\/\/apartmentsroc.com\/fr\/hiring-a-car\/","article_modified_time":"2024-09-25T14:03:46+00:00","og_image":[{"width":2560,"height":1280,"url":"https:\/\/apartmentsroc.com\/wp-content\/uploads\/2024\/03\/Hiring-a-car-4-scaled.jpg","type":"image\/jpeg"}],"twitter_card":"summary_large_image","twitter_misc":{"Dur\u00e9e de lecture estim\u00e9e":"4 minutes"},"schema":{"@context":"https:\/\/schema.org","@graph":[{"@type":"WebPage","@id":"https:\/\/apartmentsroc.com\/en_gb\/hiring-a-car\/","url":"https:\/\/apartmentsroc.com\/en_gb\/hiring-a-car\/","name":"Hiring A Car -","isPartOf":{"@id":"https:\/\/apartmentsroc.com\/en_gb\/#website"},"primaryImageOfPage":{"@id":"https:\/\/apartmentsroc.com\/en_gb\/hiring-a-car\/#primaryimage"},"image":{"@id":"https:\/\/apartmentsroc.com\/en_gb\/hiring-a-car\/#primaryimage"},"thumbnailUrl":"https:\/\/apartmentsroc.com\/wp-content\/uploads\/2024\/03\/Hiring-a-car-4-scaled.jpg","datePublished":"2024-03-11T12:50:22+00:00","dateModified":"2024-09-25T14:03:46+00:00","description":"Hiring a car gives you lots of freedom when staying in St.Jean d'Aulps. Here's how to hire a car at Geneva Airport and from Morzine","breadcrumb":{"@id":"https:\/\/apartmentsroc.com\/en_gb\/hiring-a-car\/#breadcrumb"},"inLanguage":"fr-FR","potentialAction":[{"@type":"ReadAction","target":["https:\/\/apartmentsroc.com\/en_gb\/hiring-a-car\/"]}]},{"@type":"ImageObject","inLanguage":"fr-FR","@id":"https:\/\/apartmentsroc.com\/en_gb\/hiring-a-car\/#primaryimage","url":"https:\/\/apartmentsroc.com\/wp-content\/uploads\/2024\/03\/Hiring-a-car-4-scaled.jpg","contentUrl":"https:\/\/apartmentsroc.com\/wp-content\/uploads\/2024\/03\/Hiring-a-car-4-scaled.jpg","width":2560,"height":1280,"caption":"car and keys - hiring a car in st.jean d'aulps"},{"@type":"BreadcrumbList","@id":"https:\/\/apartmentsroc.com\/en_gb\/hiring-a-car\/#breadcrumb","itemListElement":[{"@type":"ListItem","position":1,"name":"Home","item":"https:\/\/apartmentsroc.com\/en_gb\/"},{"@type":"ListItem","position":2,"name":"Hiring A Car"}]},{"@type":"WebSite","@id":"https:\/\/apartmentsroc.com\/en_gb\/#website","url":"https:\/\/apartmentsroc.com\/en_gb\/","name":"ApartmentsRoc","description":"Fantastic Self Catered Apartments in St.Jean d'Aulps","publisher":{"@id":"https:\/\/apartmentsroc.com\/en_gb\/#organization"},"potentialAction":[{"@type":"SearchAction","target":{"@type":"EntryPoint","urlTemplate":"https:\/\/apartmentsroc.com\/en_gb\/?s={search_term_string}"},"query-input":{"@type":"PropertyValueSpecification","valueRequired":true,"valueName":"search_term_string"}}],"inLanguage":"fr-FR"},{"@type":"Organization","@id":"https:\/\/apartmentsroc.com\/en_gb\/#organization","name":"ApartmentsRoc","url":"https:\/\/apartmentsroc.com\/en_gb\/","logo":{"@type":"ImageObject","inLanguage":"fr-FR","@id":"https:\/\/apartmentsroc.com\/en_gb\/#\/schema\/logo\/image\/","url":"httpss:\/\/apartmentsroc.com\/wp-content\/uploads\/2024\/03\/ApartmentsRoc-scaled.jpg","contentUrl":"httpss:\/\/apartmentsroc.com\/wp-content\/uploads\/2024\/03\/ApartmentsRoc-scaled.jpg","width":2560,"height":1280,"caption":"ApartmentsRoc"},"image":{"@id":"https:\/\/apartmentsroc.com\/en_gb\/#\/schema\/logo\/image\/"}}]}},"_links":{"self":[{"href":"https:\/\/apartmentsroc.com\/fr\/wp-json\/wp\/v2\/pages\/265","targetHints":{"allow":["GET"]}}],"collection":[{"href":"https:\/\/apartmentsroc.com\/fr\/wp-json\/wp\/v2\/pages"}],"about":[{"href":"https:\/\/apartmentsroc.com\/fr\/wp-json\/wp\/v2\/types\/page"}],"author":[{"embeddable":true,"href":"https:\/\/apartmentsroc.com\/fr\/wp-json\/wp\/v2\/users\/2"}],"replies":[{"embeddable":true,"href":"https:\/\/apartmentsroc.com\/fr\/wp-json\/wp\/v2\/comments?post=265"}],"version-history":[{"count":24,"href":"https:\/\/apartmentsroc.com\/fr\/wp-json\/wp\/v2\/pages\/265\/revisions"}],"predecessor-version":[{"id":2048,"href":"https:\/\/apartmentsroc.com\/fr\/wp-json\/wp\/v2\/pages\/265\/revisions\/2048"}],"wp:featuredmedia":[{"embeddable":true,"href":"https:\/\/apartmentsroc.com\/fr\/wp-json\/wp\/v2\/media\/785"}],"wp:attachment":[{"href":"https:\/\/apartmentsroc.com\/fr\/wp-json\/wp\/v2\/media?parent=265"}],"curies":[{"name":"wp","href":"https:\/\/api.w.org\/{rel}","templated":true}]}}