{"id":273,"date":"2024-03-11T13:12:38","date_gmt":"2024-03-11T13:12:38","guid":{"rendered":"http:\/\/apartmentsroc.com\/?page_id=273"},"modified":"2024-09-25T14:01:59","modified_gmt":"2024-09-25T14:01:59","slug":"childcare-in-st-jean-daulps","status":"publish","type":"page","link":"https:\/\/apartmentsroc.com\/fr\/childcare-in-st-jean-daulps\/","title":{"rendered":"Garde d'enfants \u00e0 St. Jean d'Aulps"},"content":{"rendered":"<div data-elementor-type=\"wp-page\" data-elementor-id=\"273\" class=\"elementor elementor-273\">\n\t\t\t\t<div class=\"elementor-element elementor-element-59007d1 e-flex e-con-boxed e-con e-parent\" data-id=\"59007d1\" data-element_type=\"container\" data-e-type=\"container\">\n\t\t\t\t\t<div class=\"e-con-inner\">\n\t\t\t\t<div class=\"elementor-element elementor-element-b5d0602 elementor-widget elementor-widget-heading\" data-id=\"b5d0602\" data-element_type=\"widget\" data-e-type=\"widget\" data-widget_type=\"heading.default\">\n\t\t\t\t<div class=\"elementor-widget-container\">\n\t\t\t\t\t<h1 class=\"elementor-heading-title elementor-size-default\">Childcare In St.Jean d'Aulps<\/h1>\t\t\t\t<\/div>\n\t\t\t\t<\/div>\n\t\t\t\t\t<\/div>\n\t\t\t\t<\/div>\n\t\t<div class=\"elementor-element elementor-element-40bd9de e-grid e-con-boxed e-con e-parent\" data-id=\"40bd9de\" data-element_type=\"container\" data-e-type=\"container\">\n\t\t\t\t\t<div class=\"e-con-inner\">\n\t\t\t\t<div class=\"elementor-element elementor-element-a2a20b9 elementor-widget elementor-widget-image\" data-id=\"a2a20b9\" data-element_type=\"widget\" data-e-type=\"widget\" data-widget_type=\"image.default\">\n\t\t\t\t<div class=\"elementor-widget-container\">\n\t\t\t\t\t\t\t\t\t\t\t\t\t\t\t<img fetchpriority=\"high\" decoding=\"async\" width=\"500\" height=\"500\" src=\"https:\/\/apartmentsroc.com\/wp-content\/uploads\/2024\/03\/childcare-in-St.Jean-daulps-2.jpg\" class=\"attachment-large size-large wp-image-792\" alt=\"childcare in St.Jean d&#039;aulps-2 - Nanny and kids\" srcset=\"https:\/\/apartmentsroc.com\/wp-content\/uploads\/2024\/03\/childcare-in-St.Jean-daulps-2.jpg 500w, https:\/\/apartmentsroc.com\/wp-content\/uploads\/2024\/03\/childcare-in-St.Jean-daulps-2-300x300.jpg 300w, https:\/\/apartmentsroc.com\/wp-content\/uploads\/2024\/03\/childcare-in-St.Jean-daulps-2-150x150.jpg 150w, https:\/\/apartmentsroc.com\/wp-content\/uploads\/2024\/03\/childcare-in-St.Jean-daulps-2-12x12.jpg 12w\" sizes=\"(max-width: 500px) 100vw, 500px\" \/>\t\t\t\t\t\t\t\t\t\t\t\t\t\t\t<\/div>\n\t\t\t\t<\/div>\n\t\t\t\t<div class=\"elementor-element elementor-element-4ef9163 elementor-widget elementor-widget-text-editor\" data-id=\"4ef9163\" data-element_type=\"widget\" data-e-type=\"widget\" data-widget_type=\"text-editor.default\">\n\t\t\t\t<div class=\"elementor-widget-container\">\n\t\t\t\t\t\t\t\t\t<p class=\"translation-block\">Il y a de nombreuses activit\u00e9s adapt\u00e9es aux enfants \u00e0 St Jean D\u2019Aulps. Cependant, c\u2019est possible que vous voulez parfois avoir recours aux services d\u2019une nounou cet \u00e9t\u00e9.<\/p>\n<p><!-- \/wp:paragraph --><!-- wp:paragraph --><\/p>\n<p>Nous vous recommandons de r\u00e9server \u00e0 l' avance. Voici nos recommandations bas\u00e9es sur les qualifications et la fiabilit\u00e9 des nounous locales:<\/p>\t\t\t\t\t\t\t\t<\/div>\n\t\t\t\t<\/div>\n\t\t\t\t\t<\/div>\n\t\t\t\t<\/div>\n\t\t<div class=\"elementor-element elementor-element-654b756 e-flex e-con-boxed e-con e-parent\" data-id=\"654b756\" data-element_type=\"container\" data-e-type=\"container\">\n\t\t\t\t\t<div class=\"e-con-inner\">\n\t\t\t\t<div class=\"elementor-element elementor-element-3163656 elementor-widget elementor-widget-heading\" data-id=\"3163656\" data-element_type=\"widget\" data-e-type=\"widget\" data-widget_type=\"heading.default\">\n\t\t\t\t<div class=\"elementor-widget-container\">\n\t\t\t\t\t<h3 class=\"elementor-heading-title elementor-size-default\">Cheeky Monkeys<\/h3>\t\t\t\t<\/div>\n\t\t\t\t<\/div>\n\t\t\t\t<div class=\"elementor-element elementor-element-f3123d8 elementor-widget elementor-widget-text-editor\" data-id=\"f3123d8\" data-element_type=\"widget\" data-e-type=\"widget\" data-widget_type=\"text-editor.default\">\n\t\t\t\t<div class=\"elementor-widget-container\">\n\t\t\t\t\t\t\t\t\t<p><!-- \/wp:heading --><!-- wp:spacer {\"height\":\"50px\"} --><\/p>\n<p><!-- \/wp:spacer --><!-- wp:paragraph --><\/p>\n<p class=\"translation-block\">Sharon McCrae - 0033 (0)616 122 880\nCheeky Monkeys propose des nounous anglaises qualifi\u00e9es qui peuvent venir chez vous pour s\u2019occuper de vos enfants pendant une journ\u00e9e ou une demi - journ\u00e9e. Ils proposent \u00e9galement un service de garde d\u2019enfants en soir\u00e9e pour les personnes qui souhaitent sortir. En plus, Cheeky Monkeys organise un club de d\u00e9jeuner et va chercher vos enfants \u00e0 leur cours de ski pendant l\u2019hiver.<\/p>\t\t\t\t\t\t\t\t<\/div>\n\t\t\t\t<\/div>\n\t\t\t\t\t<\/div>\n\t\t\t\t<\/div>\n\t\t<div class=\"elementor-element elementor-element-dca7f67 e-flex e-con-boxed e-con e-parent\" data-id=\"dca7f67\" data-element_type=\"container\" data-e-type=\"container\">\n\t\t\t\t\t<div class=\"e-con-inner\">\n\t\t\t\t<div class=\"elementor-element elementor-element-5169bea elementor-widget elementor-widget-heading\" data-id=\"5169bea\" data-element_type=\"widget\" data-e-type=\"widget\" data-widget_type=\"heading.default\">\n\t\t\t\t<div class=\"elementor-widget-container\">\n\t\t\t\t\t<h3 class=\"elementor-heading-title elementor-size-default\">Morzine Kids<\/h3>\t\t\t\t<\/div>\n\t\t\t\t<\/div>\n\t\t\t\t<div class=\"elementor-element elementor-element-3366f28 elementor-widget elementor-widget-text-editor\" data-id=\"3366f28\" data-element_type=\"widget\" data-e-type=\"widget\" data-widget_type=\"text-editor.default\">\n\t\t\t\t<div class=\"elementor-widget-container\">\n\t\t\t\t\t\t\t\t\t<p><!-- \/wp:heading --><!-- wp:spacer {\"height\":\"50px\"} --><\/p>\n<p><!-- \/wp:spacer --><!-- wp:paragraph --><\/p>\n<p class=\"translation-block\">Helen Barnett - 0033 (0)684 064 098\nMorzine Kids est organis\u00e9 par Helen Barnett, une infirmi\u00e8re p\u00e9diatrique qualifi\u00e9e du Royaume - Uni. Son entreprise est enti\u00e8rement assur\u00e9e et enregistr\u00e9e en France. Helen propose des services de garde d\u2019enfants \u00e0 la journ\u00e9e ou \u00e0 la demi - journ\u00e9e, ainsi que des services de baby-sitting sur votre lieu de vacances.<\/p>\t\t\t\t\t\t\t\t<\/div>\n\t\t\t\t<\/div>\n\t\t\t\t\t<\/div>\n\t\t\t\t<\/div>\n\t\t<div class=\"elementor-element elementor-element-8d2b92c e-flex e-con-boxed e-con e-parent\" data-id=\"8d2b92c\" data-element_type=\"container\" data-e-type=\"container\">\n\t\t\t\t\t<div class=\"e-con-inner\">\n\t\t\t\t<div class=\"elementor-element elementor-element-8d1c40e elementor-widget elementor-widget-heading\" data-id=\"8d1c40e\" data-element_type=\"widget\" data-e-type=\"widget\" data-widget_type=\"heading.default\">\n\t\t\t\t<div class=\"elementor-widget-container\">\n\t\t\t\t\t<h3 class=\"elementor-heading-title elementor-size-default\">ABC Childcare<\/h3>\t\t\t\t<\/div>\n\t\t\t\t<\/div>\n\t\t\t\t<div class=\"elementor-element elementor-element-a1f2b6e elementor-widget elementor-widget-text-editor\" data-id=\"a1f2b6e\" data-element_type=\"widget\" data-e-type=\"widget\" data-widget_type=\"text-editor.default\">\n\t\t\t\t<div class=\"elementor-widget-container\">\n\t\t\t\t\t\t\t\t\t<p><!-- \/wp:heading --><!-- wp:spacer {\"height\":\"50px\"} --><\/p>\n<p><!-- \/wp:spacer --><!-- wp:paragraph --><\/p>\n<p class=\"translation-block\">ABC est organis\u00e9 par Amy, une nounou locale et avec beaucoup d'exp\u00e9rience qui propose du baby-sitting dans votre lieu de vacances. Elle est disponible toute l\u2019ann\u00e9e.<\/p>\n<p><!-- \/wp:paragraph --><!-- wp:spacer {\"height\":\"50px\"} --><\/p>\n<div class=\"wp-block-spacer\" style=\"height: 50px;\" aria-hidden=\"true\">\u00a0<\/div>\t\t\t\t\t\t\t\t<\/div>\n\t\t\t\t<\/div>\n\t\t\t\t\t<\/div>\n\t\t\t\t<\/div>\n\t\t<div class=\"elementor-element elementor-element-666c784 e-flex e-con-boxed e-con e-parent\" data-id=\"666c784\" data-element_type=\"container\" data-e-type=\"container\">\n\t\t\t\t\t<div class=\"e-con-inner\">\n\t\t\t\t<div class=\"elementor-element elementor-element-bc8d2ef elementor-widget elementor-widget-heading\" data-id=\"bc8d2ef\" data-element_type=\"widget\" data-e-type=\"widget\" data-widget_type=\"heading.default\">\n\t\t\t\t<div class=\"elementor-widget-container\">\n\t\t\t\t\t<h3 class=\"elementor-heading-title elementor-size-default\">A-Range Childcare<\/h3>\t\t\t\t<\/div>\n\t\t\t\t<\/div>\n\t\t\t\t<div class=\"elementor-element elementor-element-03e757b elementor-widget elementor-widget-text-editor\" data-id=\"03e757b\" data-element_type=\"widget\" data-e-type=\"widget\" data-widget_type=\"text-editor.default\">\n\t\t\t\t<div class=\"elementor-widget-container\">\n\t\t\t\t\t\t\t\t\t<p><!-- \/wp:heading --><!-- wp:spacer {\"height\":\"50px\"} --><\/p>\n<p><!-- \/wp:spacer --><!-- wp:paragraph --><\/p>\n<p class=\"translation-block\">Ally Hinckley - 0033 (0)767 868 997\nA - Range Childcare propose des nounous qualifi\u00e9es dans votre chalet ou appartement. L\u2019entreprise est organis\u00e9e par Ally, qui s\u2019occupe de vos enfants \u00e0 la journ\u00e9e ou \u00e0 la demi-journ\u00e9e et propose \u00e9galement un service de baby - sitting en soir\u00e9e.<\/p>\t\t\t\t\t\t\t\t<\/div>\n\t\t\t\t<\/div>\n\t\t\t\t\t<\/div>\n\t\t\t\t<\/div>\n\t\t\t\t<\/div>","protected":false},"excerpt":{"rendered":"<p>Childcare In St.Jean d&#8217;Aulps There are many child-friendly activities to enjoy in St.Jean d&#8217;Aulps, but sometimes you may want to [&hellip;]<\/p>\n","protected":false},"author":2,"featured_media":799,"parent":0,"menu_order":0,"comment_status":"closed","ping_status":"closed","template":"","meta":{"site-sidebar-layout":"default","site-content-layout":"","ast-site-content-layout":"default","site-content-style":"default","site-sidebar-style":"default","ast-global-header-display":"","ast-banner-title-visibility":"","ast-main-header-display":"","ast-hfb-above-header-display":"","ast-hfb-below-header-display":"","ast-hfb-mobile-header-display":"","site-post-title":"","ast-breadcrumbs-content":"","ast-featured-img":"","footer-sml-layout":"","ast-disable-related-posts":"","theme-transparent-header-meta":"","adv-header-id-meta":"","stick-header-meta":"","header-above-stick-meta":"","header-main-stick-meta":"","header-below-stick-meta":"","astra-migrate-meta-layouts":"default","ast-page-background-enabled":"default","ast-page-background-meta":{"desktop":{"background-color":"var(--ast-global-color-4)","background-image":"","background-repeat":"repeat","background-position":"center center","background-size":"auto","background-attachment":"scroll","background-type":"","background-media":"","overlay-type":"","overlay-color":"","overlay-opacity":"","overlay-gradient":""},"tablet":{"background-color":"","background-image":"","background-repeat":"repeat","background-position":"center center","background-size":"auto","background-attachment":"scroll","background-type":"","background-media":"","overlay-type":"","overlay-color":"","overlay-opacity":"","overlay-gradient":""},"mobile":{"background-color":"","background-image":"","background-repeat":"repeat","background-position":"center center","background-size":"auto","background-attachment":"scroll","background-type":"","background-media":"","overlay-type":"","overlay-color":"","overlay-opacity":"","overlay-gradient":""}},"ast-content-background-meta":{"desktop":{"background-color":"var(--ast-global-color-5)","background-image":"","background-repeat":"repeat","background-position":"center center","background-size":"auto","background-attachment":"scroll","background-type":"","background-media":"","overlay-type":"","overlay-color":"","overlay-opacity":"","overlay-gradient":""},"tablet":{"background-color":"var(--ast-global-color-5)","background-image":"","background-repeat":"repeat","background-position":"center center","background-size":"auto","background-attachment":"scroll","background-type":"","background-media":"","overlay-type":"","overlay-color":"","overlay-opacity":"","overlay-gradient":""},"mobile":{"background-color":"var(--ast-global-color-5)","background-image":"","background-repeat":"repeat","background-position":"center center","background-size":"auto","background-attachment":"scroll","background-type":"","background-media":"","overlay-type":"","overlay-color":"","overlay-opacity":"","overlay-gradient":""}},"footnotes":""},"class_list":["post-273","page","type-page","status-publish","has-post-thumbnail","hentry"],"yoast_head":"<!-- This site is optimized with the Yoast SEO plugin v27.4 - https:\/\/yoast.com\/product\/yoast-seo-wordpress\/ -->\n<title>Childcare In St.Jean d&#039;Aulps -<\/title>\n<meta name=\"description\" content=\"Learn all about childcare in St.Jean d&#039;aulps. Here are our recommended local nannies and childcare providers.\" \/>\n<meta name=\"robots\" content=\"index, follow, max-snippet:-1, max-image-preview:large, max-video-preview:-1\" \/>\n<link rel=\"canonical\" href=\"https:\/\/apartmentsroc.com\/fr\/childcare-in-st-jean-daulps\/\" \/>\n<meta property=\"og:locale\" content=\"fr_FR\" \/>\n<meta property=\"og:type\" content=\"article\" \/>\n<meta property=\"og:title\" content=\"Childcare In St.Jean d&#039;Aulps -\" \/>\n<meta property=\"og:description\" content=\"Learn all about childcare in St.Jean d&#039;aulps. Here are our recommended local nannies and childcare providers.\" \/>\n<meta property=\"og:url\" content=\"https:\/\/apartmentsroc.com\/fr\/childcare-in-st-jean-daulps\/\" \/>\n<meta property=\"article:modified_time\" content=\"2024-09-25T14:01:59+00:00\" \/>\n<meta property=\"og:image\" content=\"https:\/\/apartmentsroc.com\/wp-content\/uploads\/2024\/03\/childcare-4-scaled.jpg\" \/>\n\t<meta property=\"og:image:width\" content=\"2560\" \/>\n\t<meta property=\"og:image:height\" content=\"1280\" \/>\n\t<meta property=\"og:image:type\" content=\"image\/jpeg\" \/>\n<meta name=\"twitter:card\" content=\"summary_large_image\" \/>\n<meta name=\"twitter:label1\" content=\"Dur\u00e9e de lecture estim\u00e9e\" \/>\n\t<meta name=\"twitter:data1\" content=\"2 minutes\" \/>\n<script type=\"application\/ld+json\" class=\"yoast-schema-graph\">{\"@context\":\"https:\\\/\\\/schema.org\",\"@graph\":[{\"@type\":\"WebPage\",\"@id\":\"https:\\\/\\\/apartmentsroc.com\\\/en_gb\\\/childcare-in-st-jean-daulps\\\/\",\"url\":\"https:\\\/\\\/apartmentsroc.com\\\/en_gb\\\/childcare-in-st-jean-daulps\\\/\",\"name\":\"Childcare In St.Jean d'Aulps -\",\"isPartOf\":{\"@id\":\"https:\\\/\\\/apartmentsroc.com\\\/en_gb\\\/#website\"},\"primaryImageOfPage\":{\"@id\":\"https:\\\/\\\/apartmentsroc.com\\\/en_gb\\\/childcare-in-st-jean-daulps\\\/#primaryimage\"},\"image\":{\"@id\":\"https:\\\/\\\/apartmentsroc.com\\\/en_gb\\\/childcare-in-st-jean-daulps\\\/#primaryimage\"},\"thumbnailUrl\":\"https:\\\/\\\/apartmentsroc.com\\\/wp-content\\\/uploads\\\/2024\\\/03\\\/childcare-4-scaled.jpg\",\"datePublished\":\"2024-03-11T13:12:38+00:00\",\"dateModified\":\"2024-09-25T14:01:59+00:00\",\"description\":\"Learn all about childcare in St.Jean d'aulps. Here are our recommended local nannies and childcare providers.\",\"breadcrumb\":{\"@id\":\"https:\\\/\\\/apartmentsroc.com\\\/en_gb\\\/childcare-in-st-jean-daulps\\\/#breadcrumb\"},\"inLanguage\":\"fr-FR\",\"potentialAction\":[{\"@type\":\"ReadAction\",\"target\":[\"https:\\\/\\\/apartmentsroc.com\\\/en_gb\\\/childcare-in-st-jean-daulps\\\/\"]}]},{\"@type\":\"ImageObject\",\"inLanguage\":\"fr-FR\",\"@id\":\"https:\\\/\\\/apartmentsroc.com\\\/en_gb\\\/childcare-in-st-jean-daulps\\\/#primaryimage\",\"url\":\"https:\\\/\\\/apartmentsroc.com\\\/wp-content\\\/uploads\\\/2024\\\/03\\\/childcare-4-scaled.jpg\",\"contentUrl\":\"https:\\\/\\\/apartmentsroc.com\\\/wp-content\\\/uploads\\\/2024\\\/03\\\/childcare-4-scaled.jpg\",\"width\":2560,\"height\":1280,\"caption\":\"Kids bedroom - childcare in st.jean d'aulps\"},{\"@type\":\"BreadcrumbList\",\"@id\":\"https:\\\/\\\/apartmentsroc.com\\\/en_gb\\\/childcare-in-st-jean-daulps\\\/#breadcrumb\",\"itemListElement\":[{\"@type\":\"ListItem\",\"position\":1,\"name\":\"Home\",\"item\":\"https:\\\/\\\/apartmentsroc.com\\\/en_gb\\\/\"},{\"@type\":\"ListItem\",\"position\":2,\"name\":\"Childcare In St.Jean d&#8217;Aulps\"}]},{\"@type\":\"WebSite\",\"@id\":\"https:\\\/\\\/apartmentsroc.com\\\/en_gb\\\/#website\",\"url\":\"https:\\\/\\\/apartmentsroc.com\\\/en_gb\\\/\",\"name\":\"ApartmentsRoc\",\"description\":\"Fantastic Self Catered Apartments in St.Jean d'Aulps\",\"publisher\":{\"@id\":\"https:\\\/\\\/apartmentsroc.com\\\/en_gb\\\/#organization\"},\"potentialAction\":[{\"@type\":\"SearchAction\",\"target\":{\"@type\":\"EntryPoint\",\"urlTemplate\":\"https:\\\/\\\/apartmentsroc.com\\\/en_gb\\\/?s={search_term_string}\"},\"query-input\":{\"@type\":\"PropertyValueSpecification\",\"valueRequired\":true,\"valueName\":\"search_term_string\"}}],\"inLanguage\":\"fr-FR\"},{\"@type\":\"Organization\",\"@id\":\"https:\\\/\\\/apartmentsroc.com\\\/en_gb\\\/#organization\",\"name\":\"ApartmentsRoc\",\"url\":\"https:\\\/\\\/apartmentsroc.com\\\/en_gb\\\/\",\"logo\":{\"@type\":\"ImageObject\",\"inLanguage\":\"fr-FR\",\"@id\":\"https:\\\/\\\/apartmentsroc.com\\\/en_gb\\\/#\\\/schema\\\/logo\\\/image\\\/\",\"url\":\"httpss:\\\/\\\/apartmentsroc.com\\\/wp-content\\\/uploads\\\/2024\\\/03\\\/ApartmentsRoc-scaled.jpg\",\"contentUrl\":\"httpss:\\\/\\\/apartmentsroc.com\\\/wp-content\\\/uploads\\\/2024\\\/03\\\/ApartmentsRoc-scaled.jpg\",\"width\":2560,\"height\":1280,\"caption\":\"ApartmentsRoc\"},\"image\":{\"@id\":\"https:\\\/\\\/apartmentsroc.com\\\/en_gb\\\/#\\\/schema\\\/logo\\\/image\\\/\"}}]}<\/script>\n<!-- \/ Yoast SEO plugin. -->","yoast_head_json":{"title":"Childcare In St.Jean d'Aulps -","description":"Learn all about childcare in St.Jean d'aulps. Here are our recommended local nannies and childcare providers.","robots":{"index":"index","follow":"follow","max-snippet":"max-snippet:-1","max-image-preview":"max-image-preview:large","max-video-preview":"max-video-preview:-1"},"canonical":"https:\/\/apartmentsroc.com\/fr\/childcare-in-st-jean-daulps\/","og_locale":"fr_FR","og_type":"article","og_title":"Childcare In St.Jean d'Aulps -","og_description":"Learn all about childcare in St.Jean d'aulps. Here are our recommended local nannies and childcare providers.","og_url":"https:\/\/apartmentsroc.com\/fr\/childcare-in-st-jean-daulps\/","article_modified_time":"2024-09-25T14:01:59+00:00","og_image":[{"width":2560,"height":1280,"url":"https:\/\/apartmentsroc.com\/wp-content\/uploads\/2024\/03\/childcare-4-scaled.jpg","type":"image\/jpeg"}],"twitter_card":"summary_large_image","twitter_misc":{"Dur\u00e9e de lecture estim\u00e9e":"2 minutes"},"schema":{"@context":"https:\/\/schema.org","@graph":[{"@type":"WebPage","@id":"https:\/\/apartmentsroc.com\/en_gb\/childcare-in-st-jean-daulps\/","url":"https:\/\/apartmentsroc.com\/en_gb\/childcare-in-st-jean-daulps\/","name":"Childcare In St.Jean d'Aulps -","isPartOf":{"@id":"https:\/\/apartmentsroc.com\/en_gb\/#website"},"primaryImageOfPage":{"@id":"https:\/\/apartmentsroc.com\/en_gb\/childcare-in-st-jean-daulps\/#primaryimage"},"image":{"@id":"https:\/\/apartmentsroc.com\/en_gb\/childcare-in-st-jean-daulps\/#primaryimage"},"thumbnailUrl":"https:\/\/apartmentsroc.com\/wp-content\/uploads\/2024\/03\/childcare-4-scaled.jpg","datePublished":"2024-03-11T13:12:38+00:00","dateModified":"2024-09-25T14:01:59+00:00","description":"Learn all about childcare in St.Jean d'aulps. Here are our recommended local nannies and childcare providers.","breadcrumb":{"@id":"https:\/\/apartmentsroc.com\/en_gb\/childcare-in-st-jean-daulps\/#breadcrumb"},"inLanguage":"fr-FR","potentialAction":[{"@type":"ReadAction","target":["https:\/\/apartmentsroc.com\/en_gb\/childcare-in-st-jean-daulps\/"]}]},{"@type":"ImageObject","inLanguage":"fr-FR","@id":"https:\/\/apartmentsroc.com\/en_gb\/childcare-in-st-jean-daulps\/#primaryimage","url":"https:\/\/apartmentsroc.com\/wp-content\/uploads\/2024\/03\/childcare-4-scaled.jpg","contentUrl":"https:\/\/apartmentsroc.com\/wp-content\/uploads\/2024\/03\/childcare-4-scaled.jpg","width":2560,"height":1280,"caption":"Kids bedroom - childcare in st.jean d'aulps"},{"@type":"BreadcrumbList","@id":"https:\/\/apartmentsroc.com\/en_gb\/childcare-in-st-jean-daulps\/#breadcrumb","itemListElement":[{"@type":"ListItem","position":1,"name":"Home","item":"https:\/\/apartmentsroc.com\/en_gb\/"},{"@type":"ListItem","position":2,"name":"Childcare In St.Jean d&#8217;Aulps"}]},{"@type":"WebSite","@id":"https:\/\/apartmentsroc.com\/en_gb\/#website","url":"https:\/\/apartmentsroc.com\/en_gb\/","name":"ApartmentsRoc","description":"Fantastic Self Catered Apartments in St.Jean d'Aulps","publisher":{"@id":"https:\/\/apartmentsroc.com\/en_gb\/#organization"},"potentialAction":[{"@type":"SearchAction","target":{"@type":"EntryPoint","urlTemplate":"https:\/\/apartmentsroc.com\/en_gb\/?s={search_term_string}"},"query-input":{"@type":"PropertyValueSpecification","valueRequired":true,"valueName":"search_term_string"}}],"inLanguage":"fr-FR"},{"@type":"Organization","@id":"https:\/\/apartmentsroc.com\/en_gb\/#organization","name":"ApartmentsRoc","url":"https:\/\/apartmentsroc.com\/en_gb\/","logo":{"@type":"ImageObject","inLanguage":"fr-FR","@id":"https:\/\/apartmentsroc.com\/en_gb\/#\/schema\/logo\/image\/","url":"httpss:\/\/apartmentsroc.com\/wp-content\/uploads\/2024\/03\/ApartmentsRoc-scaled.jpg","contentUrl":"httpss:\/\/apartmentsroc.com\/wp-content\/uploads\/2024\/03\/ApartmentsRoc-scaled.jpg","width":2560,"height":1280,"caption":"ApartmentsRoc"},"image":{"@id":"https:\/\/apartmentsroc.com\/en_gb\/#\/schema\/logo\/image\/"}}]}},"_links":{"self":[{"href":"https:\/\/apartmentsroc.com\/fr\/wp-json\/wp\/v2\/pages\/273","targetHints":{"allow":["GET"]}}],"collection":[{"href":"https:\/\/apartmentsroc.com\/fr\/wp-json\/wp\/v2\/pages"}],"about":[{"href":"https:\/\/apartmentsroc.com\/fr\/wp-json\/wp\/v2\/types\/page"}],"author":[{"embeddable":true,"href":"https:\/\/apartmentsroc.com\/fr\/wp-json\/wp\/v2\/users\/2"}],"replies":[{"embeddable":true,"href":"https:\/\/apartmentsroc.com\/fr\/wp-json\/wp\/v2\/comments?post=273"}],"version-history":[{"count":20,"href":"https:\/\/apartmentsroc.com\/fr\/wp-json\/wp\/v2\/pages\/273\/revisions"}],"predecessor-version":[{"id":2042,"href":"https:\/\/apartmentsroc.com\/fr\/wp-json\/wp\/v2\/pages\/273\/revisions\/2042"}],"wp:featuredmedia":[{"embeddable":true,"href":"https:\/\/apartmentsroc.com\/fr\/wp-json\/wp\/v2\/media\/799"}],"wp:attachment":[{"href":"https:\/\/apartmentsroc.com\/fr\/wp-json\/wp\/v2\/media?parent=273"}],"curies":[{"name":"wp","href":"https:\/\/api.w.org\/{rel}","templated":true}]}}