{"id":84,"date":"2024-03-05T10:04:50","date_gmt":"2024-03-05T10:04:50","guid":{"rendered":"http:\/\/apartmentsroc.com\/?page_id=84"},"modified":"2025-06-06T13:10:56","modified_gmt":"2025-06-06T13:10:56","slug":"the-roc-denfer-ski-area","status":"publish","type":"page","link":"https:\/\/apartmentsroc.com\/fr\/the-roc-denfer-ski-area\/","title":{"rendered":"The Roc d&#8217;Enfer Ski Area"},"content":{"rendered":"<div data-elementor-type=\"wp-page\" data-elementor-id=\"84\" class=\"elementor elementor-84\">\n\t\t\t\t<div class=\"elementor-element elementor-element-ecf551d e-flex e-con-boxed e-con e-parent\" data-id=\"ecf551d\" data-element_type=\"container\" data-e-type=\"container\">\n\t\t\t\t\t<div class=\"e-con-inner\">\n\t\t\t\t<div class=\"elementor-element elementor-element-86083d6 elementor-widget elementor-widget-heading\" data-id=\"86083d6\" data-element_type=\"widget\" data-e-type=\"widget\" data-widget_type=\"heading.default\">\n\t\t\t\t<div class=\"elementor-widget-container\">\n\t\t\t\t\t<h2 class=\"elementor-heading-title elementor-size-default\">Le Domaine Skiable du Roc d'Enfer<\/h2>\t\t\t\t<\/div>\n\t\t\t\t<\/div>\n\t\t\t\t<div class=\"elementor-element elementor-element-e302925 elementor-widget elementor-widget-text-editor\" data-id=\"e302925\" data-element_type=\"widget\" data-e-type=\"widget\" data-widget_type=\"text-editor.default\">\n\t\t\t\t<div class=\"elementor-widget-container\">\n\t\t\t\t\t\t\t\t\t<p>L\u2019area de Roc D\u2019Enfer surplombe le pittoresque village de montagne de St Jean d\u2019Aulps. C\u2019est le secret le mieux gard\u00e9 des Portes du Soleil et il surprend agr\u00e9ablement tout le monde. Voici ce que l\u2019on peut attendre de Roc D\u2019Enfer:<\/p>\t\t\t\t\t\t\t\t<\/div>\n\t\t\t\t<\/div>\n\t\t\t\t<div class=\"elementor-element elementor-element-6c6ec8c elementor-widget elementor-widget-heading\" data-id=\"6c6ec8c\" data-element_type=\"widget\" data-e-type=\"widget\" data-widget_type=\"heading.default\">\n\t\t\t\t<div class=\"elementor-widget-container\">\n\t\t\t\t\t<h3 class=\"elementor-heading-title elementor-size-default\">Id\u00e9al Pour Les D\u00e9butants:<\/h3>\t\t\t\t<\/div>\n\t\t\t\t<\/div>\n\t\t\t\t\t<\/div>\n\t\t\t\t<\/div>\n\t\t<div class=\"elementor-element elementor-element-42577198 e-flex e-con-boxed e-con e-parent\" data-id=\"42577198\" data-element_type=\"container\" data-e-type=\"container\">\n\t\t\t\t\t<div class=\"e-con-inner\">\n\t\t<div class=\"elementor-element elementor-element-7c2332e e-grid e-con-boxed e-con e-child\" data-id=\"7c2332e\" data-element_type=\"container\" data-e-type=\"container\">\n\t\t\t\t\t<div class=\"e-con-inner\">\n\t\t\t\t<div class=\"elementor-element elementor-element-c2cf283 elementor-widget elementor-widget-image\" data-id=\"c2cf283\" data-element_type=\"widget\" data-e-type=\"widget\" data-widget_type=\"image.default\">\n\t\t\t\t<div class=\"elementor-widget-container\">\n\t\t\t\t\t\t\t\t\t\t\t\t\t\t\t<img fetchpriority=\"high\" decoding=\"async\" width=\"500\" height=\"500\" src=\"https:\/\/apartmentsroc.com\/wp-content\/uploads\/2024\/03\/Roc-dEnfer-ski-area-for-beginners.jpg\" class=\"attachment-large size-large wp-image-351\" alt=\"Roc d&#039;Enfer beginner ski area\" srcset=\"https:\/\/apartmentsroc.com\/wp-content\/uploads\/2024\/03\/Roc-dEnfer-ski-area-for-beginners.jpg 500w, https:\/\/apartmentsroc.com\/wp-content\/uploads\/2024\/03\/Roc-dEnfer-ski-area-for-beginners-300x300.jpg 300w, https:\/\/apartmentsroc.com\/wp-content\/uploads\/2024\/03\/Roc-dEnfer-ski-area-for-beginners-150x150.jpg 150w, https:\/\/apartmentsroc.com\/wp-content\/uploads\/2024\/03\/Roc-dEnfer-ski-area-for-beginners-12x12.jpg 12w\" sizes=\"(max-width: 500px) 100vw, 500px\" \/>\t\t\t\t\t\t\t\t\t\t\t\t\t\t\t<\/div>\n\t\t\t\t<\/div>\n\t\t\t\t<div class=\"elementor-element elementor-element-cac6458 elementor-widget elementor-widget-text-editor\" data-id=\"cac6458\" data-element_type=\"widget\" data-e-type=\"widget\" data-widget_type=\"text-editor.default\">\n\t\t\t\t<div class=\"elementor-widget-container\">\n\t\t\t\t\t\t\t\t\t<p>Le domaine skiable du Roc D\u2019Enfer est id\u00e9al si vous apprenez \u00e0 skier ou \u00e0 faire du snowboard. La t\u00e9l\u00e9cabine de la Grande Terche vous emm\u00e8ne directement au pied de la zone d\u2019initiation, \u00e0 1500m. Vous y trouverez deux t\u00e9l\u00e9skis \u00e0 quelques pistes vertes faciles avec un d\u00e9nivel\u00e9 parfait pour apprendre \u00e0 faire vos premiers virages.<\/p>\n<p><!-- \/wp:paragraph --><!-- wp:paragraph --><\/p>\n<p>Une fois que vous vous sentirez plus confiant(e)s, prenez la remont\u00e9e m\u00e9canique pour d\u00e9couvrir une piste bleue facile ou une piste rouge un peu plus difficile. Enfin, pourquoi ne pas descendre la piste bleue de La Chanterelle jusqu\u2019au pied de la station de ski?<\/p>\n<p><br \/>Following the <a href=\"https:\/\/www.rocdenfer.com\/fr\/plan-ouverture-pistes.php\"><strong>piste map<\/strong><\/a> Pour ajouter, vous pouvez suivre le plan des pistes \u00e0 la Col de Graydon. Avec cette route, vous pouvez profiter d\u2019une longue piste bleue avec quelques variations int\u00e9ressantes. Vous avez \u00e9galement la possibilit\u00e9 d\u2019arriver au d\u00e9part du Tour de Roc D\u2019Enfer<\/p>\t\t\t\t\t\t\t\t<\/div>\n\t\t\t\t<\/div>\n\t\t\t\t\t<\/div>\n\t\t\t\t<\/div>\n\t\t\t\t<div class=\"elementor-element elementor-element-44963d8 elementor-widget elementor-widget-heading\" data-id=\"44963d8\" data-element_type=\"widget\" data-e-type=\"widget\" data-widget_type=\"heading.default\">\n\t\t\t\t<div class=\"elementor-widget-container\">\n\t\t\t\t\t<h3 class=\"elementor-heading-title elementor-size-default\">Faire le Tour<\/h3>\t\t\t\t<\/div>\n\t\t\t\t<\/div>\n\t\t<div class=\"elementor-element elementor-element-24e43f1 e-grid e-con-boxed e-con e-child\" data-id=\"24e43f1\" data-element_type=\"container\" data-e-type=\"container\">\n\t\t\t\t\t<div class=\"e-con-inner\">\n\t\t\t\t<div class=\"elementor-element elementor-element-9f7b73c elementor-widget elementor-widget-image\" data-id=\"9f7b73c\" data-element_type=\"widget\" data-e-type=\"widget\" data-widget_type=\"image.default\">\n\t\t\t\t<div class=\"elementor-widget-container\">\n\t\t\t\t\t\t\t\t\t\t\t\t\t\t\t<img decoding=\"async\" width=\"500\" height=\"500\" src=\"https:\/\/apartmentsroc.com\/wp-content\/uploads\/2024\/03\/Roc-dEnfer-ski-area-piste-map.jpg\" class=\"attachment-large size-large wp-image-353\" alt=\"Roc-dEnfer-ski-area-piste-map with blue skies\" srcset=\"https:\/\/apartmentsroc.com\/wp-content\/uploads\/2024\/03\/Roc-dEnfer-ski-area-piste-map.jpg 500w, https:\/\/apartmentsroc.com\/wp-content\/uploads\/2024\/03\/Roc-dEnfer-ski-area-piste-map-300x300.jpg 300w, https:\/\/apartmentsroc.com\/wp-content\/uploads\/2024\/03\/Roc-dEnfer-ski-area-piste-map-150x150.jpg 150w, https:\/\/apartmentsroc.com\/wp-content\/uploads\/2024\/03\/Roc-dEnfer-ski-area-piste-map-12x12.jpg 12w\" sizes=\"(max-width: 500px) 100vw, 500px\" \/>\t\t\t\t\t\t\t\t\t\t\t\t\t\t\t<\/div>\n\t\t\t\t<\/div>\n\t\t\t\t<div class=\"elementor-element elementor-element-abe7766 elementor-widget elementor-widget-text-editor\" data-id=\"abe7766\" data-element_type=\"widget\" data-e-type=\"widget\" data-widget_type=\"text-editor.default\">\n\t\t\t\t<div class=\"elementor-widget-container\">\n\t\t\t\t\t\t\t\t\t<p>Le Tour du Roc D\u2019Enfer est indispensable pour les skieurs et snowboarders comp\u00e9tents qui visitent St Jean D\u2019Aulps. Ce circuit relie l'ensemble du domaine skiable de Roc D\u2019Enfer, avec des pistes de ski magnifiques qui ne sont jamais occup\u00e9es; c\u2019est comme si vous aviez votre propre station de ski priv\u00e9e!\u00a0<\/p>\n<p><!-- \/wp:paragraph --><!-- wp:paragraph --><\/p>\n<p>En g\u00e9n\u00e9ral, les pistes du Tour du Roc D\u2019Enfer sont assez faciles, cependant il y a quelques pistes rouges qui peuvent \u00eatre glac\u00e9es. En plus, une fois que vous avez commenc\u00e9 le circuit, vous ne pouvez pas revenir en arri\u00e8re. Un skieur ou snowboarder interm\u00e9diaire peut le compl\u00e9ter en 2 heures environ.<\/p>\n<p><!-- \/wp:paragraph --><!-- wp:paragraph --><\/p>\n<p>The lifts around the circuit are all chairlifts except for two button lifts. The first one you see is a double lift called TK Des Follys. It&#8217;s pretty long but relatively easy to contend with. However, it&#8217;s worth noting that the severity of the button lift is unpredictable. Sometimes it pulls you away nice and softly, other times it will yank you off your feet, so be prepared!\u00a0<\/p>\n<p><!-- \/wp:paragraph --><!-- wp:paragraph --><\/p>\n<p>L\u2019un des avantages du Tour Du Roc D\u2019Enfer est qu\u2019il y a beaucoup d\u2019autres pistes \u00e0 appr\u00e9cier dans la r\u00e9gion. Vous pouvez \u00e9galement faire une pause dans l\u2019un des excellents restaurants pour le d\u00e9jeuner.<\/p>\t\t\t\t\t\t\t\t<\/div>\n\t\t\t\t<\/div>\n\t\t\t\t\t<\/div>\n\t\t\t\t<\/div>\n\t\t\t\t<div class=\"elementor-element elementor-element-3735c36 elementor-widget elementor-widget-video\" data-id=\"3735c36\" data-element_type=\"widget\" data-e-type=\"widget\" data-settings=\"{&quot;youtube_url&quot;:&quot;https:\\\/\\\/youtu.be\\\/OHcgYEemSA4?feature=shared&quot;,&quot;video_type&quot;:&quot;youtube&quot;,&quot;controls&quot;:&quot;yes&quot;}\" data-widget_type=\"video.default\">\n\t\t\t\t<div class=\"elementor-widget-container\">\n\t\t\t\t\t\t\t<div class=\"elementor-wrapper elementor-open-inline\">\n\t\t\t<div class=\"elementor-video\"><\/div>\t\t<\/div>\n\t\t\t\t\t\t<\/div>\n\t\t\t\t<\/div>\n\t\t\t\t<div class=\"elementor-element elementor-element-0504719 elementor-widget elementor-widget-heading\" data-id=\"0504719\" data-element_type=\"widget\" data-e-type=\"widget\" data-widget_type=\"heading.default\">\n\t\t\t\t<div class=\"elementor-widget-container\">\n\t\t\t\t\t<h3 class=\"elementor-heading-title elementor-size-default\">Roc d'Enfer For Advanced Skiers And Snowboarders<\/h3>\t\t\t\t<\/div>\n\t\t\t\t<\/div>\n\t\t<div class=\"elementor-element elementor-element-4f43e9b e-grid e-con-boxed e-con e-child\" data-id=\"4f43e9b\" data-element_type=\"container\" data-e-type=\"container\">\n\t\t\t\t\t<div class=\"e-con-inner\">\n\t\t\t\t<div class=\"elementor-element elementor-element-e7a3380 elementor-widget elementor-widget-image\" data-id=\"e7a3380\" data-element_type=\"widget\" data-e-type=\"widget\" data-widget_type=\"image.default\">\n\t\t\t\t<div class=\"elementor-widget-container\">\n\t\t\t\t\t\t\t\t\t\t\t\t\t\t\t<img decoding=\"async\" width=\"500\" height=\"500\" src=\"https:\/\/apartmentsroc.com\/wp-content\/uploads\/2024\/03\/Roc-dEnfer-ski-area-snowboards.jpg\" class=\"attachment-large size-large wp-image-355\" alt=\"Roc-dEnfer-ski-area-snowboards stuck in snow\" srcset=\"https:\/\/apartmentsroc.com\/wp-content\/uploads\/2024\/03\/Roc-dEnfer-ski-area-snowboards.jpg 500w, https:\/\/apartmentsroc.com\/wp-content\/uploads\/2024\/03\/Roc-dEnfer-ski-area-snowboards-300x300.jpg 300w, https:\/\/apartmentsroc.com\/wp-content\/uploads\/2024\/03\/Roc-dEnfer-ski-area-snowboards-150x150.jpg 150w, https:\/\/apartmentsroc.com\/wp-content\/uploads\/2024\/03\/Roc-dEnfer-ski-area-snowboards-12x12.jpg 12w\" sizes=\"(max-width: 500px) 100vw, 500px\" \/>\t\t\t\t\t\t\t\t\t\t\t\t\t\t\t<\/div>\n\t\t\t\t<\/div>\n\t\t\t\t<div class=\"elementor-element elementor-element-6b145f9 elementor-widget elementor-widget-text-editor\" data-id=\"6b145f9\" data-element_type=\"widget\" data-e-type=\"widget\" data-widget_type=\"text-editor.default\">\n\t\t\t\t<div class=\"elementor-widget-container\">\n\t\t\t\t\t\t\t\t\t<p>Le plan des pistes souligne qu\u2019il y a seulement une piste noire au Roc D\u2019Enfer, ce qui fait partie du Tour Du Roc D\u2019Enfer. C\u2019est un tron\u00e7on hors piste qui traverse la for\u00eat et termine sur une piste rouge. La section est assez courte, mais amusante, surtout par jour de poudreuse. Il est facile de passer \u00e0 c\u00f4t\u00e9 et de rater, il faut donc faire attention!<\/p>\n<p><!-- \/wp:paragraph --><!-- wp:paragraph --><\/p>\n<p>Le Tour du Roc d'Enfer est divertissant pour tous. Mais les Skieurs et Snowboarders plus avanc\u00e9s peuvent prendre des raccourcis \u00e0 travers les for\u00eats<\/p>\n<p><!-- \/wp:paragraph --><!-- wp:paragraph --><\/p>\n<p>Il y a une quantit\u00e9 surprenante de terrains hors - piste en Roc d\u2019Enfer. Cependant, la majorit\u00e9 des pistes sont raides et les avalanches sont communes. Comme cons\u00e9quence, nous recommandons d\u2019engager un guide local pour vous emmener en hors piste en toute s\u00e9curit\u00e9. S\u2019il vous pla\u00eet, n\u2019explorez pas par vous - m\u00eame, il est tr\u00e8s facile de s\u2019attirer des ennuis!<\/p>\t\t\t\t\t\t\t\t<\/div>\n\t\t\t\t<\/div>\n\t\t\t\t\t<\/div>\n\t\t\t\t<\/div>\n\t\t\t\t\t<\/div>\n\t\t\t\t<\/div>\n\t\t\t\t<\/div>","protected":false},"excerpt":{"rendered":"<p>About The Roc d\u2019Enfer Ski Area The Roc D&#8217;Enfer ski area overlooks the quaint mountain village of St. Jean d&#8217;Aulps. [&hellip;]<\/p>\n","protected":false},"author":2,"featured_media":466,"parent":0,"menu_order":0,"comment_status":"closed","ping_status":"closed","template":"","meta":{"site-sidebar-layout":"default","site-content-layout":"","ast-site-content-layout":"default","site-content-style":"default","site-sidebar-style":"default","ast-global-header-display":"","ast-banner-title-visibility":"","ast-main-header-display":"","ast-hfb-above-header-display":"","ast-hfb-below-header-display":"","ast-hfb-mobile-header-display":"","site-post-title":"","ast-breadcrumbs-content":"","ast-featured-img":"","footer-sml-layout":"","ast-disable-related-posts":"","theme-transparent-header-meta":"","adv-header-id-meta":"","stick-header-meta":"","header-above-stick-meta":"","header-main-stick-meta":"","header-below-stick-meta":"","astra-migrate-meta-layouts":"default","ast-page-background-enabled":"default","ast-page-background-meta":{"desktop":{"background-color":"var(--ast-global-color-4)","background-image":"","background-repeat":"repeat","background-position":"center center","background-size":"auto","background-attachment":"scroll","background-type":"","background-media":"","overlay-type":"","overlay-color":"","overlay-opacity":"","overlay-gradient":""},"tablet":{"background-color":"","background-image":"","background-repeat":"repeat","background-position":"center center","background-size":"auto","background-attachment":"scroll","background-type":"","background-media":"","overlay-type":"","overlay-color":"","overlay-opacity":"","overlay-gradient":""},"mobile":{"background-color":"","background-image":"","background-repeat":"repeat","background-position":"center center","background-size":"auto","background-attachment":"scroll","background-type":"","background-media":"","overlay-type":"","overlay-color":"","overlay-opacity":"","overlay-gradient":""}},"ast-content-background-meta":{"desktop":{"background-color":"var(--ast-global-color-5)","background-image":"","background-repeat":"repeat","background-position":"center center","background-size":"auto","background-attachment":"scroll","background-type":"","background-media":"","overlay-type":"","overlay-color":"","overlay-opacity":"","overlay-gradient":""},"tablet":{"background-color":"var(--ast-global-color-5)","background-image":"","background-repeat":"repeat","background-position":"center center","background-size":"auto","background-attachment":"scroll","background-type":"","background-media":"","overlay-type":"","overlay-color":"","overlay-opacity":"","overlay-gradient":""},"mobile":{"background-color":"var(--ast-global-color-5)","background-image":"","background-repeat":"repeat","background-position":"center center","background-size":"auto","background-attachment":"scroll","background-type":"","background-media":"","overlay-type":"","overlay-color":"","overlay-opacity":"","overlay-gradient":""}},"footnotes":""},"class_list":["post-84","page","type-page","status-publish","has-post-thumbnail","hentry"],"yoast_head":"<!-- This site is optimized with the Yoast SEO plugin v27.4 - https:\/\/yoast.com\/product\/yoast-seo-wordpress\/ -->\n<title>The Roc d&#039;Enfer Ski Area -<\/title>\n<meta name=\"description\" content=\"All about the Roc d&#039;Enfer Ski Area. We describe what its like for different abilities so you can make the most of the Roc d&#039;Enfer Ski Area\" \/>\n<meta name=\"robots\" content=\"index, follow, max-snippet:-1, max-image-preview:large, max-video-preview:-1\" \/>\n<link rel=\"canonical\" href=\"https:\/\/apartmentsroc.com\/fr\/the-roc-denfer-ski-area\/\" \/>\n<meta property=\"og:locale\" content=\"fr_FR\" \/>\n<meta property=\"og:type\" content=\"article\" \/>\n<meta property=\"og:title\" content=\"The Roc d&#039;Enfer Ski Area -\" \/>\n<meta property=\"og:description\" content=\"All about the Roc d&#039;Enfer Ski Area. We describe what its like for different abilities so you can make the most of the Roc d&#039;Enfer Ski Area\" \/>\n<meta property=\"og:url\" content=\"https:\/\/apartmentsroc.com\/fr\/the-roc-denfer-ski-area\/\" \/>\n<meta property=\"article:modified_time\" content=\"2025-06-06T13:10:56+00:00\" \/>\n<meta property=\"og:image\" content=\"https:\/\/apartmentsroc.com\/wp-content\/uploads\/2024\/03\/Roc-dEnfer-ski-area-2-1-scaled.jpg\" \/>\n\t<meta property=\"og:image:width\" content=\"2560\" \/>\n\t<meta property=\"og:image:height\" content=\"1280\" \/>\n\t<meta property=\"og:image:type\" content=\"image\/jpeg\" \/>\n<meta name=\"twitter:card\" content=\"summary_large_image\" \/>\n<meta name=\"twitter:label1\" content=\"Dur\u00e9e de lecture estim\u00e9e\" \/>\n\t<meta name=\"twitter:data1\" content=\"4 minutes\" \/>\n<script type=\"application\/ld+json\" class=\"yoast-schema-graph\">{\"@context\":\"https:\\\/\\\/schema.org\",\"@graph\":[{\"@type\":\"WebPage\",\"@id\":\"https:\\\/\\\/apartmentsroc.com\\\/en_gb\\\/the-roc-denfer-ski-area\\\/\",\"url\":\"https:\\\/\\\/apartmentsroc.com\\\/en_gb\\\/the-roc-denfer-ski-area\\\/\",\"name\":\"The Roc d'Enfer Ski Area -\",\"isPartOf\":{\"@id\":\"https:\\\/\\\/apartmentsroc.com\\\/en_gb\\\/#website\"},\"primaryImageOfPage\":{\"@id\":\"https:\\\/\\\/apartmentsroc.com\\\/en_gb\\\/the-roc-denfer-ski-area\\\/#primaryimage\"},\"image\":{\"@id\":\"https:\\\/\\\/apartmentsroc.com\\\/en_gb\\\/the-roc-denfer-ski-area\\\/#primaryimage\"},\"thumbnailUrl\":\"https:\\\/\\\/apartmentsroc.com\\\/wp-content\\\/uploads\\\/2024\\\/03\\\/Roc-dEnfer-ski-area-2-1-scaled.jpg\",\"datePublished\":\"2024-03-05T10:04:50+00:00\",\"dateModified\":\"2025-06-06T13:10:56+00:00\",\"description\":\"All about the Roc d'Enfer Ski Area. We describe what its like for different abilities so you can make the most of the Roc d'Enfer Ski Area\",\"breadcrumb\":{\"@id\":\"https:\\\/\\\/apartmentsroc.com\\\/en_gb\\\/the-roc-denfer-ski-area\\\/#breadcrumb\"},\"inLanguage\":\"fr-FR\",\"potentialAction\":[{\"@type\":\"ReadAction\",\"target\":[\"https:\\\/\\\/apartmentsroc.com\\\/en_gb\\\/the-roc-denfer-ski-area\\\/\"]}]},{\"@type\":\"ImageObject\",\"inLanguage\":\"fr-FR\",\"@id\":\"https:\\\/\\\/apartmentsroc.com\\\/en_gb\\\/the-roc-denfer-ski-area\\\/#primaryimage\",\"url\":\"https:\\\/\\\/apartmentsroc.com\\\/wp-content\\\/uploads\\\/2024\\\/03\\\/Roc-dEnfer-ski-area-2-1-scaled.jpg\",\"contentUrl\":\"https:\\\/\\\/apartmentsroc.com\\\/wp-content\\\/uploads\\\/2024\\\/03\\\/Roc-dEnfer-ski-area-2-1-scaled.jpg\",\"width\":2560,\"height\":1280,\"caption\":\"Roc d'Enfer ski area - skier in powder\"},{\"@type\":\"BreadcrumbList\",\"@id\":\"https:\\\/\\\/apartmentsroc.com\\\/en_gb\\\/the-roc-denfer-ski-area\\\/#breadcrumb\",\"itemListElement\":[{\"@type\":\"ListItem\",\"position\":1,\"name\":\"Home\",\"item\":\"https:\\\/\\\/apartmentsroc.com\\\/en_gb\\\/\"},{\"@type\":\"ListItem\",\"position\":2,\"name\":\"The Roc d&#8217;Enfer Ski Area\"}]},{\"@type\":\"WebSite\",\"@id\":\"https:\\\/\\\/apartmentsroc.com\\\/en_gb\\\/#website\",\"url\":\"https:\\\/\\\/apartmentsroc.com\\\/en_gb\\\/\",\"name\":\"ApartmentsRoc\",\"description\":\"Fantastic Self Catered Apartments in St.Jean d'Aulps\",\"publisher\":{\"@id\":\"https:\\\/\\\/apartmentsroc.com\\\/en_gb\\\/#organization\"},\"potentialAction\":[{\"@type\":\"SearchAction\",\"target\":{\"@type\":\"EntryPoint\",\"urlTemplate\":\"https:\\\/\\\/apartmentsroc.com\\\/en_gb\\\/?s={search_term_string}\"},\"query-input\":{\"@type\":\"PropertyValueSpecification\",\"valueRequired\":true,\"valueName\":\"search_term_string\"}}],\"inLanguage\":\"fr-FR\"},{\"@type\":\"Organization\",\"@id\":\"https:\\\/\\\/apartmentsroc.com\\\/en_gb\\\/#organization\",\"name\":\"ApartmentsRoc\",\"url\":\"https:\\\/\\\/apartmentsroc.com\\\/en_gb\\\/\",\"logo\":{\"@type\":\"ImageObject\",\"inLanguage\":\"fr-FR\",\"@id\":\"https:\\\/\\\/apartmentsroc.com\\\/en_gb\\\/#\\\/schema\\\/logo\\\/image\\\/\",\"url\":\"httpss:\\\/\\\/apartmentsroc.com\\\/wp-content\\\/uploads\\\/2024\\\/03\\\/ApartmentsRoc-scaled.jpg\",\"contentUrl\":\"httpss:\\\/\\\/apartmentsroc.com\\\/wp-content\\\/uploads\\\/2024\\\/03\\\/ApartmentsRoc-scaled.jpg\",\"width\":2560,\"height\":1280,\"caption\":\"ApartmentsRoc\"},\"image\":{\"@id\":\"https:\\\/\\\/apartmentsroc.com\\\/en_gb\\\/#\\\/schema\\\/logo\\\/image\\\/\"}}]}<\/script>\n<!-- \/ Yoast SEO plugin. -->","yoast_head_json":{"title":"The Roc d'Enfer Ski Area -","description":"All about the Roc d'Enfer Ski Area. We describe what its like for different abilities so you can make the most of the Roc d'Enfer Ski Area","robots":{"index":"index","follow":"follow","max-snippet":"max-snippet:-1","max-image-preview":"max-image-preview:large","max-video-preview":"max-video-preview:-1"},"canonical":"https:\/\/apartmentsroc.com\/fr\/the-roc-denfer-ski-area\/","og_locale":"fr_FR","og_type":"article","og_title":"The Roc d'Enfer Ski Area -","og_description":"All about the Roc d'Enfer Ski Area. We describe what its like for different abilities so you can make the most of the Roc d'Enfer Ski Area","og_url":"https:\/\/apartmentsroc.com\/fr\/the-roc-denfer-ski-area\/","article_modified_time":"2025-06-06T13:10:56+00:00","og_image":[{"width":2560,"height":1280,"url":"https:\/\/apartmentsroc.com\/wp-content\/uploads\/2024\/03\/Roc-dEnfer-ski-area-2-1-scaled.jpg","type":"image\/jpeg"}],"twitter_card":"summary_large_image","twitter_misc":{"Dur\u00e9e de lecture estim\u00e9e":"4 minutes"},"schema":{"@context":"https:\/\/schema.org","@graph":[{"@type":"WebPage","@id":"https:\/\/apartmentsroc.com\/en_gb\/the-roc-denfer-ski-area\/","url":"https:\/\/apartmentsroc.com\/en_gb\/the-roc-denfer-ski-area\/","name":"The Roc d'Enfer Ski Area -","isPartOf":{"@id":"https:\/\/apartmentsroc.com\/en_gb\/#website"},"primaryImageOfPage":{"@id":"https:\/\/apartmentsroc.com\/en_gb\/the-roc-denfer-ski-area\/#primaryimage"},"image":{"@id":"https:\/\/apartmentsroc.com\/en_gb\/the-roc-denfer-ski-area\/#primaryimage"},"thumbnailUrl":"https:\/\/apartmentsroc.com\/wp-content\/uploads\/2024\/03\/Roc-dEnfer-ski-area-2-1-scaled.jpg","datePublished":"2024-03-05T10:04:50+00:00","dateModified":"2025-06-06T13:10:56+00:00","description":"All about the Roc d'Enfer Ski Area. We describe what its like for different abilities so you can make the most of the Roc d'Enfer Ski Area","breadcrumb":{"@id":"https:\/\/apartmentsroc.com\/en_gb\/the-roc-denfer-ski-area\/#breadcrumb"},"inLanguage":"fr-FR","potentialAction":[{"@type":"ReadAction","target":["https:\/\/apartmentsroc.com\/en_gb\/the-roc-denfer-ski-area\/"]}]},{"@type":"ImageObject","inLanguage":"fr-FR","@id":"https:\/\/apartmentsroc.com\/en_gb\/the-roc-denfer-ski-area\/#primaryimage","url":"https:\/\/apartmentsroc.com\/wp-content\/uploads\/2024\/03\/Roc-dEnfer-ski-area-2-1-scaled.jpg","contentUrl":"https:\/\/apartmentsroc.com\/wp-content\/uploads\/2024\/03\/Roc-dEnfer-ski-area-2-1-scaled.jpg","width":2560,"height":1280,"caption":"Roc d'Enfer ski area - skier in powder"},{"@type":"BreadcrumbList","@id":"https:\/\/apartmentsroc.com\/en_gb\/the-roc-denfer-ski-area\/#breadcrumb","itemListElement":[{"@type":"ListItem","position":1,"name":"Home","item":"https:\/\/apartmentsroc.com\/en_gb\/"},{"@type":"ListItem","position":2,"name":"The Roc d&#8217;Enfer Ski Area"}]},{"@type":"WebSite","@id":"https:\/\/apartmentsroc.com\/en_gb\/#website","url":"https:\/\/apartmentsroc.com\/en_gb\/","name":"ApartmentsRoc","description":"Fantastic Self Catered Apartments in St.Jean d'Aulps","publisher":{"@id":"https:\/\/apartmentsroc.com\/en_gb\/#organization"},"potentialAction":[{"@type":"SearchAction","target":{"@type":"EntryPoint","urlTemplate":"https:\/\/apartmentsroc.com\/en_gb\/?s={search_term_string}"},"query-input":{"@type":"PropertyValueSpecification","valueRequired":true,"valueName":"search_term_string"}}],"inLanguage":"fr-FR"},{"@type":"Organization","@id":"https:\/\/apartmentsroc.com\/en_gb\/#organization","name":"ApartmentsRoc","url":"https:\/\/apartmentsroc.com\/en_gb\/","logo":{"@type":"ImageObject","inLanguage":"fr-FR","@id":"https:\/\/apartmentsroc.com\/en_gb\/#\/schema\/logo\/image\/","url":"httpss:\/\/apartmentsroc.com\/wp-content\/uploads\/2024\/03\/ApartmentsRoc-scaled.jpg","contentUrl":"httpss:\/\/apartmentsroc.com\/wp-content\/uploads\/2024\/03\/ApartmentsRoc-scaled.jpg","width":2560,"height":1280,"caption":"ApartmentsRoc"},"image":{"@id":"https:\/\/apartmentsroc.com\/en_gb\/#\/schema\/logo\/image\/"}}]}},"_links":{"self":[{"href":"https:\/\/apartmentsroc.com\/fr\/wp-json\/wp\/v2\/pages\/84","targetHints":{"allow":["GET"]}}],"collection":[{"href":"https:\/\/apartmentsroc.com\/fr\/wp-json\/wp\/v2\/pages"}],"about":[{"href":"https:\/\/apartmentsroc.com\/fr\/wp-json\/wp\/v2\/types\/page"}],"author":[{"embeddable":true,"href":"https:\/\/apartmentsroc.com\/fr\/wp-json\/wp\/v2\/users\/2"}],"replies":[{"embeddable":true,"href":"https:\/\/apartmentsroc.com\/fr\/wp-json\/wp\/v2\/comments?post=84"}],"version-history":[{"count":26,"href":"https:\/\/apartmentsroc.com\/fr\/wp-json\/wp\/v2\/pages\/84\/revisions"}],"predecessor-version":[{"id":2260,"href":"https:\/\/apartmentsroc.com\/fr\/wp-json\/wp\/v2\/pages\/84\/revisions\/2260"}],"wp:featuredmedia":[{"embeddable":true,"href":"https:\/\/apartmentsroc.com\/fr\/wp-json\/wp\/v2\/media\/466"}],"wp:attachment":[{"href":"https:\/\/apartmentsroc.com\/fr\/wp-json\/wp\/v2\/media?parent=84"}],"curies":[{"name":"wp","href":"https:\/\/api.w.org\/{rel}","templated":true}]}}